{"id":10938,"date":"2018-03-22T19:36:16","date_gmt":"2018-03-22T18:36:16","guid":{"rendered":"https:\/\/www.studiogiochi.com\/activities\/championships\/parole-1985\/"},"modified":"2018-05-07T15:06:37","modified_gmt":"2018-05-07T13:06:37","slug":"word-games-1985","status":"publish","type":"page","link":"https:\/\/studiogiochi.com\/en\/championships\/word-games-1985\/","title":{"rendered":"Word Games 1985"},"content":{"rendered":"<div class=\"wpb-content-wrapper\">[vc_row][vc_column width=&#8221;1\/4&#8243; el_class=&#8221;download&#8221;][vc_single_image image=&#8221;3341&#8243; img_size=&#8221;full&#8221;][\/vc_column][vc_column width=&#8221;3\/4&#8243;][vc_tta_tabs][vc_tta_section title=&#8221;WORD GAMES 1985&#8243; tab_id=&#8221;1519741730537-8382a3e8-a97d295e-8f65&#8243;][vc_row_inner][vc_column_inner el_class=&#8221;download&#8221;][vc_single_image image=&#8221;10912&#8243; img_size=&#8221;full&#8221; alignment=&#8221;center&#8221;][vc_column_text]\n<h6 class=\"download-title\">Download<\/h6>\n<ul>\n<li><a href=\"https:\/\/studiogiochi.com\/files\/studiogiochi.com\/2018\/03\/Depliant.pdf\" target=\"_blank\" rel=\"noopener\">Depliant<\/a><\/li>\n<li><a href=\"https:\/\/studiogiochi.com\/files\/studiogiochi.com\/2018\/03\/Manifesto.pdf\" target=\"_blank\" rel=\"noopener\">Poster<\/a><\/li>\n<li><a href=\"https:\/\/studiogiochi.com\/files\/studiogiochi.com\/2018\/03\/3-pagine-DOMENICA-QUIZ.pdf\" target=\"_blank\" rel=\"noopener\">Domenica Quiz<\/a><\/li>\n<\/ul>\n[\/vc_column_text][vc_empty_space][vc_column_text]\n<h2 style=\"text-align: center;\"><strong>1985<\/strong><\/h2>\n[\/vc_column_text][vc_single_image image=&#8221;10914&#8243; img_size=&#8221;full&#8221; alignment=&#8221;center&#8221;][vc_column_text]\n<p style=\"text-align: justify;\">On board and on paper: the common denominator is &#8220;wordgames&#8221;.<\/p>\n<p style=\"text-align: justify;\">On one side Editrice Giochi, important italian company of the games area, holder of popluar italian wordgames brands like &#8220;Paroliere&#8221; and &#8220;Scarabeo&#8221;.<br \/>\nOn the other side Domenica Quiz, the weekly puzzles magazine, since always addressed to demanding solvers and experts.<\/p>\n<p style=\"text-align: justify;\">From this unusual &#8211; but logical &#8211; union, in 1985 derived this original championship &#8211; created by studiogiochi and directed by Dario De Toffoli together with Dario Zaccariotto and Francesco Valente &#8211; who gathered together the best crossword puzzles solvers and\u00a0 the best boardgames experts. Besides discovering that the two categories somehow coincide.<\/p>\n<p style=\"text-align: justify;\">And look who has become champion of the championship, the very same Luciano Bassetti who in 1981 won the Italian Scarabeo Champioship, in the memorable final in Milan.<\/p>\n<p style=\"text-align: justify;\">And it was not easy for him. The selections on the magazine Domenica Quiz went on for 16 weeks and the 12 finalists played one against the other during Novemer in Milan, with very difficult challenges.<\/p>\n<p style=\"text-align: justify;\">On the top left of the page you may download the Poster, Depliant and the first three numbers of Domenica Quiz with the selections.<\/p>\n[\/vc_column_text][vc_single_image image=&#8221;10914&#8243; img_size=&#8221;full&#8221; alignment=&#8221;center&#8221;][\/vc_column_inner][\/vc_row_inner][\/vc_tta_section][vc_tta_section title=&#8221;PROGRAM&#8221; tab_id=&#8221;1519756399042-193a4d5b-4059295e-8f65&#8243;][vc_row_inner][vc_column_inner][vc_single_image image=&#8221;10912&#8243; img_size=&#8221;full&#8221; alignment=&#8221;center&#8221;][vc_column_text]\n<h2 style=\"text-align: center;\"><strong>PROGRAM<\/strong><\/h2>\n[\/vc_column_text][vc_column_text]<span style=\"color: #cc0000;\"><strong>This page is only\u00a0<\/strong><strong>available\u00a0<\/strong><strong>in Italian<\/strong><\/span><\/p>\n<p><strong>1\u00b0 GIORNO<\/strong><br \/>\n14:30 Incontro con i partecipanti<br \/>\n15:00 Gara di PAROLE INCODROCIATE<br \/>\n16:00 Torneo di SCARABEO<br \/>\n19:00 Aggiornamento della classifica<br \/>\n20:00 Cena<\/p>\n<p><strong>2\u00b0 GIORNO<\/strong><br \/>\n09:00 Partita di IAGO<br \/>\n10:00 Torneo de IL PAROLIERE<br \/>\n12:45 Aggiornamento della classifica e definizione delle finali<br \/>\n13:00 Pranzo<br \/>\n15:00 Finali 1\u00b0 &#8211; 2\u00b0 e 3\u00b0 &#8211; 4\u00b0 posto: SCARABEO a 2 con Handicap<br \/>\n16:30 Premiazioni[\/vc_column_text][\/vc_column_inner][\/vc_row_inner][\/vc_tta_section][vc_tta_section title=&#8221;RULES&#8221; tab_id=&#8221;1520708177898-9550bb09-3e71&#8243;][vc_row_inner][vc_column_inner][vc_single_image image=&#8221;10912&#8243; img_size=&#8221;full&#8221; alignment=&#8221;center&#8221; onclick=&#8221;custom_link&#8221; link=&#8221;https:\/\/studiogiochi.com\/files\/studiogiochi.com\/2018\/03\/Scrabble-2Campionato-Brochure.pdf&#8221;][vc_column_text]\n<h2 style=\"text-align: center;\"><strong>RULES<\/strong><\/h2>\n[\/vc_column_text][vc_column_text]<span style=\"color: #cc0000;\"><strong>This page is only\u00a0<\/strong><strong>available\u00a0<\/strong><strong>in Italian<\/strong><\/span><\/p>\n<p style=\"text-align: justify;\"><strong>PAROLE INCROCIATE<\/strong><br \/>\nLa gara si svolge in 2 manche, in ognuna delle quali i concorrenti risolvono un cruciverba inedito a schema libero.<br \/>\nTempo massimo a disposizione per ciascuna manche: 20 minuti.<br \/>\nPer ogni manche vengono assegnati i seguenti punteggi:<br \/>\n<strong>-1<\/strong>\u00a0per ogni casella non compilata<br \/>\n<strong>-2<\/strong>\u00a0per ogni casella compilata in modo errato<br \/>\n<strong>+1<\/strong>\u00a0per ogni minuto o frazione di minuto guadagnato rispetto al tempo massimo.<br \/>\nSe si consegna prima del tempo massimo, il cruciverba deve essere completato in tutte le sue caselle, in caso contrario le caselle omesse vengono considerate errate e segnano -2. Il tempo viene preso al momento della consegna dell&#8217;elaborato alla giuria. Si precisa che chi consegna negli ultimi 30 secondi utili, non segna alcun punteggio positivo ed \u00e8 considerato in tempo massimo.<br \/>\n<strong>Es. n. 1<\/strong>: cruciverba completo e senza errori consegnato dopo 18&#8217;40&#8221;= +2<br \/>\n<strong>Es. n. 2<\/strong>: cruciverba completo ma con 2 errori consegnato dopo 19&#8217;15&#8221;= -3<br \/>\n<strong>Es. n. 3<\/strong>: cruciverba completo ma con 2 errori consegnato dopo 19&#8217;45&#8221;= -4<br \/>\n<strong>Es. n. 4<\/strong>: cruciverba con 1 errore e 3 caselle bianche in tempo massimo= -5<br \/>\nPer ottenere la classifica generale si sommano algebricamente i punti ottenuti nelle 2 manche.<\/p>\n<p style=\"text-align: justify;\"><strong>IL PAROLIERE<\/strong><br \/>\nValgono le regole riportate nelle istruzioni allegate ad ogni confezione, con le seguenti modifiche, precisazioni e aggiunte:<br \/>\n\u2022 sono ammesse tutte le parole dotate di autonomo significato rep\u00e8eribili nel dizionario ufficiale (in qualsiasi loro forma) con le sole seguenti esclusioni:<br \/>\n&#8211; i verbi valgono solo all&#8217;infinito<br \/>\n&#8211; non sono ammesse parole tronche<br \/>\n&#8211; non sono ammessi termini composti da 2 o pi\u00f9 parti staccate (anche se unite da un trattino o apostrofo) o parti di tali termini<br \/>\n\u2022 ogni parola reperita deve essere scritta in forma completa, in stampatello e in modo leggibile (inequivocabilmente) negli appositi spazi dei fogli di gara, pena l&#8217;esclusione della parola stessa;<br \/>\n\u2022 la lunghezza minima delle parole accettabili \u00e8 di 5 lettere;<br \/>\n\u2022 i punteggi, a partire dalle parole di 5 lettere, sono quelli delle istruzioni;<br \/>\n\u2022 i concorrenti possono scrivere fino a un massimo di 3 parole tra parentesi, riservandosi cos\u00ec il diritto di dichiararle o meno al proprio turno (tutte le parole scritte senza parentesi devono essere dichiarate); \u00e8 fatto comunque obbligo di rispondere se queste parole sono dichiarate da altri conorrenti prima del proprio turno;<br \/>\n\u2022 \u00e8 data facolt\u00e0 di dubitare le parole dichiarate dagli avversari e le contestazioni sono risolte alla fine della fase dichiarativa; quelle che risultano errate pagano (segnano cio\u00e8 punti negativi) la met\u00e0 (o la met\u00e0 meno un mezzo) del loro valore;<br \/>\n\u2022 i participi passati non sono accettati in quanto tali, ma non pagano la penale se composti dai giocatori.<\/p>\n<p style=\"text-align: justify;\"><strong>IAGO<\/strong><br \/>\nvalgono le regole riportate nelle istruzioni allegate ad ogni confezione, con le seguenti modifiche, precisazioni e aggiunte:<br \/>\n\u2022 per quanto riguarda i vocaboli ammessi e non, valgono le stesse regole adottate in questo torneo per le partite di Scarabeo, con la sola eccezione che non sono ammesse sigle, simboli e abbreviazioni, neanche quelle riportate nell&#8217;APPENDICE NEW;<br \/>\n\u2022 fondamentale \u00e8 il fatto che le lettere sostituite vanno poste in fianco al tavoliere e possono essere usate in altre parti del tavoliere da parte di entrambi i giocatori; questo &#8220;riuso&#8221; pu\u00f2 iniziare subito dopo che \u00e8 terminato il &#8220;movimento&#8221; (o parte di mossa) in cui la lettera stessa \u00e8 stata sostituita.<br \/>\nPer es. dopo aver rubato RATA trasformandola in RANA per sostituzione della T con la N, \u00e8 poi possibile riutilizzare, come pi\u00f9 si ritiene opportuno la T;<br \/>\n\u2022 le sostituzioni possono avvenire in qualsiasi parte della parola da rubare e se vengono sostituite pi\u00f9 lettere, queste non necessariamente devono essere continue;<br \/>\n\u2022 una parola, per essere rubata (sia per aggiunta che per sostituzione) , deve almeno avere una lettera del colore avversario; non \u00e8 dunque ammesso &#8220;rubare&#8221; parole gi\u00e0 in proprio possesso;<br \/>\n\u2022 non \u00e8 ammesso, per rubare una parola, aggiungere e sostituire contemporaneamente lettere;<br \/>\n\u2022 nella composizione di nuove parole gli incroci possono essere del proprio colore, ma deve trattarsi di lettere singole, altrimenti sarebbe un allungamento; qualora le lettere degli incroci non siano del proprio colore, lo diventano dopo la composizione;<br \/>\n\u2022 per un razionale utilizzo del tempo a disposizione il meccanismo contatempo a clessidra \u00e8 abolito e sostituito dal seguente: ad ogni giocatore vengono concessi 25 minuti complessivi che pu\u00f2 gestire come meglio crede;<br \/>\n\u2022 un giocatore vince quando ha il comando allo scadere del tempo dell&#8217;avversario; se il tempo di un giocatore scade quando questi ha il comando, al suo avversario \u00e8 concesso ancora tutto il tempo che gli rimane per effettuare un&#8217;altra mossa per riprendere il comando e quindi vincere la partita; per il computo del tempo si usano orologi doppi da scacchi;<br \/>\n\u2022 si consigliano vivamente i concorrenti di scrivere tuttw le parole che vengono via via generate per sostituzione di una o pi\u00f9 lettere in un adata posizione del tavoliere: non possono infatti essere presi in considerazione reclami per ripetizioni di parole se queste non sono state scritte.<\/p>\n<p style=\"text-align: justify;\"><strong>SCARABEO A 4<\/strong><br \/>\nVale il regolamento riportato nel &#8220;libretto rosso&#8221; (36 articoli e un&#8217;appendice) allegato ad ogni confezione di SCARABEO, salvo le seguenti modifiche, aggiunte e precisazioni:<br \/>\n\u2022 gli articoli dal n. 6 al n. 14 sono eliminati e sostituiti dalle seguenti norme:<br \/>\nsono ammesse tutte le parole (in tutte le loro forme) rinvenibili nel dizionario ufficiale con l&#8217;esclusione di:<br \/>\n&#8211; parole tronche;<br \/>\n&#8211; termini composti di 2 o pi\u00f9 parti staccate (anche se unite da trattino o apostrofo) o parti di tali termini;<br \/>\n&#8211; diminutivi, accrescitivi, peggiorativi, vezzeggiativi ecc., che non abbiano un altro significato proprio;<br \/>\nsono inoltre ammesse le sole sigle, simboli e abbreviazioni riportate in APPENDICE NEW.<br \/>\nSi precisa che sono ammesse tutte le forme verbali, mentre l&#8217;aggiunta di un prefisso sar\u00e0 ritenuta valida quando il verbo che si ottiene \u00e8 riportato nel dizionario ufficiale; possono inoltre essere usati suffissi nelle sole forme verbali all&#8217;imperativo, all&#8217;infinito e al gerundio presente (PRENDILO, PRENDERLO, PRENDENDOLO: non PRENDEVOLO).<br \/>\nResta esclus qualsiasi altro termine, di qualsiasi tipo, non rinvenibile nel dizionario ufficiale.<br \/>\nLa contestazione delle parole \u00e8 effetuata esclusivamente dai giocatori, mai dall&#8217;arbitro, e deve avvenire prima che la mano passi all&#8217;avversario successivo; l&#8217;arbitro (o chi per lui) prende nota della parola contestata e, a fine partita, ne controlla la validit\u00e0 sul dizionario ufficiale; se a parola risulta errata, al giocatore viene tolto il punteggio precedentemente attribuitogli e inoltre viene penalizzato di tanti punti quanti sono quelli del valore intrinseco delle lettere della sola parola errata. Solo nel caso in cui ci si trovi in un finale di partita, quando cio\u00e8 il giocatore che ha deposto la parola contestata rimane con 5 o meno lettere, lo scorrere del tempo viene arrestato e la contestazione risolta prima della ripresa della partita: in queste condizioni, in caso di non validit\u00e0 della parola, il giocatore, oltre che pagare\u00a0 le penalit\u00e0 previste, deve anche riprendersi le lettere deposte senza avere la possibilit\u00e0 di formare un&#8217;altra parola, mentre il turno passa al giocatore successivo.<br \/>\n\u2022 Gli articoli 17 e 18 sono reintrodotti<br \/>\n\u2022 L&#8217;articolo 19 \u00e8 sostituito dalla seguente norma:<br \/>\nnel caso un giocatore non utilizzi entrambe le clessidre a disposizione (2 minuti circa), il tempo residuo non sar\u00e0 &#8220;regalato&#8221; al giocatore successivo per il quale comincer\u00e0 subito un nuovo conteggio del tempo (ci\u00f2 sar\u00e0 reso pi\u00f9 agevole dall&#8217;uso di 2 clessidre per tavolo):<br \/>\n\u2022\u00a0L&#8217;articolo 20 non si applica se non nei finali di partita.<br \/>\n\u2022 L&#8217;articolo 21 \u00e8 integrato dalla seguente norma:<br \/>\ngli scarabei possono anche assumere il significato di J,K,W,X,Y, con un valore di 6 punt; in questo caso vengono considerati &#8220;morti&#8221; non potendo pi\u00f9 essere sostituiti da alcuna letttera.<br \/>\n\u2022 L&#8217;articolo 28 \u00e8 abolito.<br \/>\n\u2022 L&#8217;articolo 33 \u00e8 abolito e sostituito dalla seguente norma:<br \/>\nil giocatore che chiude guadagna la met\u00e0 della somma dei punti globalmente rimasti agli avversari (la met\u00e0 pi\u00f9 un mezzo se il totale \u00e8 dispari).<br \/>\n\u2022 L&#8217;appendice \u00e8 abolita e sostituita dalla allegata APPENDICE NEW<br \/>\n\u2022 I punti sono calcolati dall&#8217;arbitro e da questi sommati al precedente totale parziale; i giocatori possono controllare, ma prima dell&#8217;inizio della mossa successiva<br \/>\n\u2022\u00a0 L&#8217;inizio del gioco \u00e8 regolato come descritto nelle &#8220;modalit\u00e0 di svolgimento&#8221;.<\/p>\n<p style=\"text-align: justify;\"><strong>SCARABEO A 2<\/strong><br \/>\nCome lo SCARABEO a 4, tranne che:<br \/>\n\u2022 Gli articoli dal n. 17 al n. 20 sono aboliti e sostituiti dalle seguenti norme:<br \/>\nad ogni giocatore viene concesso un tempo complessivo di 30 minuti che pu\u00f2 gestire come meglio crede; le clessidre vengono sostituite da un orologio doppio da scacchi che viene fermato durante il conteggio dei punti e le altre operazioni effettuate fra una mossa e l&#8217;altra.<\/p>\n[\/vc_column_text][\/vc_column_inner][\/vc_row_inner][\/vc_tta_section][vc_tta_section title=&#8221;PHOTOS&#8221; tab_id=&#8221;1521743487504-ffee25f7-4ff3&#8243;][vc_row_inner][vc_column_inner][vc_single_image image=&#8221;10912&#8243; img_size=&#8221;full&#8221; alignment=&#8221;center&#8221; onclick=&#8221;custom_link&#8221; link=&#8221;https:\/\/studiogiochi.com\/files\/studiogiochi.com\/2018\/03\/Scrabble-2Campionato-Brochure.pdf&#8221;][vc_empty_space][vc_media_grid grid_id=&#8221;vc_gid:1525692667394-2894de10-5635-10&#8243; include=&#8221;10924,10926,10928,10930,10932,10934&#8243;][\/vc_column_inner][\/vc_row_inner][\/vc_tta_section][\/vc_tta_tabs][\/vc_column][\/vc_row]\n<\/div>","protected":false},"excerpt":{"rendered":"[vc_row][vc_column width=\"1\/4\" el_class=\"download\"][vc_single_image image=\"3341\" img_size=\"full\"][\/vc_column][vc_column width=\"3\/4\"][vc_tta_tabs][vc_tta_section title=\"WORD GAMES 1985\" tab_id=\"1519741730537-8382a3e8-a97d295e-8f65\"][vc_row_inner][vc_column_inner el_class=\"download\"][vc_single_image image=\"10912\" img_size=\"full\" alignment=\"center\"][vc_column_text] Download Depliant Poster Domenica Quiz [\/vc_column_text][vc_empty_space][vc_column_text] [...]","protected":false},"author":7,"featured_media":0,"parent":8467,"menu_order":200,"comment_status":"closed","ping_status":"closed","template":"","meta":{"footnotes":""},"class_list":["post-10938","page","type-page","status-publish","hentry"],"yoast_head":"<!-- This site is optimized with the Yoast SEO plugin v27.2 - https:\/\/yoast.com\/product\/yoast-seo-wordpress\/ -->\n<title>Word Games 1985 - studiogiochi<\/title>\n<meta name=\"robots\" content=\"index, follow, max-snippet:-1, max-image-preview:large, max-video-preview:-1\" \/>\n<link rel=\"canonical\" href=\"https:\/\/studiogiochi.com\/en\/championships\/word-games-1985\/\" \/>\n<meta property=\"og:locale\" content=\"en_US\" \/>\n<meta property=\"og:type\" content=\"article\" \/>\n<meta property=\"og:title\" content=\"Word Games 1985 - studiogiochi\" \/>\n<meta property=\"og:url\" content=\"https:\/\/studiogiochi.com\/en\/championships\/word-games-1985\/\" \/>\n<meta property=\"og:site_name\" content=\"studiogiochi\" \/>\n<meta property=\"article:modified_time\" content=\"2018-05-07T13:06:37+00:00\" \/>\n<meta name=\"twitter:card\" content=\"summary_large_image\" \/>\n<meta name=\"twitter:label1\" content=\"Est. reading time\" \/>\n\t<meta name=\"twitter:data1\" content=\"9 minutes\" \/>\n<script type=\"application\/ld+json\" class=\"yoast-schema-graph\">{\"@context\":\"https:\/\/schema.org\",\"@graph\":[{\"@type\":\"WebPage\",\"@id\":\"https:\/\/studiogiochi.com\/en\/championships\/word-games-1985\/\",\"url\":\"https:\/\/studiogiochi.com\/en\/championships\/word-games-1985\/\",\"name\":\"Word Games 1985 - studiogiochi\",\"isPartOf\":{\"@id\":\"https:\/\/studiogiochi.com\/#website\"},\"datePublished\":\"2018-03-22T18:36:16+00:00\",\"dateModified\":\"2018-05-07T13:06:37+00:00\",\"breadcrumb\":{\"@id\":\"https:\/\/studiogiochi.com\/en\/championships\/word-games-1985\/#breadcrumb\"},\"inLanguage\":\"en-US\",\"potentialAction\":[{\"@type\":\"ReadAction\",\"target\":[\"https:\/\/studiogiochi.com\/en\/championships\/word-games-1985\/\"]}]},{\"@type\":\"BreadcrumbList\",\"@id\":\"https:\/\/studiogiochi.com\/en\/championships\/word-games-1985\/#breadcrumb\",\"itemListElement\":[{\"@type\":\"ListItem\",\"position\":1,\"name\":\"Home\",\"item\":\"https:\/\/studiogiochi.com\/en\/\"},{\"@type\":\"ListItem\",\"position\":2,\"name\":\"Championships\",\"item\":\"https:\/\/studiogiochi.com\/en\/championships\/\"},{\"@type\":\"ListItem\",\"position\":3,\"name\":\"Word Games 1985\"}]},{\"@type\":\"WebSite\",\"@id\":\"https:\/\/studiogiochi.com\/#website\",\"url\":\"https:\/\/studiogiochi.com\/\",\"name\":\"studiogiochi\",\"description\":\"35 ANNI DI GIOCHI\",\"potentialAction\":[{\"@type\":\"SearchAction\",\"target\":{\"@type\":\"EntryPoint\",\"urlTemplate\":\"https:\/\/studiogiochi.com\/?s={search_term_string}\"},\"query-input\":{\"@type\":\"PropertyValueSpecification\",\"valueRequired\":true,\"valueName\":\"search_term_string\"}}],\"inLanguage\":\"en-US\"}]}<\/script>\n<!-- \/ Yoast SEO plugin. -->","yoast_head_json":{"title":"Word Games 1985 - studiogiochi","robots":{"index":"index","follow":"follow","max-snippet":"max-snippet:-1","max-image-preview":"max-image-preview:large","max-video-preview":"max-video-preview:-1"},"canonical":"https:\/\/studiogiochi.com\/en\/championships\/word-games-1985\/","og_locale":"en_US","og_type":"article","og_title":"Word Games 1985 - studiogiochi","og_url":"https:\/\/studiogiochi.com\/en\/championships\/word-games-1985\/","og_site_name":"studiogiochi","article_modified_time":"2018-05-07T13:06:37+00:00","twitter_card":"summary_large_image","twitter_misc":{"Est. reading time":"9 minutes"},"schema":{"@context":"https:\/\/schema.org","@graph":[{"@type":"WebPage","@id":"https:\/\/studiogiochi.com\/en\/championships\/word-games-1985\/","url":"https:\/\/studiogiochi.com\/en\/championships\/word-games-1985\/","name":"Word Games 1985 - studiogiochi","isPartOf":{"@id":"https:\/\/studiogiochi.com\/#website"},"datePublished":"2018-03-22T18:36:16+00:00","dateModified":"2018-05-07T13:06:37+00:00","breadcrumb":{"@id":"https:\/\/studiogiochi.com\/en\/championships\/word-games-1985\/#breadcrumb"},"inLanguage":"en-US","potentialAction":[{"@type":"ReadAction","target":["https:\/\/studiogiochi.com\/en\/championships\/word-games-1985\/"]}]},{"@type":"BreadcrumbList","@id":"https:\/\/studiogiochi.com\/en\/championships\/word-games-1985\/#breadcrumb","itemListElement":[{"@type":"ListItem","position":1,"name":"Home","item":"https:\/\/studiogiochi.com\/en\/"},{"@type":"ListItem","position":2,"name":"Championships","item":"https:\/\/studiogiochi.com\/en\/championships\/"},{"@type":"ListItem","position":3,"name":"Word Games 1985"}]},{"@type":"WebSite","@id":"https:\/\/studiogiochi.com\/#website","url":"https:\/\/studiogiochi.com\/","name":"studiogiochi","description":"35 ANNI DI GIOCHI","potentialAction":[{"@type":"SearchAction","target":{"@type":"EntryPoint","urlTemplate":"https:\/\/studiogiochi.com\/?s={search_term_string}"},"query-input":{"@type":"PropertyValueSpecification","valueRequired":true,"valueName":"search_term_string"}}],"inLanguage":"en-US"}]}},"_links":{"self":[{"href":"https:\/\/studiogiochi.com\/en\/wp-json\/wp\/v2\/pages\/10938","targetHints":{"allow":["GET"]}}],"collection":[{"href":"https:\/\/studiogiochi.com\/en\/wp-json\/wp\/v2\/pages"}],"about":[{"href":"https:\/\/studiogiochi.com\/en\/wp-json\/wp\/v2\/types\/page"}],"author":[{"embeddable":true,"href":"https:\/\/studiogiochi.com\/en\/wp-json\/wp\/v2\/users\/7"}],"replies":[{"embeddable":true,"href":"https:\/\/studiogiochi.com\/en\/wp-json\/wp\/v2\/comments?post=10938"}],"version-history":[{"count":0,"href":"https:\/\/studiogiochi.com\/en\/wp-json\/wp\/v2\/pages\/10938\/revisions"}],"up":[{"embeddable":true,"href":"https:\/\/studiogiochi.com\/en\/wp-json\/wp\/v2\/pages\/8467"}],"wp:attachment":[{"href":"https:\/\/studiogiochi.com\/en\/wp-json\/wp\/v2\/media?parent=10938"}],"curies":[{"name":"wp","href":"https:\/\/api.w.org\/{rel}","templated":true}]}}