{"id":19586,"date":"2018-03-29T11:50:36","date_gmt":"2018-03-29T09:50:36","guid":{"rendered":"https:\/\/www.studiogiochi.com\/?page_id=19586"},"modified":"2020-08-24T16:01:09","modified_gmt":"2020-08-24T14:01:09","slug":"mso-1997","status":"publish","type":"page","link":"https:\/\/studiogiochi.com\/en\/mind-sports-olympiad\/mso-1997\/","title":{"rendered":"MSO 1997"},"content":{"rendered":"<div class=\"wpb-content-wrapper\">[vc_row][vc_column width=&#8221;1\/4&#8243; el_class=&#8221;download&#8221;][vc_single_image image=&#8221;3346&#8243; img_size=&#8221;full&#8221;][vc_empty_space][vc_column_text]\n<h6 class=\"download-title\">Download<\/h6>\n<ul>\n<li><a href=\"https:\/\/studiogiochi.com\/files\/studiogiochi.com\/2018\/03\/1997-Presentazione.pdf\" target=\"_blank\" rel=\"noopener noreferrer\">Presentation <\/a><\/li>\n<li><a href=\"https:\/\/studiogiochi.com\/files\/studiogiochi.com\/2018\/03\/1997-Program.pdf\" target=\"_blank\" rel=\"noopener noreferrer\">Program<\/a><\/li>\n<li><a href=\"https:\/\/studiogiochi.com\/files\/studiogiochi.com\/2018\/03\/1997-TheTimes.pdf\" target=\"_blank\" rel=\"noopener noreferrer\">The Times <\/a><\/li>\n<li><a href=\"https:\/\/studiogiochi.com\/files\/studiogiochi.com\/2018\/03\/1997-Olympiad-news.pdf\" target=\"_blank\" rel=\"noopener noreferrer\">Olympiad news<\/a><\/li>\n<li><a href=\"https:\/\/studiogiochi.com\/files\/studiogiochi.com\/2018\/07\/1997-Mensa-Magazine.pdf\" target=\"_blank\" rel=\"noopener noreferrer\">Mensa Magazine<\/a><\/li>\n<li><a href=\"https:\/\/studiogiochi.com\/files\/studiogiochi.com\/2018\/03\/1997-Press-release.pdf\">Italian press release<\/a><strong><span style=\"color: #cc0000;\"><br \/>\n<\/span><\/strong><\/li>\n<\/ul>\n[\/vc_column_text][\/vc_column][vc_column width=&#8221;3\/4&#8243;][vc_single_image image=&#8221;11326&#8243; img_size=&#8221;full&#8221; alignment=&#8221;center&#8221;][vc_tta_tabs][vc_tta_section title=&#8221;MSO 1997&#8243; tab_id=&#8221;1518087796239-ef82228a-5663&#8243;][vc_single_image image=&#8221;11344&#8243; img_size=&#8221;full&#8221;][vc_column_text]In the picture: the organizers and the awarded players. Among them:<br \/>\n1) David Levy (Director)<br \/>\n2) Raymond Keene (Director)<br \/>\n3) Tony Buzan (Director)<br \/>\n4) Sir Brian Tovey (Chairman)<br \/>\n5) Dario De Toffoli<br \/>\n6) Demis Hassabis<br \/>\n7) George Hassabis<br \/>\n8) Marc Tastet<br \/>\n9) Paul Smith<br \/>\n10) John Clarke<br \/>\n11) Kenneth Wilshire[\/vc_column_text][vc_empty_space height=&#8221;15px&#8221;][vc_single_image image=&#8221;48608&#8243; img_size=&#8221;full&#8221; alignment=&#8221;center&#8221; onclick=&#8221;link_image&#8221;][vc_column_text]\n<p style=\"text-align: center;\">Alex Randolph with Demis Hassabis and Dario De Toffoli at the MSO 1997<\/p>\n[\/vc_column_text][vc_empty_space height=&#8221;15px&#8221;][vc_column_text]<strong>LONDON &#8211; Royal Festival Hall<br \/>\n<\/strong><strong>August <\/strong><strong>18-24, 1997<br \/>\nMind Sports Olympiad I<br \/>\n<\/strong>_____________________<strong><br \/>\n<\/strong><strong>Chronicles<\/strong><br \/>\n<span style=\"color: #cc0000;\"><strong><br \/>\nThis text is <\/strong><strong>available only <\/strong><strong>in Italian<\/strong><\/span><br \/>\n<em><br \/>\n<\/em>\u00c8 luned\u00ec 18 agosto e l&#8217;avventura inizia. Il vecchio sogno di un&#8217;olimpiade degli sport della mente sta per realizzarsi. Dunque Mind Sports Olympiad: a me sarebbe piaciuto di pi\u00f9 Games Olympiad, ma le gare non riguardano solo i giochi, vi sono molte altre discipline diciamo, inconsuete: ad esempio calcolo mentale, lettura veloce, programmazione di computer, pensiero creativo, test QI. Che saranno mai? Quanto conter\u00e0 la conoscenza dell&#8217;inglese? Di certo (che peccato!) non potr\u00f2 competere nei giochi linguistici tipo Scrabble o cruciverba. Tant&#8217;\u00e8. Arrivo nella grande e moderna Royal Festival Hall, sede della manifestazione, e sta giusto per iniziare un torneo di Backgammon; naturalmente mi precipito, ma mi rifiutano l&#8217;iscrizione in quanto \u00e8 riservato ai principianti. Cominciamo bene! Mi guardo intorno; studio il programma; incontro di persona gli organizzatori, vale a dire alcuni dei &#8220;guru&#8221; che hanno fatto la storia dei giochi, gente tipo David Pritchard, David Parlett, Raymond Keene, David Levy; ritrovo l&#8217;amico Alex Randolph (uno dei maggiori autori di giochi del mondo, veneziano di adozione) che come sempre \u00e8 ospite d&#8217;onore; sta tenendo mini corsi del suo Twixt, il cui torneo comincer\u00e0 l&#8217;indomani; saluto qualche vecchio amico giocatore e per oggi \u00e8 tutto.<br \/>\n\u00c8 marted\u00ec e inizia la bagarre. Decido subito di scartare Scacchi, Dama, Go, Othello, Shogi, e altre amenit\u00e0 dove la presenza di numerosi &#8220;maestri&#8221; specialisti delle singole discipline esclude la possibilit\u00e0 di buoni piazzamenti. Opto per Abalone, non sono ferratissimo ma il gioco \u00e8 relativamente nuovo, non vi saranno &#8211; penso &#8211; veri maestri. Vinco un paio di partite, ma appare subito chiaro che le chance sono scarse. Il francese Tastet (gi\u00e0 campione europeo di Othello) ha una marcia in pi\u00f9 e sbaraglia facilmente tutti; per l&#8217;Italia bronzo al torinese Gianni Cottogni (sarebbe stato argento se all&#8217;inizio non avesse perso una partita proprio contro di me, peccato, ho qualche rimorso).<br \/>\nComincia il Backgammon, il tipo di torneo \u00e8 strano, comunque mi qualifico facilmente per le finali. Di corsa al Twixt e trovo Randolph che dopo aver fatto il maestro scende in campo anche come giocatore: addio oro! Alla fine sono 2\u00b0 a pari merito ma per spareggio tecnico mi ritrovo 4\u00b0, dato che un avversario da me battuto ha vinto una partita proprio contro Randolph cui come da pronostico va proprio l&#8217;oro. Riparto gioved\u00ec con il Master Mind. \u00c8 uno dei miei cavalli di battaglia, ma ho qualche perplessit\u00e0 sui tempi di riflessione troppo lunghi (15 min) che appiattiscono il livello di gioco. Comincia male: alla prima chiudo in 5 e il mio avversario in 4, alla seconda in 6 e il mio avversario in 5. Per fortuna la strada \u00e8 lunga, ci sono 15 partite da giocare e ho il tempo di risalire la china; alla fine \u00e8 argento a solo mezzo punto dall&#8217;oro: moderata soddisfazione.<br \/>\nE intanto sale il ritmo della manifestazione, arrivano i grandi maestri di scacchi e numerosi campioni del mondo; da Antigua la Richards di Owari (il gioco che noi chiamiamo Mancala o Awele), dalle Barbados King per la Dama 8&#215;8, e tanti altri. L&#8217;efficentissimo ufficio stampa sforna ogni giorno copie fresche del notiziario olimpico, arrivano troupe televisive e giornalisti da mezzo mondo. C&#8217;\u00e8 il supporto del Times, che ha dedicato un inserto speciale di 16 pagine [<strong><span style=\"color: #cc0000;\"><a style=\"color: #cc0000;\" href=\"https:\/\/studiogiochi.com\/files\/studiogiochi.com\/2018\/03\/1997-TheTimes.pdf\" target=\"_blank\" rel=\"noopener noreferrer\">vedi<\/a><\/span><\/strong>], c&#8217;\u00e8 la sponsorizzazione di Skandia una grossa compagnia di Assicurazioni. Mi piace la seriet\u00e0 con cui questi inglesi lavorano, le premiazioni ufficiali sul podio con musiche e medaglie (confesso che sono stato ben contento di salirvi). Ma allora \u00e8 vero, sto partecipando ad un evento storico. D&#8217;accordo, tecnicamente c&#8217;\u00e8 qualche imperfezione, ma non si pu\u00f2 volere tutto e subito. Negli intenti degli organizzatori la cosa pi\u00f9 importante \u00e8 mostrare al mondo che dopo il boom degli sport fisici registrato nell&#8217;ultimo mezzo secolo quello che l&#8217;umanit\u00e0 pu\u00f2 aspettarsi \u00e8 il boom degli sport della mente. E la massiccia risposta dei media entusiasma tutti, in particolar modo Tony Buzan, presidente di un&#8217;Associazione per lo sviluppo delle potenzialit\u00e0 del cervello umano e profeta del prossimo &#8220;millennio del cervello&#8221;.<br \/>\nE intanto tocca di nuovo al backgammon: dopo 7 vittorie e 2 sconfitte perdo il bronzo in una finale ai soli 7 punti (all&#8217;inizio si giocava ai 13 ma via via le partite sono state accorciate per esigenze di tempo). Va bene lo stesso, sono piuttosto ben piazzato nel Pentamind, la speciale classifica che tiene conto dei 5 migliori risultati di ogni &#8220;competitor&#8221;. Pi\u00f9 per curiosit\u00e0 che per altro sabato mattina partecipo al cosiddetto &#8220;decamentathlon&#8221; una prova massacrante che per\u00f2 mi ha divertito moltissimo.<br \/>\nDieci spaventosi test in altrettante diverse prove &#8220;mentali&#8221;. Si comincia con la memoria; nei primi 5 minuti si tratta di memorizzare un mazzo di carte ben mescolato (naturalmente senza alterare l&#8217;ordine dato), un punto per ogni carta ricordata esattamente prima del primo errore. Nei seguenti 5 minuti basta &#8220;solo&#8221; ricordare un numero, ma non un numero di telefono, il 1819736482443053017529661790362833008137226449548: 48 cifre, un punto per ogni cifra ricordata esattamente prima del primo errore. Dopo questo &#8220;aperitivo&#8221; (io ho ottenuto 22 carte pi\u00f9 38 cifre) si passa al calcolo mentale, cio\u00e8 bisogna risolvere una trentina di operazioni, ma la penna pu\u00f2 essere usata solo per scrivere i risultati: in un delirante crescendo le ultime 2 operazioni sono moltiplicazioni di 4 cifre per 4 cifre. Stremato affronto un infernale test QI con qualche istruzione in inglese e tempo 4 volte inferiore al minimo necessario. Ne esco col morale a pezzi, chiss\u00e0 quanto meglio avranno fatto cotanti cervelloni che mi ritrovo intorno! Dieci minuti e si riparte con i problemi di Scacchi (uno dei quali resta insoluto anche per numerosi Grandi Maestri), di Othello (non \u00e8 mai stato il mio forte e mi becco un bello zero), di Bridge (rinuncio a priori, troppo complessi), di Master Mind (e qui mi pappo un bel 100 su 100, lasciando al palo pure i cervelloni del MENSA, il club di superintelligenti), di Dama 8&#215;8 (ottengo un inaspettato 75 su 100) e di Go (ormai non ho pi\u00f9 tempo, tiro a occhio e non ci azzecco); per finire negli ultimi 15 minuti arriva il fatidico &#8220;Pensiero Creativo&#8221;: ma che mai sar\u00e0? Beh, state un po&#8217; a sentire. Nel 1999 viene lanciato un nuovo &#8220;labour- saving device&#8221; (aggeggio che fa risparmiare lavoro?) ed entro 6 mesi il 97% delle case inglesi ne \u00e8 dotata. Descrivete il marchingegno: conta soprattutto l&#8217;originalit\u00e0 delle idee. Impiego 5 minuti a capire il testo e ne restano solo 10 per progettare e descrivere il tutto. \u00c8 finita. Mi accerto di essere ancora vivo e attendo con ansia i risultati, temo il fondo classifica. Sono invece settimo, esulto, guadagno un bel po&#8217; di punti-Pentamind e constato che anche i Grandi Maestri e quelli del MENSA sono umani e possono essere battuti.<br \/>\nSono appagato, ho concluso 5 tornei guadagnando insperati 324,5 punti-Pentamind che mi consentono un piazzamento che certamente sar\u00e0 decoroso. Gioco domenica in rilassamento un sesto torneo senza riuscire a migliorare la mia posizione e mi ritrovo 5\u00b0 nella classifica generale Pentamind con il bronzo a soli 2 punti, a quota 326,5. Non posso lagnarmi visto che 2000 giocatori di 60 nazioni hanno dato vita a 65 tornei in 35 diverse discipline. Questa volta io sono stato l&#8217;ambasciatore, ma l&#8217;anno prossimo per l&#8217;Italia le cose dovranno andare meglio; i vari Comerci, Ba\u00f9, Zaccariotto, Castelli, Zama e compagnia bella si tengano liberi per il 24-30 agosto 1998 e si portino a Londra una bella valigia per riempirla di medaglie.<br \/>\nUltime premiazioni, cerimonia di chiusura, tripudio, soddisfazione generale per lo strepitoso successo (la notizia &#8211; ci dicono &#8211; \u00e8 arrivata a un miliardo e mezzo di persone) e foto finale con tutti i &#8220;medagliati&#8221;.[\/vc_column_text][\/vc_tta_section][vc_tta_section title=&#8221;Italian medals&#8221; tab_id=&#8221;1518087796300-a92bca97-3e60&#8243;][vc_column_text]\n<h2 style=\"text-align: center;\">ITALIAN MEDALS<\/h2>\n[\/vc_column_text][vc_column_text]<strong>Abalone<\/strong><br \/>\n1 Marc Tastet <img class='azc_flags' src='https:\/\/studiogiochi.com\/wp-content\/plugins\/azurecurve-flags\/images\/fr.png' alt= 'France' \/>\n2 A. Perelson <img class='azc_flags' src='https:\/\/studiogiochi.com\/wp-content\/plugins\/azurecurve-flags\/images\/za.png' alt= 'South Africa' \/>\n3 G. Cottogni <img class='azc_flags' src='https:\/\/studiogiochi.com\/wp-content\/plugins\/azurecurve-flags\/images\/it.png' alt= 'Italy' \/>\n<p><strong>Mastermind<\/strong><br \/>\n1 R. Coull <img class='azc_flags' src='https:\/\/studiogiochi.com\/wp-content\/plugins\/azurecurve-flags\/images\/gb.png' alt= 'United Kingdom of Great Britain and Northern Ireland' \/>\n2 Dario De Toffoli <img class='azc_flags' src='https:\/\/studiogiochi.com\/wp-content\/plugins\/azurecurve-flags\/images\/it.png' alt= 'Italy' \/>\n3 B. Croucher <img class='azc_flags' src='https:\/\/studiogiochi.com\/wp-content\/plugins\/azurecurve-flags\/images\/gb.png' alt= 'United Kingdom of Great Britain and Northern Ireland' \/>\n<p><strong>Twixt<\/strong><br \/>\n1 Alex Randolph <img class='azc_flags' src='https:\/\/studiogiochi.com\/wp-content\/plugins\/azurecurve-flags\/images\/us.png' alt= 'United States of America' \/> <img class='azc_flags' src='https:\/\/studiogiochi.com\/wp-content\/plugins\/azurecurve-flags\/images\/it.png' alt= 'Italy' \/>\n2 Demis Hassabis <img class='azc_flags' src='https:\/\/studiogiochi.com\/wp-content\/plugins\/azurecurve-flags\/images\/gb.png' alt= 'United Kingdom of Great Britain and Northern Ireland' \/>\n3 George Hassabis <img class='azc_flags' src='https:\/\/studiogiochi.com\/wp-content\/plugins\/azurecurve-flags\/images\/gb.png' alt= 'United Kingdom of Great Britain and Northern Ireland' \/>[\/vc_column_text][\/vc_tta_section][\/vc_tta_tabs][\/vc_column][\/vc_row]\n<\/div>","protected":false},"excerpt":{"rendered":"[vc_row][vc_column width=\"1\/4\" el_class=\"download\"][vc_single_image image=\"3346\" img_size=\"full\"][vc_empty_space][vc_column_text] Download Presentation Program The Times Olympiad news Mensa Magazine Italian press release [\/vc_column_text][\/vc_column][vc_column width=\"3\/4\"][vc_single_image image=\"11326\" [...]","protected":false},"author":7,"featured_media":0,"parent":11200,"menu_order":2200,"comment_status":"closed","ping_status":"closed","template":"","meta":{"footnotes":""},"class_list":["post-19586","page","type-page","status-publish","hentry"],"yoast_head":"<!-- This site is optimized with the Yoast SEO plugin v27.2 - https:\/\/yoast.com\/product\/yoast-seo-wordpress\/ -->\n<title>MSO 1997 - studiogiochi<\/title>\n<meta name=\"robots\" content=\"index, follow, max-snippet:-1, max-image-preview:large, max-video-preview:-1\" \/>\n<link rel=\"canonical\" href=\"https:\/\/studiogiochi.com\/en\/mind-sports-olympiad\/mso-1997\/\" \/>\n<meta property=\"og:locale\" content=\"en_US\" \/>\n<meta property=\"og:type\" content=\"article\" \/>\n<meta property=\"og:title\" content=\"MSO 1997 - studiogiochi\" \/>\n<meta property=\"og:url\" content=\"https:\/\/studiogiochi.com\/en\/mind-sports-olympiad\/mso-1997\/\" \/>\n<meta property=\"og:site_name\" content=\"studiogiochi\" \/>\n<meta property=\"article:modified_time\" content=\"2020-08-24T14:01:09+00:00\" \/>\n<meta name=\"twitter:card\" content=\"summary_large_image\" \/>\n<meta name=\"twitter:label1\" content=\"Est. reading time\" \/>\n\t<meta name=\"twitter:data1\" content=\"7 minutes\" \/>\n<script type=\"application\/ld+json\" class=\"yoast-schema-graph\">{\"@context\":\"https:\/\/schema.org\",\"@graph\":[{\"@type\":\"WebPage\",\"@id\":\"https:\/\/studiogiochi.com\/en\/mind-sports-olympiad\/mso-1997\/\",\"url\":\"https:\/\/studiogiochi.com\/en\/mind-sports-olympiad\/mso-1997\/\",\"name\":\"MSO 1997 - studiogiochi\",\"isPartOf\":{\"@id\":\"https:\/\/studiogiochi.com\/#website\"},\"datePublished\":\"2018-03-29T09:50:36+00:00\",\"dateModified\":\"2020-08-24T14:01:09+00:00\",\"breadcrumb\":{\"@id\":\"https:\/\/studiogiochi.com\/en\/mind-sports-olympiad\/mso-1997\/#breadcrumb\"},\"inLanguage\":\"en-US\",\"potentialAction\":[{\"@type\":\"ReadAction\",\"target\":[\"https:\/\/studiogiochi.com\/en\/mind-sports-olympiad\/mso-1997\/\"]}]},{\"@type\":\"BreadcrumbList\",\"@id\":\"https:\/\/studiogiochi.com\/en\/mind-sports-olympiad\/mso-1997\/#breadcrumb\",\"itemListElement\":[{\"@type\":\"ListItem\",\"position\":1,\"name\":\"Home\",\"item\":\"https:\/\/studiogiochi.com\/en\/\"},{\"@type\":\"ListItem\",\"position\":2,\"name\":\"Mind Sports Olympiad\",\"item\":\"https:\/\/studiogiochi.com\/en\/mind-sports-olympiad\/\"},{\"@type\":\"ListItem\",\"position\":3,\"name\":\"MSO 1997\"}]},{\"@type\":\"WebSite\",\"@id\":\"https:\/\/studiogiochi.com\/#website\",\"url\":\"https:\/\/studiogiochi.com\/\",\"name\":\"studiogiochi\",\"description\":\"35 ANNI DI GIOCHI\",\"potentialAction\":[{\"@type\":\"SearchAction\",\"target\":{\"@type\":\"EntryPoint\",\"urlTemplate\":\"https:\/\/studiogiochi.com\/?s={search_term_string}\"},\"query-input\":{\"@type\":\"PropertyValueSpecification\",\"valueRequired\":true,\"valueName\":\"search_term_string\"}}],\"inLanguage\":\"en-US\"}]}<\/script>\n<!-- \/ Yoast SEO plugin. -->","yoast_head_json":{"title":"MSO 1997 - studiogiochi","robots":{"index":"index","follow":"follow","max-snippet":"max-snippet:-1","max-image-preview":"max-image-preview:large","max-video-preview":"max-video-preview:-1"},"canonical":"https:\/\/studiogiochi.com\/en\/mind-sports-olympiad\/mso-1997\/","og_locale":"en_US","og_type":"article","og_title":"MSO 1997 - studiogiochi","og_url":"https:\/\/studiogiochi.com\/en\/mind-sports-olympiad\/mso-1997\/","og_site_name":"studiogiochi","article_modified_time":"2020-08-24T14:01:09+00:00","twitter_card":"summary_large_image","twitter_misc":{"Est. reading time":"7 minutes"},"schema":{"@context":"https:\/\/schema.org","@graph":[{"@type":"WebPage","@id":"https:\/\/studiogiochi.com\/en\/mind-sports-olympiad\/mso-1997\/","url":"https:\/\/studiogiochi.com\/en\/mind-sports-olympiad\/mso-1997\/","name":"MSO 1997 - studiogiochi","isPartOf":{"@id":"https:\/\/studiogiochi.com\/#website"},"datePublished":"2018-03-29T09:50:36+00:00","dateModified":"2020-08-24T14:01:09+00:00","breadcrumb":{"@id":"https:\/\/studiogiochi.com\/en\/mind-sports-olympiad\/mso-1997\/#breadcrumb"},"inLanguage":"en-US","potentialAction":[{"@type":"ReadAction","target":["https:\/\/studiogiochi.com\/en\/mind-sports-olympiad\/mso-1997\/"]}]},{"@type":"BreadcrumbList","@id":"https:\/\/studiogiochi.com\/en\/mind-sports-olympiad\/mso-1997\/#breadcrumb","itemListElement":[{"@type":"ListItem","position":1,"name":"Home","item":"https:\/\/studiogiochi.com\/en\/"},{"@type":"ListItem","position":2,"name":"Mind Sports Olympiad","item":"https:\/\/studiogiochi.com\/en\/mind-sports-olympiad\/"},{"@type":"ListItem","position":3,"name":"MSO 1997"}]},{"@type":"WebSite","@id":"https:\/\/studiogiochi.com\/#website","url":"https:\/\/studiogiochi.com\/","name":"studiogiochi","description":"35 ANNI DI GIOCHI","potentialAction":[{"@type":"SearchAction","target":{"@type":"EntryPoint","urlTemplate":"https:\/\/studiogiochi.com\/?s={search_term_string}"},"query-input":{"@type":"PropertyValueSpecification","valueRequired":true,"valueName":"search_term_string"}}],"inLanguage":"en-US"}]}},"_links":{"self":[{"href":"https:\/\/studiogiochi.com\/en\/wp-json\/wp\/v2\/pages\/19586","targetHints":{"allow":["GET"]}}],"collection":[{"href":"https:\/\/studiogiochi.com\/en\/wp-json\/wp\/v2\/pages"}],"about":[{"href":"https:\/\/studiogiochi.com\/en\/wp-json\/wp\/v2\/types\/page"}],"author":[{"embeddable":true,"href":"https:\/\/studiogiochi.com\/en\/wp-json\/wp\/v2\/users\/7"}],"replies":[{"embeddable":true,"href":"https:\/\/studiogiochi.com\/en\/wp-json\/wp\/v2\/comments?post=19586"}],"version-history":[{"count":4,"href":"https:\/\/studiogiochi.com\/en\/wp-json\/wp\/v2\/pages\/19586\/revisions"}],"predecessor-version":[{"id":48977,"href":"https:\/\/studiogiochi.com\/en\/wp-json\/wp\/v2\/pages\/19586\/revisions\/48977"}],"up":[{"embeddable":true,"href":"https:\/\/studiogiochi.com\/en\/wp-json\/wp\/v2\/pages\/11200"}],"wp:attachment":[{"href":"https:\/\/studiogiochi.com\/en\/wp-json\/wp\/v2\/media?parent=19586"}],"curies":[{"name":"wp","href":"https:\/\/api.w.org\/{rel}","templated":true}]}}