{"id":19649,"date":"2018-03-29T14:36:19","date_gmt":"2018-03-29T12:36:19","guid":{"rendered":"https:\/\/www.studiogiochi.com\/?page_id=19649"},"modified":"2018-07-18T10:22:58","modified_gmt":"2018-07-18T08:22:58","slug":"mso-2009","status":"publish","type":"page","link":"https:\/\/studiogiochi.com\/en\/mind-sports-olympiad\/mso-2009\/","title":{"rendered":"MSO 2009"},"content":{"rendered":"<div class=\"wpb-content-wrapper\">[vc_row][vc_column width=&#8221;1\/4&#8243; el_class=&#8221;download&#8221;][vc_single_image image=&#8221;3346&#8243; img_size=&#8221;full&#8221;][vc_empty_space][vc_column_text]\n<h6 class=\"download-title\">Download<\/h6>\n<ul>\n<li><a href=\"https:\/\/studiogiochi.com\/files\/studiogiochi.com\/2018\/03\/MSO-2009-Program.pdf\" target=\"_blank\" rel=\"noopener\">Program<\/a><\/li>\n<li><a href=\"https:\/\/studiogiochi.com\/files\/studiogiochi.com\/2018\/03\/Articolo-Memento-2009.pdf\" target=\"_blank\" rel=\"noopener\">Report &#8211; MSO 2009<\/a><strong><span style=\"color: #cc0000;\"><br \/>\n<\/span><\/strong><\/li>\n<\/ul>\n[\/vc_column_text][\/vc_column][vc_column width=&#8221;3\/4&#8243;][vc_single_image image=&#8221;11432&#8243; img_size=&#8221;full&#8221; alignment=&#8221;center&#8221;][vc_tta_tabs][vc_tta_section title=&#8221;MSO 2009&#8243; tab_id=&#8221;1518087796239-ef82228a-5663b846-ebe8&#8243;][vc_column_text]\n<p style=\"text-align: justify;\"><strong>13th Mind Sports Olympiad<br \/>\nLondon &#8211; The Royal Horticultural Halls &amp; Conference Center<br \/>\n21-31 agosto 2009<\/strong><\/p>\n<p style=\"text-align: justify;\"><span style=\"color: #cc0000;\"><strong>THIS ARTICLE IS AVAILABLE ONLY IN ITALIAN<br \/>\n<\/strong><\/span><em><br \/>\n<\/em><strong>Tratto da <\/strong><strong>MEMENTO &#8211; RIVISTA DEL MENSA ITALIA &#8211; N.5-6\/2009<\/strong><em><br \/>\n<\/em><\/p>\n<p style=\"text-align: justify;\"><em>Ma cosa sono queste \u201cOlimpiadi\u201d?<br \/>\nPer dirla in breve, si tratta di un insieme di una settantina di eventi agonistici che riguardano tutti i principali giochi e abilit\u00e0 mentali. Dagli scacchi al calcolo mentale, dal poker al pensiero creativo, dai Coloni di Catan al Rummikub, dai test IQ al Mastermind. Il tutto collegato dal fil rouge del \u201cPentamind\u201d, la combinata in cui ogni giocatore tiene conto dei suoi 5 migliori risultati in altrettante diverse discipline.<br \/>\nInsomma un paradiso. Un vero paradiso per i giocatori come me, che non riescono a dedicarsi ad un solo gioco, ma preferiscono sfarfallare di tavoliere in tavoliere.<\/em><\/p>\n<p style=\"text-align: justify;\">E anche la \u201cfilosofia\u201d dell&#8217;evento \u00e8 davvero accattivante. Ecco come loro stessi si descrivono.<br \/>\nThere has been an explosive growth of physical sports in the first half of the decade. Now, with increased leisure time and more people working from home, MIND SPORTS will be the great growth area of the 21st century. And above all, the Mind Sports Olympiad is great fun for the players and spectators. MSO is a ten day festival of face-to-face boardgames and mental skills, which has been described as the single greatest concentration of intellectual ability in one building anywhere in the world.<\/p>\n<p style=\"text-align: justify;\">Tutto perfetto, allora? Beh&#8230; non proprio.<br \/>\nPerch\u00e9 la manifestazione, dai fasti delle prime edizioni, si \u00e8 enormemente ridimensionata. Il gruppo organizzatore si \u00e8 sfaldato e gli indispensabili supporti politici, mediatici e soprattutto economici sono venuti progressivamente a mancare.<br \/>\nPer capirci, alle prime edizioni partecipavano alcune migliaia di giocatori, molti dei quali specialisti che competevano in una sola disciplina. Guadagnare punti-pentamind era davvero un&#8217;impresa improba. Quest&#8217;ultima edizione invece, si \u00e8 ridotta alla presenza di meno di un centinaio di appassionati combinatisti (tipo me, per capirci) che erano l\u00ec per partecipare a quanti pi\u00f9 tornei possibile. Dunque niente pi\u00f9 grandi tornei di una singola specialit\u00e0, ma piccoli tornei di tante specialit\u00e0 diverse, una sorta di grande Giocatore dell&#8217;Anno Internazionale.<br \/>\nI tornei erano tantissimi, forse troppi, e ce n&#8217;erano sempre almeno 3 o 4 in contemporanea e dunque il numero di partecipanti era in media molto basso (in genere non si superavano i 20 e spesso si stava sotto i 10), ma il livello della competizione era a volte elevatissimo per la presenza appunto di molti forti combinatisti inglesi e internazionali.<\/p>\n<p style=\"text-align: justify;\">Certo, avrei preferito l&#8217;atmosfera di grande evento dei primi anni, ma ormai ero l\u00ec&#8230; e cos\u00ec mi sono tuffato nella competizione, un&#8217;apnea durata 10 giorni stando ai tavoli anche 12 ore al giorno, col mio bravo sacchettino di junk food accanto.<br \/>\nMi ci voleva proprio! Mi sono davvero sfogato per bene.<\/p>\n<p style=\"text-align: justify;\">Dal punto di vista agonistico, me la sono cavata benino, certo meglio di quanto mi aspettassi data la mia quasi totale assenza di preparazione. Ho appesantito la valigia con 14 medaglie, di cui 5 d&#8217;oro: backgammon, poker 7-card stud, Acquire, Rummikub e Mensa connection. Un bottino che in anni passati sarebbe stato impensabile.<br \/>\nNel pentamind ho chiuso a 497 punti su un massimo teorico di 500 (un punteggio che in altre edizioni sarebbe valso automaticamente l&#8217;oro per distacco), ma che in questa edizione per pochi intimi mi ha fruttato solo il bronzo.<\/p>\n<p style=\"text-align: justify;\">Tra le varie performance, sono particolarmente soddisfatto della vittoria a Mensa connection. Pubblicato in Germania col nome di Einfach Genial e in Italia come Geniale!, questo bel gioco astratto di Reiner Knizia nel mondo anglosassone \u00e8 diventato IL gioco del MENSA e gli ha dato anche il nome. Questo perch\u00e9 l&#8217;autore \u00e8 riuscito a riproporre le sue tipiche modalit\u00e0 di punteggi da realizzare in differenti categorie, in un gioco dalla meccanica purissima e dalle regole assai semplici. In breve: in un tavoliere esagonato si piazzano tessere (ognuna copre due caselle) che raffigurano diversi simboli. I punti si guadagnano simbolo per simbolo accostando \u201cgenialmente\u201d le tessere, in modo da formare sequenze di simboli uguali. Ma lo score finale \u2013 e questa \u00e8 la vera firma dell&#8217;autore \u2013 \u00e8 quello del simbolo con meno punti.<\/p>\n<p style=\"text-align: justify;\">Per concludere, gli organizzatori si sono resi ben conto della traballante situazione della manifestazione e si stanno gi\u00e0 dando da fare per riportare le Mind Sports Olympiad ai livelli che gli competono: sponsorizzazioni, promozioni, un vero sito ufficiale e quant&#8217;altro serve per rilanciare tutto il movimento anche a livello internazionale. Spero davvero abbiano successo e che riescano a farmi divertire giocando competitivamente per molti anni ancora.<\/p>\n<p style=\"text-align: justify;\">Dario De Toffoli<\/p>\n[\/vc_column_text][\/vc_tta_section][vc_tta_section title=&#8221;Italian medals&#8221; tab_id=&#8221;1518087796300-a92bca97-3e60b846-ebe8&#8243;][vc_column_text]\n<h2 style=\"text-align: center;\"><strong>ITALIAN MEDALS<\/strong><\/h2>\n[\/vc_column_text][vc_column_text]<strong>Acquire &#8211; Olympiad Championship<\/strong><br \/>\n1 Dario De Toffoli <img class='azc_flags' src='https:\/\/studiogiochi.com\/wp-content\/plugins\/azurecurve-flags\/images\/it.png' alt= 'Italy' \/>\n2 Tim Hebbes <img class='azc_flags' src='https:\/\/studiogiochi.com\/wp-content\/plugins\/azurecurve-flags\/images\/gb.png' alt= 'United Kingdom of Great Britain and Northern Ireland' \/>\n3 James Heppell <img class='azc_flags' src='https:\/\/studiogiochi.com\/wp-content\/plugins\/azurecurve-flags\/images\/gb.png' alt= 'United Kingdom of Great Britain and Northern Ireland' \/>\n<p><strong>Abstract Games &#8211; Amateur Olympiad<\/strong><br \/>\n1 David Pearce <img class='azc_flags' src='https:\/\/studiogiochi.com\/wp-content\/plugins\/azurecurve-flags\/images\/gb.png' alt= 'United Kingdom of Great Britain and Northern Ireland' \/>\n2 Dario De Toffoli <img class='azc_flags' src='https:\/\/studiogiochi.com\/wp-content\/plugins\/azurecurve-flags\/images\/it.png' alt= 'Italy' \/>\n3 Bharat Thakrar <img class='azc_flags' src='https:\/\/studiogiochi.com\/wp-content\/plugins\/azurecurve-flags\/images\/gb.png' alt= 'United Kingdom of Great Britain and Northern Ireland' \/>\n<p><strong>Backgammon &#8211; Vincent Square Cup<\/strong><br \/>\n1 Dario De Toffoli <img class='azc_flags' src='https:\/\/studiogiochi.com\/wp-content\/plugins\/azurecurve-flags\/images\/it.png' alt= 'Italy' \/>\n2 Steve Rimmer <img class='azc_flags' src='https:\/\/studiogiochi.com\/wp-content\/plugins\/azurecurve-flags\/images\/gb.png' alt= 'United Kingdom of Great Britain and Northern Ireland' \/>\n3 Cliff Connick <img class='azc_flags' src='https:\/\/studiogiochi.com\/wp-content\/plugins\/azurecurve-flags\/images\/gb.png' alt= 'United Kingdom of Great Britain and Northern Ireland' \/>\n<p><strong>Mensa Connections Olympiad Championship<\/strong><br \/>\n1 Dario De Toffoli <img class='azc_flags' src='https:\/\/studiogiochi.com\/wp-content\/plugins\/azurecurve-flags\/images\/it.png' alt= 'Italy' \/>\n2 James Heppell <img class='azc_flags' src='https:\/\/studiogiochi.com\/wp-content\/plugins\/azurecurve-flags\/images\/gb.png' alt= 'United Kingdom of Great Britain and Northern Ireland' \/>\n3 Peter Horlock <img class='azc_flags' src='https:\/\/studiogiochi.com\/wp-content\/plugins\/azurecurve-flags\/images\/gb.png' alt= 'United Kingdom of Great Britain and Northern Ireland' \/>\n<p><strong>Continuo World Championship<\/strong><br \/>\n1 Matthew Hathrell <img class='azc_flags' src='https:\/\/studiogiochi.com\/wp-content\/plugins\/azurecurve-flags\/images\/gb.png' alt= 'United Kingdom of Great Britain and Northern Ireland' \/>\n2 Dario De Toffoli <img class='azc_flags' src='https:\/\/studiogiochi.com\/wp-content\/plugins\/azurecurve-flags\/images\/it.png' alt= 'Italy' \/>\n3 David Pearce <img class='azc_flags' src='https:\/\/studiogiochi.com\/wp-content\/plugins\/azurecurve-flags\/images\/gb.png' alt= 'United Kingdom of Great Britain and Northern Ireland' \/>\n3 Bharat Thakrar <img class='azc_flags' src='https:\/\/studiogiochi.com\/wp-content\/plugins\/azurecurve-flags\/images\/gb.png' alt= 'United Kingdom of Great Britain and Northern Ireland' \/>\n<p><strong>Hare&amp;tortoise World Championship<\/strong><br \/>\n1 David Pearce <img class='azc_flags' src='https:\/\/studiogiochi.com\/wp-content\/plugins\/azurecurve-flags\/images\/gb.png' alt= 'United Kingdom of Great Britain and Northern Ireland' \/>\n2 James Heppell <img class='azc_flags' src='https:\/\/studiogiochi.com\/wp-content\/plugins\/azurecurve-flags\/images\/gb.png' alt= 'United Kingdom of Great Britain and Northern Ireland' \/>\n3 Dario De Toffoli <img class='azc_flags' src='https:\/\/studiogiochi.com\/wp-content\/plugins\/azurecurve-flags\/images\/it.png' alt= 'Italy' \/>\n<p><strong>Mastermind Olympiad Championship<\/strong><br \/>\n1 George Lane <img class='azc_flags' src='https:\/\/studiogiochi.com\/wp-content\/plugins\/azurecurve-flags\/images\/gb.png' alt= 'United Kingdom of Great Britain and Northern Ireland' \/>\n2 Dario De Toffoli <img class='azc_flags' src='https:\/\/studiogiochi.com\/wp-content\/plugins\/azurecurve-flags\/images\/it.png' alt= 'Italy' \/>\n3 David Pearce <img class='azc_flags' src='https:\/\/studiogiochi.com\/wp-content\/plugins\/azurecurve-flags\/images\/gb.png' alt= 'United Kingdom of Great Britain and Northern Ireland' \/>\n<p><strong>Monopoly Olympiad Championship<\/strong><br \/>\n1 Tim Hebbes <img class='azc_flags' src='https:\/\/studiogiochi.com\/wp-content\/plugins\/azurecurve-flags\/images\/gb.png' alt= 'United Kingdom of Great Britain and Northern Ireland' \/>\n2 James Heppell <img class='azc_flags' src='https:\/\/studiogiochi.com\/wp-content\/plugins\/azurecurve-flags\/images\/gb.png' alt= 'United Kingdom of Great Britain and Northern Ireland' \/>\n3 Dario De Toffoli <img class='azc_flags' src='https:\/\/studiogiochi.com\/wp-content\/plugins\/azurecurve-flags\/images\/it.png' alt= 'Italy' \/>\n<p><strong>Nubble Olympiad Championship<\/strong><br \/>\n1 Matthew Hathrell <img class='azc_flags' src='https:\/\/studiogiochi.com\/wp-content\/plugins\/azurecurve-flags\/images\/gb.png' alt= 'United Kingdom of Great Britain and Northern Ireland' \/>\n2 Dario De Toffoli <img class='azc_flags' src='https:\/\/studiogiochi.com\/wp-content\/plugins\/azurecurve-flags\/images\/it.png' alt= 'Italy' \/>\n3 Gert Mittring <img class='azc_flags' src='https:\/\/studiogiochi.com\/wp-content\/plugins\/azurecurve-flags\/images\/de.png' alt= 'Germany' \/>\n<p><strong>Pentamind World Championship<\/strong><br \/>\n1 Martyn Hamer (500\/500) <img class='azc_flags' src='https:\/\/studiogiochi.com\/wp-content\/plugins\/azurecurve-flags\/images\/gb.png' alt= 'United Kingdom of Great Britain and Northern Ireland' \/>\n1 Tim Hebbes (500) <img class='azc_flags' src='https:\/\/studiogiochi.com\/wp-content\/plugins\/azurecurve-flags\/images\/gb.png' alt= 'United Kingdom of Great Britain and Northern Ireland' \/>\n3 Dario De Toffoli (497) <img class='azc_flags' src='https:\/\/studiogiochi.com\/wp-content\/plugins\/azurecurve-flags\/images\/it.png' alt= 'Italy' \/>\n<p><strong>Poker : 7 Card Stud (Pot Limit)<\/strong><br \/>\n1 Dario De Toffoli <img class='azc_flags' src='https:\/\/studiogiochi.com\/wp-content\/plugins\/azurecurve-flags\/images\/it.png' alt= 'Italy' \/>\n2 Etan Ilfeld <img class='azc_flags' src='https:\/\/studiogiochi.com\/wp-content\/plugins\/azurecurve-flags\/images\/us.png' alt= 'United States of America' \/>\n3 Tim Hebbes <img class='azc_flags' src='https:\/\/studiogiochi.com\/wp-content\/plugins\/azurecurve-flags\/images\/gb.png' alt= 'United Kingdom of Great Britain and Northern Ireland' \/>\n<p><strong>Rummikub Olympiad Championship<\/strong><br \/>\n1 Dario De Toffoli <img class='azc_flags' src='https:\/\/studiogiochi.com\/wp-content\/plugins\/azurecurve-flags\/images\/it.png' alt= 'Italy' \/>\n2 Madeleine Heppell <img class='azc_flags' src='https:\/\/studiogiochi.com\/wp-content\/plugins\/azurecurve-flags\/images\/gb.png' alt= 'United Kingdom of Great Britain and Northern Ireland' \/>\n3 Bharat Thakrar <img class='azc_flags' src='https:\/\/studiogiochi.com\/wp-content\/plugins\/azurecurve-flags\/images\/gb.png' alt= 'United Kingdom of Great Britain and Northern Ireland' \/>\n<p><strong>Settlers of Catan Olympiad Championship<\/strong><br \/>\n1 Tim Hebbes <img class='azc_flags' src='https:\/\/studiogiochi.com\/wp-content\/plugins\/azurecurve-flags\/images\/gb.png' alt= 'United Kingdom of Great Britain and Northern Ireland' \/>\n2 Alan Farrell <img class='azc_flags' src='https:\/\/studiogiochi.com\/wp-content\/plugins\/azurecurve-flags\/images\/gb.png' alt= 'United Kingdom of Great Britain and Northern Ireland' \/>\n3 Dario De Toffoli <img class='azc_flags' src='https:\/\/studiogiochi.com\/wp-content\/plugins\/azurecurve-flags\/images\/it.png' alt= 'Italy' \/>\n3 James Heppell <img class='azc_flags' src='https:\/\/studiogiochi.com\/wp-content\/plugins\/azurecurve-flags\/images\/gb.png' alt= 'United Kingdom of Great Britain and Northern Ireland' \/>\n<p><strong>Triolet &#8211; Olympiad Championship<\/strong><br \/>\n1 Tim Hebbes <img class='azc_flags' src='https:\/\/studiogiochi.com\/wp-content\/plugins\/azurecurve-flags\/images\/gb.png' alt= 'United Kingdom of Great Britain and Northern Ireland' \/>\n2 Dario De Toffoli <img class='azc_flags' src='https:\/\/studiogiochi.com\/wp-content\/plugins\/azurecurve-flags\/images\/it.png' alt= 'Italy' \/>\n3 Kenneth Wilshire <img class='azc_flags' src='https:\/\/studiogiochi.com\/wp-content\/plugins\/azurecurve-flags\/images\/gb.png' alt= 'United Kingdom of Great Britain and Northern Ireland' \/>[\/vc_column_text][\/vc_tta_section][\/vc_tta_tabs][\/vc_column][\/vc_row]\n<\/div>","protected":false},"excerpt":{"rendered":"[vc_row][vc_column width=\"1\/4\" el_class=\"download\"][vc_single_image image=\"3346\" img_size=\"full\"][vc_empty_space][vc_column_text] Download Program Report - MSO 2009 [\/vc_column_text][\/vc_column][vc_column width=\"3\/4\"][vc_single_image image=\"11432\" img_size=\"full\" alignment=\"center\"][vc_tta_tabs][vc_tta_section title=\"MSO 2009\" tab_id=\"1518087796239-ef82228a-5663b846-ebe8\"][vc_column_text] 13th [...]","protected":false},"author":7,"featured_media":0,"parent":11200,"menu_order":1200,"comment_status":"closed","ping_status":"closed","template":"","meta":{"footnotes":""},"class_list":["post-19649","page","type-page","status-publish","hentry"],"yoast_head":"<!-- This site is optimized with the Yoast SEO plugin v27.2 - https:\/\/yoast.com\/product\/yoast-seo-wordpress\/ -->\n<title>MSO 2009 - studiogiochi<\/title>\n<meta name=\"robots\" content=\"index, follow, max-snippet:-1, max-image-preview:large, max-video-preview:-1\" \/>\n<link rel=\"canonical\" href=\"https:\/\/studiogiochi.com\/en\/mind-sports-olympiad\/mso-2009\/\" \/>\n<meta property=\"og:locale\" content=\"en_US\" \/>\n<meta property=\"og:type\" content=\"article\" \/>\n<meta property=\"og:title\" content=\"MSO 2009 - studiogiochi\" \/>\n<meta property=\"og:url\" content=\"https:\/\/studiogiochi.com\/en\/mind-sports-olympiad\/mso-2009\/\" \/>\n<meta property=\"og:site_name\" content=\"studiogiochi\" \/>\n<meta property=\"article:modified_time\" content=\"2018-07-18T08:22:58+00:00\" \/>\n<meta name=\"twitter:card\" content=\"summary_large_image\" \/>\n<meta name=\"twitter:label1\" content=\"Est. reading time\" \/>\n\t<meta name=\"twitter:data1\" content=\"5 minutes\" \/>\n<script type=\"application\/ld+json\" class=\"yoast-schema-graph\">{\"@context\":\"https:\/\/schema.org\",\"@graph\":[{\"@type\":\"WebPage\",\"@id\":\"https:\/\/studiogiochi.com\/en\/mind-sports-olympiad\/mso-2009\/\",\"url\":\"https:\/\/studiogiochi.com\/en\/mind-sports-olympiad\/mso-2009\/\",\"name\":\"MSO 2009 - studiogiochi\",\"isPartOf\":{\"@id\":\"https:\/\/studiogiochi.com\/#website\"},\"datePublished\":\"2018-03-29T12:36:19+00:00\",\"dateModified\":\"2018-07-18T08:22:58+00:00\",\"breadcrumb\":{\"@id\":\"https:\/\/studiogiochi.com\/en\/mind-sports-olympiad\/mso-2009\/#breadcrumb\"},\"inLanguage\":\"en-US\",\"potentialAction\":[{\"@type\":\"ReadAction\",\"target\":[\"https:\/\/studiogiochi.com\/en\/mind-sports-olympiad\/mso-2009\/\"]}]},{\"@type\":\"BreadcrumbList\",\"@id\":\"https:\/\/studiogiochi.com\/en\/mind-sports-olympiad\/mso-2009\/#breadcrumb\",\"itemListElement\":[{\"@type\":\"ListItem\",\"position\":1,\"name\":\"Home\",\"item\":\"https:\/\/studiogiochi.com\/en\/\"},{\"@type\":\"ListItem\",\"position\":2,\"name\":\"Mind Sports Olympiad\",\"item\":\"https:\/\/studiogiochi.com\/en\/mind-sports-olympiad\/\"},{\"@type\":\"ListItem\",\"position\":3,\"name\":\"MSO 2009\"}]},{\"@type\":\"WebSite\",\"@id\":\"https:\/\/studiogiochi.com\/#website\",\"url\":\"https:\/\/studiogiochi.com\/\",\"name\":\"studiogiochi\",\"description\":\"35 ANNI DI GIOCHI\",\"potentialAction\":[{\"@type\":\"SearchAction\",\"target\":{\"@type\":\"EntryPoint\",\"urlTemplate\":\"https:\/\/studiogiochi.com\/?s={search_term_string}\"},\"query-input\":{\"@type\":\"PropertyValueSpecification\",\"valueRequired\":true,\"valueName\":\"search_term_string\"}}],\"inLanguage\":\"en-US\"}]}<\/script>\n<!-- \/ Yoast SEO plugin. -->","yoast_head_json":{"title":"MSO 2009 - studiogiochi","robots":{"index":"index","follow":"follow","max-snippet":"max-snippet:-1","max-image-preview":"max-image-preview:large","max-video-preview":"max-video-preview:-1"},"canonical":"https:\/\/studiogiochi.com\/en\/mind-sports-olympiad\/mso-2009\/","og_locale":"en_US","og_type":"article","og_title":"MSO 2009 - studiogiochi","og_url":"https:\/\/studiogiochi.com\/en\/mind-sports-olympiad\/mso-2009\/","og_site_name":"studiogiochi","article_modified_time":"2018-07-18T08:22:58+00:00","twitter_card":"summary_large_image","twitter_misc":{"Est. reading time":"5 minutes"},"schema":{"@context":"https:\/\/schema.org","@graph":[{"@type":"WebPage","@id":"https:\/\/studiogiochi.com\/en\/mind-sports-olympiad\/mso-2009\/","url":"https:\/\/studiogiochi.com\/en\/mind-sports-olympiad\/mso-2009\/","name":"MSO 2009 - studiogiochi","isPartOf":{"@id":"https:\/\/studiogiochi.com\/#website"},"datePublished":"2018-03-29T12:36:19+00:00","dateModified":"2018-07-18T08:22:58+00:00","breadcrumb":{"@id":"https:\/\/studiogiochi.com\/en\/mind-sports-olympiad\/mso-2009\/#breadcrumb"},"inLanguage":"en-US","potentialAction":[{"@type":"ReadAction","target":["https:\/\/studiogiochi.com\/en\/mind-sports-olympiad\/mso-2009\/"]}]},{"@type":"BreadcrumbList","@id":"https:\/\/studiogiochi.com\/en\/mind-sports-olympiad\/mso-2009\/#breadcrumb","itemListElement":[{"@type":"ListItem","position":1,"name":"Home","item":"https:\/\/studiogiochi.com\/en\/"},{"@type":"ListItem","position":2,"name":"Mind Sports Olympiad","item":"https:\/\/studiogiochi.com\/en\/mind-sports-olympiad\/"},{"@type":"ListItem","position":3,"name":"MSO 2009"}]},{"@type":"WebSite","@id":"https:\/\/studiogiochi.com\/#website","url":"https:\/\/studiogiochi.com\/","name":"studiogiochi","description":"35 ANNI DI GIOCHI","potentialAction":[{"@type":"SearchAction","target":{"@type":"EntryPoint","urlTemplate":"https:\/\/studiogiochi.com\/?s={search_term_string}"},"query-input":{"@type":"PropertyValueSpecification","valueRequired":true,"valueName":"search_term_string"}}],"inLanguage":"en-US"}]}},"_links":{"self":[{"href":"https:\/\/studiogiochi.com\/en\/wp-json\/wp\/v2\/pages\/19649","targetHints":{"allow":["GET"]}}],"collection":[{"href":"https:\/\/studiogiochi.com\/en\/wp-json\/wp\/v2\/pages"}],"about":[{"href":"https:\/\/studiogiochi.com\/en\/wp-json\/wp\/v2\/types\/page"}],"author":[{"embeddable":true,"href":"https:\/\/studiogiochi.com\/en\/wp-json\/wp\/v2\/users\/7"}],"replies":[{"embeddable":true,"href":"https:\/\/studiogiochi.com\/en\/wp-json\/wp\/v2\/comments?post=19649"}],"version-history":[{"count":0,"href":"https:\/\/studiogiochi.com\/en\/wp-json\/wp\/v2\/pages\/19649\/revisions"}],"up":[{"embeddable":true,"href":"https:\/\/studiogiochi.com\/en\/wp-json\/wp\/v2\/pages\/11200"}],"wp:attachment":[{"href":"https:\/\/studiogiochi.com\/en\/wp-json\/wp\/v2\/media?parent=19649"}],"curies":[{"name":"wp","href":"https:\/\/api.w.org\/{rel}","templated":true}]}}