{"id":19670,"date":"2018-04-03T15:47:41","date_gmt":"2018-04-03T13:47:41","guid":{"rendered":"https:\/\/www.studiogiochi.com\/?page_id=19670"},"modified":"2018-05-07T17:13:18","modified_gmt":"2018-05-07T15:13:18","slug":"mso-2013","status":"publish","type":"page","link":"https:\/\/studiogiochi.com\/en\/mind-sports-olympiad\/mso-2013\/","title":{"rendered":"MSO 2013"},"content":{"rendered":"<div class=\"wpb-content-wrapper\">[vc_row][vc_column width=&#8221;1\/4&#8243;][vc_single_image image=&#8221;3347&#8243; img_size=&#8221;full&#8221;][vc_empty_space][\/vc_column][vc_column width=&#8221;3\/4&#8243;][vc_single_image image=&#8221;13335&#8243; img_size=&#8221;full&#8221; alignment=&#8221;center&#8221;][vc_tta_tabs][vc_tta_section title=&#8221;MSO 2013&#8243; tab_id=&#8221;1518087796239-ef82228a-566381e8-9396&#8243;][vc_column_text]\n<p style=\"text-align: justify;\"><strong>26 August 2013<\/strong><strong>\u00a0&#8211;\u00a0\u00a0ANKUSH KAHNDELWAL\u00a0AND\u00a0ANDRES KUUSK<\/strong><strong>\u00a0ARE THE WINNERS<\/strong><\/p>\n<p style=\"text-align: justify;\">This year the\u00a0Pentamind Worl Champion 2013 is shared between the indian-british Ankush Kahndelwal\u00a0and the estonian Andres Kuusk, both with\u00a0<strong>492,86<\/strong><strong>\/500<\/strong>.<\/p>\n[\/vc_column_text][vc_single_image image=&#8221;13337&#8243; img_size=&#8221;full&#8221;][vc_column_text]\n<h6 style=\"text-align: center;\">Ankush Kahndelwal\u00a0(left) e\u00a0Andres Kuusk\u00a0(right)<\/h6>\n[\/vc_column_text][vc_column_text]\n<p style=\"text-align: justify;\">Any kind of mental discipline was played, from Chess to Mental calculation, from Mastermind to\u00a0Acquire, from backgammon to poker,\u00a0for a total of about 60 Tournaments.<\/p>\n[\/vc_column_text][vc_column_text]\n<p style=\"text-align: center;\"><strong><a href=\"#1522762554752-aecc6819-162c\">Chronicles<\/a><br \/>\n<a href=\"#1518087796300-a92bca97-3e6081e8-9396\">Italian medals<\/a><\/strong><strong><br \/>\n<a href=\"#1522762929454-f2cb4000-3191\">Photos<\/a><\/strong><\/p>\n[\/vc_column_text][\/vc_tta_section][vc_tta_section title=&#8221;Chronicles&#8221; tab_id=&#8221;1522762554752-aecc6819-162c&#8221;][vc_column_text]\n<p style=\"text-align: justify;\"><strong>17th Mind Sports Olympiad<br \/>\nLondra &#8211; University of London Union<br \/>\n17-26 Agosto 2013<\/strong><\/p>\n<p><span style=\"color: #cc0000;\">THIS TEXT WILL SOON BE AVAILABLE IN ENGLISH<\/span><\/p>\n<p style=\"text-align: justify;\">Quest&#8217;anno una sola &#8220;cronaca&#8221;, a Olimpiadi concluse.<br \/>\nIl fatto \u00e8 cher davvero non ho avuto nemmeno tempo di pensarci finch\u00e9 non son salito sull&#8217;aereo che mi ha portato a Londra.<br \/>\nQuestioni personali, ma soprattutto la marea di nuove riviste che stiamo realizzando chiavi in mano per la Sudoku S.r.L. del gruppo Sprea.<\/p>\n<p style=\"text-align: justify;\">Dunque \u00e8 in aereo che ho preso visione del programma di gare, zero allenamento.<br \/>\nPer\u00f2 volevo esserci, non certo per difendere il mio titolo dell&#8217;anno scorso, che non potevo essere in condizione di difendere, quanto per divertirmi un po&#8217; a giocare agonisticamente quanti pi\u00f9 giochi possibile. Lasciatemi almeno questo!<\/p>\n<p style=\"text-align: justify;\">E in fondo non \u00e8 andata male. Qualche partita l&#8217;ho persa proprio per evidente mancanza di allenamento, in qualche altro caso la fortuna non mi ha dato lo stesso aiuto concessomi lo scorso anno, per\u00f2 &#8220;all in all&#8221; 6 medaglie le ho portate a casa. Per\u00f2 niente oro: 2 argenti e 4 bronzi. Per un sesto posto\u00a0 complessivo nel pentamind con 446 punti su 500 (contro i 489 dello scorso anno).<\/p>\n<p style=\"text-align: justify;\">Per\u00f2 non ero solo a rappresentare l&#8217;Italia.<br \/>\nMolto bene ha fatto <strong>Daniele Ferri<\/strong>, che ha brillantemente confermato confermato l&#8217;<strong>oro<\/strong> dello scorso anno a <strong>Rummikub <\/strong>vincendo tutte le partite (a me il bronzo per spareggio, con una sola sconfitta). Non solo, ma inaspettatamente si \u00e8 guadagnato un altro oro in uno dei tornei di backgammon con 6 vittorie su 6 incontri: grande! Mi sa che si \u00e8 proprio divertito e che l&#8217;anno prossimo far\u00e0 un pensierino a una partecipazione pi\u00f9 completa, con un&#8217;antenna puntata al Pentamind.<br \/>\nBene anche <strong>Cosimo Cardellicchio<\/strong>, che battendomi meritatamente a <strong>Oware <\/strong>(Mancala) si \u00e8 guadagnato l&#8217;<strong>argento<\/strong> (tagliandomi fuori dalla zona medaglie).<br \/>\nBene anche <strong>Giuseppe Chiarulli<\/strong> e <strong>Riccardo Gueci<\/strong>, rispettivamente <strong>argento <\/strong>e <strong>bronzo <\/strong>a <strong>Othello <\/strong>nel torneo vinto da Jan Haugland. Riccardo \u00e8 poi stato con me vari giorni e ce la siamo spassata a provare questo o quel torneo.<\/p>\n<p style=\"text-align: justify;\"><strong>Pentamind<\/strong><br \/>\nQuesta \u00e8 stata una corsa davvero avvincente. Il giovane indiano-inglese <strong>Ankush Kahndelwal<\/strong> (22 anni, nativo dell&#8217;Uttar Pradesh, nazionale juniores inglese sia di scacchi che di bridge, semipro di poker,&#8230;) prende il largo collezionando ori su ori, gioca in modo sempre brillante ed \u00e8 anche aiutato da qualche colpo di fortuna (che non guasta mai!). Si attesta a 492,86\/500, vale a dire 4 vittorie da solo (100 punti l&#8217;una e un piazzamento in comune a Line of Action (92,86 punti). Sembra fatta. Ma l&#8217;estone <strong>Andres Kuusk<\/strong>, grandissimo giocatore, non si d\u00e0 per vinto e la mattina dell&#8217;ultimo giorno si aggiudica il tornel di Boku, la sua quarta vittoria da solo, e come quinto risultato pu\u00f2 vantare lo stesso piazzamento a LOA di Kahndelwal (erano infatti appaiati in classifica). Chiudono quindi entrambi a <strong>492,86. Oro condiviso!<\/strong><\/p>\n<p style=\"text-align: justify;\"><strong>Mea culpa<br \/>\nHare &amp; Tortoise<\/strong> (aka <strong>Carotine<\/strong>). Son finito 4\u00b0 perdendo una partita che non dovevo perdere&#8230; qui ho proprio sentito la mancanza di pratica: il gioco appare fanciullesco, ma le strategie sono tutt&#8217;altro che banali. L&#8217;estone kuusk qui aveva davvero un&#8217;altra marcia e ha meritatamente vinto per distacco.<br \/>\n<strong>Oware<\/strong> (aka <strong>Mancala<\/strong>). Sostanzialmente esco dalle aperture in modo pressoch\u00e9 casuale e poi in generale mi faccio valere nel medio gioco e nei finali, che gioco con sicurezza. Ma contro Jean Reschitzki (oro, un prof svizzero che studia il gioco da 20 anni) e contro il nostro Cardellicchio (argento), dall&#8217;apertura sono uscito con un gap troppo grande da colmare; sostanzialmente sono caduto nei loro tranelli&#8230; mi riprometto di studiarle un po&#8217; queste aperture per l&#8217;anno prossimo!<\/p>\n<p style=\"text-align: justify;\"><strong>Qualche rimpianto<br \/>\nMastermind<\/strong>. Si sa com&#8217;\u00e8 questo gioco. Per\u00f2 ti secca se fai la miglior media chiusura del torneo e poi ti ritrovi nelle zone basse della classifica con 3,5\/7&#8230; ma che i miei avversari devono tutti fare la loro miglior prestazione contro di me? \ud83d\ude42 Ma pazienza, lo scorso anno la fortuna aveva aiutato me.<br \/>\n<strong>Carcassonne<\/strong>. Qui \u00e8 stato l&#8217;errore di Bahrat Thakrar a compromettere un torneo che potevo tranquillamente vincere. Si giocava in 4 per tavolo, con 3 carte scoperte ciascuno (niente male). Una colossale svista di Bahrat (non chiude una citt\u00e0 condivisa che da 14 avrebbe potuto andare a 30 punti!) e finiamo 3\u00b0 e 4\u00b0 anzich\u00e9 1\u00b0 e 2\u00b0. Quando cordialmente gli spiego che lo odiavo, lui candido mi chiede perch\u00e9 non l&#8217;ho avvisato. Io rimango di stucco, che faccio, mi metto a suggerire le mosse durante il torneo? E iunvece poi scopro che sarebbe stato lecito &#8220;chiacchierare&#8221; durante la partita (incredibile!), ma naturalmente non c&#8217;era uno straccio di regolamento di torneo a spiegarlo. Vabb\u00e8, sar\u00e0 giusto cos\u00ec. Cos\u00ec finisco 2\u00b0 (in 4 a pari punti) e fuori medaglia per spareggio tecnico (somma dei punteggi) assieme a Daniele Ferri.<\/p>\n<p style=\"text-align: justify;\"><strong>Sorpresa<\/strong><br \/>\n<strong>Cribbage<\/strong>. Un gioco di carte tipicamente inglese, in Italia praticamente nessuno lo conosce. Ma io ho voluto provarlo, perch\u00e9 le regole sono davvero intriganti e poi la notte prima avevo passato un paio d&#8217;ore insonni a praticarlo con una app nel mio iphone. Ebbene, mi son proprio divertito, gente simpatica e paziente con la mia inesperienza della ritualit\u00e0 del gioco, sia i soliti pentaminder che specialisti appositamente venuti. La cosa sorprendente \u00e8 che mi son trovato in testa dall&#8217;inizio alla fine, finendo 1\u00b0 a pari merito, ma con l&#8217;argento per il solito spareggio tecnico (acc&#8230;).<\/p>\n<p style=\"text-align: justify;\">Resto dell&#8217;idea che se l&#8217;Italia portasse a Londra una squadra ben assortita e decentemente preparata&#8230; non ce ne sarebbe pi\u00f9 per nessuno!<br \/>\nAlla 18a edizione del 2014!<\/p>\n<p style=\"text-align: justify;\">dario de toffoli<\/p>\n[\/vc_column_text][\/vc_tta_section][vc_tta_section title=&#8221;Italian medals&#8221; tab_id=&#8221;1518087796300-a92bca97-3e6081e8-9396&#8243;][vc_column_text]\n<h2 style=\"text-align: center;\"><strong>ITALIAN MEDALS<\/strong><\/h2>\n[\/vc_column_text][vc_column_text]<strong>Chess Exchange<\/strong><br \/>\n1 Ankush Khandelwal <img class='azc_flags' src='https:\/\/studiogiochi.com\/wp-content\/plugins\/azurecurve-flags\/images\/gb.png' alt= 'United Kingdom of Great Britain and Northern Ireland' \/> <img class='azc_flags' src='https:\/\/studiogiochi.com\/wp-content\/plugins\/azurecurve-flags\/images\/in.png' alt= 'India' \/> &#8211; Tim Hebbes <img class='azc_flags' src='https:\/\/studiogiochi.com\/wp-content\/plugins\/azurecurve-flags\/images\/gb.png' alt= 'United Kingdom of Great Britain and Northern Ireland' \/>\n2 Alain Dekker <img class='azc_flags' src='https:\/\/studiogiochi.com\/wp-content\/plugins\/azurecurve-flags\/images\/za.png' alt= 'South Africa' \/> &#8211; Etan Ilfeld <img class='azc_flags' src='https:\/\/studiogiochi.com\/wp-content\/plugins\/azurecurve-flags\/images\/gb.png' alt= 'United Kingdom of Great Britain and Northern Ireland' \/>\n3 Martyn Hamer <img class='azc_flags' src='https:\/\/studiogiochi.com\/wp-content\/plugins\/azurecurve-flags\/images\/gb.png' alt= 'United Kingdom of Great Britain and Northern Ireland' \/> &#8211; Riccardo Gueci <img class='azc_flags' src='https:\/\/studiogiochi.com\/wp-content\/plugins\/azurecurve-flags\/images\/it.png' alt= 'Italy' \/>\n<p><strong>Cribbage 6card single<\/strong><br \/>\n1 Mick Graystone <img class='azc_flags' src='https:\/\/studiogiochi.com\/wp-content\/plugins\/azurecurve-flags\/images\/gb.png' alt= 'United Kingdom of Great Britain and Northern Ireland' \/>\n2 Dario De Toffoli <img class='azc_flags' src='https:\/\/studiogiochi.com\/wp-content\/plugins\/azurecurve-flags\/images\/it.png' alt= 'Italy' \/>\n3 Madeleine Heppell <img class='azc_flags' src='https:\/\/studiogiochi.com\/wp-content\/plugins\/azurecurve-flags\/images\/gb.png' alt= 'United Kingdom of Great Britain and Northern Ireland' \/>\n<p><strong>Oware<\/strong><br \/>\n1 Jean Retschitzki <img class='azc_flags' src='https:\/\/studiogiochi.com\/wp-content\/plugins\/azurecurve-flags\/images\/ch.png' alt= 'Switzerland' \/>\n2 Cosimo Cardellicchio <img class='azc_flags' src='https:\/\/studiogiochi.com\/wp-content\/plugins\/azurecurve-flags\/images\/it.png' alt= 'Italy' \/>\n3 Matthew Hathrell <img class='azc_flags' src='https:\/\/studiogiochi.com\/wp-content\/plugins\/azurecurve-flags\/images\/gb.png' alt= 'United Kingdom of Great Britain and Northern Ireland' \/>\n<p><strong>Poker 5 Card Draw<\/strong><br \/>\n1 Ankush Khandelwal <img class='azc_flags' src='https:\/\/studiogiochi.com\/wp-content\/plugins\/azurecurve-flags\/images\/gb.png' alt= 'United Kingdom of Great Britain and Northern Ireland' \/> <img class='azc_flags' src='https:\/\/studiogiochi.com\/wp-content\/plugins\/azurecurve-flags\/images\/in.png' alt= 'India' \/>\n2 Dario De Toffoli <img class='azc_flags' src='https:\/\/studiogiochi.com\/wp-content\/plugins\/azurecurve-flags\/images\/it.png' alt= 'Italy' \/>\n3 David Jameson <img class='azc_flags' src='https:\/\/studiogiochi.com\/wp-content\/plugins\/azurecurve-flags\/images\/gb.png' alt= 'United Kingdom of Great Britain and Northern Ireland' \/>\n<p><strong>Backgammon 7rdx3pt<\/strong><br \/>\n1 Mahmoud Jahanbani <img class='azc_flags' src='https:\/\/studiogiochi.com\/wp-content\/plugins\/azurecurve-flags\/images\/ir.png' alt= 'Iran Islamic Republic of' \/>\n2 Tom Duggan <img class='azc_flags' src='https:\/\/studiogiochi.com\/wp-content\/plugins\/azurecurve-flags\/images\/gb.png' alt= 'United Kingdom of Great Britain and Northern Ireland' \/>\n3 Dario De Toffoli <img class='azc_flags' src='https:\/\/studiogiochi.com\/wp-content\/plugins\/azurecurve-flags\/images\/it.png' alt= 'Italy' \/>\n<p><strong>Backgammon 6rdx5pt<\/strong><br \/>\n1 Daniele Ferri <img class='azc_flags' src='https:\/\/studiogiochi.com\/wp-content\/plugins\/azurecurve-flags\/images\/it.png' alt= 'Italy' \/>\n2 Jason Dennis <img class='azc_flags' src='https:\/\/studiogiochi.com\/wp-content\/plugins\/azurecurve-flags\/images\/gb.png' alt= 'United Kingdom of Great Britain and Northern Ireland' \/>\n3 Josef Kollar <img class='azc_flags' src='https:\/\/studiogiochi.com\/wp-content\/plugins\/azurecurve-flags\/images\/gb.png' alt= 'United Kingdom of Great Britain and Northern Ireland' \/>\n<p><strong>Othello<\/strong><br \/>\n1 Jan Haugland <img class='azc_flags' src='https:\/\/studiogiochi.com\/wp-content\/plugins\/azurecurve-flags\/images\/no.png' alt= 'Norway' \/>\n2 Giuseppe Chiarulli <img class='azc_flags' src='https:\/\/studiogiochi.com\/wp-content\/plugins\/azurecurve-flags\/images\/it.png' alt= 'Italy' \/>\n3 Riccardo Gueci <img class='azc_flags' src='https:\/\/studiogiochi.com\/wp-content\/plugins\/azurecurve-flags\/images\/it.png' alt= 'Italy' \/>\n<p><strong>Mensa Connections<\/strong><br \/>\n1 James Heppell <img class='azc_flags' src='https:\/\/studiogiochi.com\/wp-content\/plugins\/azurecurve-flags\/images\/gb.png' alt= 'United Kingdom of Great Britain and Northern Ireland' \/>\n2 Andrew Havery <img class='azc_flags' src='https:\/\/studiogiochi.com\/wp-content\/plugins\/azurecurve-flags\/images\/gb.png' alt= 'United Kingdom of Great Britain and Northern Ireland' \/>\n3 Dario De Toffoli <img class='azc_flags' src='https:\/\/studiogiochi.com\/wp-content\/plugins\/azurecurve-flags\/images\/it.png' alt= 'Italy' \/>\n3 Steve Rimmer <img class='azc_flags' src='https:\/\/studiogiochi.com\/wp-content\/plugins\/azurecurve-flags\/images\/gb.png' alt= 'United Kingdom of Great Britain and Northern Ireland' \/>\n<p><strong>Rummikub<\/strong><br \/>\n1 Daniele Ferri <img class='azc_flags' src='https:\/\/studiogiochi.com\/wp-content\/plugins\/azurecurve-flags\/images\/it.png' alt= 'Italy' \/>\n2 David Jameson <img class='azc_flags' src='https:\/\/studiogiochi.com\/wp-content\/plugins\/azurecurve-flags\/images\/gb.png' alt= 'United Kingdom of Great Britain and Northern Ireland' \/>\n3 Dario De Toffoli <img class='azc_flags' src='https:\/\/studiogiochi.com\/wp-content\/plugins\/azurecurve-flags\/images\/it.png' alt= 'Italy' \/>\n<p><strong>Lost Cities<\/strong><br \/>\n1 James Heppell <img class='azc_flags' src='https:\/\/studiogiochi.com\/wp-content\/plugins\/azurecurve-flags\/images\/gb.png' alt= 'United Kingdom of Great Britain and Northern Ireland' \/>\n2 Alain Dekker <img class='azc_flags' src='https:\/\/studiogiochi.com\/wp-content\/plugins\/azurecurve-flags\/images\/za.png' alt= 'South Africa' \/>\n3 Dario De Toffoli <img class='azc_flags' src='https:\/\/studiogiochi.com\/wp-content\/plugins\/azurecurve-flags\/images\/it.png' alt= 'Italy' \/>[\/vc_column_text][\/vc_tta_section][vc_tta_section title=&#8221;Photos&#8221; tab_id=&#8221;1522762929454-f2cb4000-3191&#8243;][vc_column_text]\n<h3>PHOTOS<\/h3>\n[\/vc_column_text][vc_media_grid element_width=&#8221;2&#8243; grid_id=&#8221;vc_gid:1525704972844-6ee4ad79-8a69-7&#8243; include=&#8221;13339,13341,13343,13345,13347,13349,13351,13353,13355,13357,13359,13361&#8243;][\/vc_tta_section][\/vc_tta_tabs][\/vc_column][\/vc_row]\n<\/div>","protected":false},"excerpt":{"rendered":"[vc_row][vc_column width=\"1\/4\"][vc_single_image image=\"3347\" img_size=\"full\"][vc_empty_space][\/vc_column][vc_column width=\"3\/4\"][vc_single_image image=\"13335\" img_size=\"full\" alignment=\"center\"][vc_tta_tabs][vc_tta_section title=\"MSO 2013\" tab_id=\"1518087796239-ef82228a-566381e8-9396\"][vc_column_text] 26 August 2013\u00a0-\u00a0\u00a0ANKUSH KAHNDELWAL\u00a0AND\u00a0ANDRES KUUSK\u00a0ARE THE WINNERS This year [...]","protected":false},"author":7,"featured_media":0,"parent":11200,"menu_order":800,"comment_status":"closed","ping_status":"closed","template":"","meta":{"footnotes":""},"class_list":["post-19670","page","type-page","status-publish","hentry"],"yoast_head":"<!-- This site is optimized with the Yoast SEO plugin v27.2 - https:\/\/yoast.com\/product\/yoast-seo-wordpress\/ -->\n<title>MSO 2013 - studiogiochi<\/title>\n<meta name=\"robots\" content=\"index, follow, max-snippet:-1, max-image-preview:large, max-video-preview:-1\" \/>\n<link rel=\"canonical\" href=\"https:\/\/studiogiochi.com\/en\/mind-sports-olympiad\/mso-2013\/\" \/>\n<meta property=\"og:locale\" content=\"en_US\" \/>\n<meta property=\"og:type\" content=\"article\" \/>\n<meta property=\"og:title\" content=\"MSO 2013 - studiogiochi\" \/>\n<meta property=\"og:url\" content=\"https:\/\/studiogiochi.com\/en\/mind-sports-olympiad\/mso-2013\/\" \/>\n<meta property=\"og:site_name\" content=\"studiogiochi\" \/>\n<meta property=\"article:modified_time\" content=\"2018-05-07T15:13:18+00:00\" \/>\n<meta name=\"twitter:card\" content=\"summary_large_image\" \/>\n<meta name=\"twitter:label1\" content=\"Est. reading time\" \/>\n\t<meta name=\"twitter:data1\" content=\"6 minutes\" \/>\n<script type=\"application\/ld+json\" class=\"yoast-schema-graph\">{\"@context\":\"https:\/\/schema.org\",\"@graph\":[{\"@type\":\"WebPage\",\"@id\":\"https:\/\/studiogiochi.com\/en\/mind-sports-olympiad\/mso-2013\/\",\"url\":\"https:\/\/studiogiochi.com\/en\/mind-sports-olympiad\/mso-2013\/\",\"name\":\"MSO 2013 - studiogiochi\",\"isPartOf\":{\"@id\":\"https:\/\/studiogiochi.com\/#website\"},\"datePublished\":\"2018-04-03T13:47:41+00:00\",\"dateModified\":\"2018-05-07T15:13:18+00:00\",\"breadcrumb\":{\"@id\":\"https:\/\/studiogiochi.com\/en\/mind-sports-olympiad\/mso-2013\/#breadcrumb\"},\"inLanguage\":\"en-US\",\"potentialAction\":[{\"@type\":\"ReadAction\",\"target\":[\"https:\/\/studiogiochi.com\/en\/mind-sports-olympiad\/mso-2013\/\"]}]},{\"@type\":\"BreadcrumbList\",\"@id\":\"https:\/\/studiogiochi.com\/en\/mind-sports-olympiad\/mso-2013\/#breadcrumb\",\"itemListElement\":[{\"@type\":\"ListItem\",\"position\":1,\"name\":\"Home\",\"item\":\"https:\/\/studiogiochi.com\/en\/\"},{\"@type\":\"ListItem\",\"position\":2,\"name\":\"Mind Sports Olympiad\",\"item\":\"https:\/\/studiogiochi.com\/en\/mind-sports-olympiad\/\"},{\"@type\":\"ListItem\",\"position\":3,\"name\":\"MSO 2013\"}]},{\"@type\":\"WebSite\",\"@id\":\"https:\/\/studiogiochi.com\/#website\",\"url\":\"https:\/\/studiogiochi.com\/\",\"name\":\"studiogiochi\",\"description\":\"35 ANNI DI GIOCHI\",\"potentialAction\":[{\"@type\":\"SearchAction\",\"target\":{\"@type\":\"EntryPoint\",\"urlTemplate\":\"https:\/\/studiogiochi.com\/?s={search_term_string}\"},\"query-input\":{\"@type\":\"PropertyValueSpecification\",\"valueRequired\":true,\"valueName\":\"search_term_string\"}}],\"inLanguage\":\"en-US\"}]}<\/script>\n<!-- \/ Yoast SEO plugin. -->","yoast_head_json":{"title":"MSO 2013 - studiogiochi","robots":{"index":"index","follow":"follow","max-snippet":"max-snippet:-1","max-image-preview":"max-image-preview:large","max-video-preview":"max-video-preview:-1"},"canonical":"https:\/\/studiogiochi.com\/en\/mind-sports-olympiad\/mso-2013\/","og_locale":"en_US","og_type":"article","og_title":"MSO 2013 - studiogiochi","og_url":"https:\/\/studiogiochi.com\/en\/mind-sports-olympiad\/mso-2013\/","og_site_name":"studiogiochi","article_modified_time":"2018-05-07T15:13:18+00:00","twitter_card":"summary_large_image","twitter_misc":{"Est. reading time":"6 minutes"},"schema":{"@context":"https:\/\/schema.org","@graph":[{"@type":"WebPage","@id":"https:\/\/studiogiochi.com\/en\/mind-sports-olympiad\/mso-2013\/","url":"https:\/\/studiogiochi.com\/en\/mind-sports-olympiad\/mso-2013\/","name":"MSO 2013 - studiogiochi","isPartOf":{"@id":"https:\/\/studiogiochi.com\/#website"},"datePublished":"2018-04-03T13:47:41+00:00","dateModified":"2018-05-07T15:13:18+00:00","breadcrumb":{"@id":"https:\/\/studiogiochi.com\/en\/mind-sports-olympiad\/mso-2013\/#breadcrumb"},"inLanguage":"en-US","potentialAction":[{"@type":"ReadAction","target":["https:\/\/studiogiochi.com\/en\/mind-sports-olympiad\/mso-2013\/"]}]},{"@type":"BreadcrumbList","@id":"https:\/\/studiogiochi.com\/en\/mind-sports-olympiad\/mso-2013\/#breadcrumb","itemListElement":[{"@type":"ListItem","position":1,"name":"Home","item":"https:\/\/studiogiochi.com\/en\/"},{"@type":"ListItem","position":2,"name":"Mind Sports Olympiad","item":"https:\/\/studiogiochi.com\/en\/mind-sports-olympiad\/"},{"@type":"ListItem","position":3,"name":"MSO 2013"}]},{"@type":"WebSite","@id":"https:\/\/studiogiochi.com\/#website","url":"https:\/\/studiogiochi.com\/","name":"studiogiochi","description":"35 ANNI DI GIOCHI","potentialAction":[{"@type":"SearchAction","target":{"@type":"EntryPoint","urlTemplate":"https:\/\/studiogiochi.com\/?s={search_term_string}"},"query-input":{"@type":"PropertyValueSpecification","valueRequired":true,"valueName":"search_term_string"}}],"inLanguage":"en-US"}]}},"_links":{"self":[{"href":"https:\/\/studiogiochi.com\/en\/wp-json\/wp\/v2\/pages\/19670","targetHints":{"allow":["GET"]}}],"collection":[{"href":"https:\/\/studiogiochi.com\/en\/wp-json\/wp\/v2\/pages"}],"about":[{"href":"https:\/\/studiogiochi.com\/en\/wp-json\/wp\/v2\/types\/page"}],"author":[{"embeddable":true,"href":"https:\/\/studiogiochi.com\/en\/wp-json\/wp\/v2\/users\/7"}],"replies":[{"embeddable":true,"href":"https:\/\/studiogiochi.com\/en\/wp-json\/wp\/v2\/comments?post=19670"}],"version-history":[{"count":0,"href":"https:\/\/studiogiochi.com\/en\/wp-json\/wp\/v2\/pages\/19670\/revisions"}],"up":[{"embeddable":true,"href":"https:\/\/studiogiochi.com\/en\/wp-json\/wp\/v2\/pages\/11200"}],"wp:attachment":[{"href":"https:\/\/studiogiochi.com\/en\/wp-json\/wp\/v2\/media?parent=19670"}],"curies":[{"name":"wp","href":"https:\/\/api.w.org\/{rel}","templated":true}]}}