{"id":5129,"date":"2018-01-29T22:45:59","date_gmt":"2018-01-29T21:45:59","guid":{"rendered":"https:\/\/www.studiogiochi.com\/journalism\/giochi-in-tv\/"},"modified":"2018-05-02T16:07:29","modified_gmt":"2018-05-02T14:07:29","slug":"tv-games","status":"publish","type":"page","link":"https:\/\/studiogiochi.com\/en\/tv-games\/","title":{"rendered":"TV Games"},"content":{"rendered":"<div class=\"wpb-content-wrapper\">[vc_row][vc_column width=&#8221;1\/4&#8243;][vc_single_image image=&#8221;5100&#8243; img_size=&#8221;full&#8221;][\/vc_column][vc_column width=&#8221;3\/4&#8243;][vc_column_text]\n<h2 style=\"text-align: center;\"><strong>TV GAMES<\/strong><\/h2>\n[\/vc_column_text][vc_column_text]\n<h3 style=\"text-align: center;\"><strong>&#8220;LET&#8217;S MAKE A DEAL&#8221;<\/strong><\/h3>\n<p style=\"text-align: center;\"><span style=\"color: #cc0000;\"><strong>The article is only available in Italian<\/strong><\/span><\/p>\n<p>&nbsp;<\/p>\n<p><img decoding=\"async\" class=\"aligncenter wp-image-5126 size-full\" src=\"https:\/\/studiogiochi.com\/files\/studiogiochi.com\/2018\/02\/Lets-make-a-deal.jpg\" alt=\"\" width=\"378\" height=\"215\" srcset=\"https:\/\/studiogiochi.com\/files\/studiogiochi.com\/2018\/02\/Lets-make-a-deal.jpg 378w, https:\/\/studiogiochi.com\/files\/studiogiochi.com\/2018\/02\/Lets-make-a-deal-300x171.jpg 300w\" sizes=\"(max-width: 378px) 100vw, 378px\" \/>[\/vc_column_text][vc_empty_space][vc_column_text]\n<p style=\"text-align: justify;\"><strong>Let\u2019s make a deal<\/strong><br \/>\nLet\u2019s make a deal (Facciamo un affare) era un gioco televisivo Usa degli anni settanta. Lo conduceva Monty Hall, oggi noto come \u201cMonty Hall puzzle\u201d. Durante la trasmissione un concorrente si trovava di fronte a tre porte chiuse: una conteneva un\u2019auto e dietro alle altre c\u2019era una capra. Il concorrente sceglieva una delle porte, che restava chiusa. Poi il presentatore apriva una delle altre due e invariabilmente ne usciva una capra. Notare che Monty conosceva ci\u00f2 che le porte celavano e ne apriva a colpo sicuro una che conteneva una capra; anche che la posizione dell\u2019auto e delle capre non mutava durante la gara.<br \/>\nOra Monty offriva al concorrente la possibilit\u00e0 di cambiare la sua scelta, cio\u00e8 di optare per l\u2019altra porta che era rimasta chiusa. Che cosa conveniva fare al concorrente? In America si accese un intenso dibattito, che dur\u00f2 per mesi; e alla fine risult\u00f2 che la maggioranza\u2026 aveva torto! L\u2019opinione prevalente dei telespettatori, supportata anche da docenti universitari di matematica (!), era che le due opzioni fossero equivalenti: essendoci a quel punto due sole possibilit\u00e0, l\u2019una e l\u2019altra erano ugualmente probabili, perch\u00e9 la scelta iniziale non poteva influire sulla situazione finale. Sbagliato!<br \/>\nIn realt\u00e0 al concorrente conveniva cambiare la sua scelta. Quando sceglie la porta iniziale ha 1 probabilit\u00e0 su 3 di aver indovinato il premio. Dunque ci sono 2 probabilit\u00e0 su 3 che il premio sia dietro una delle altre due porte; in ogni caso ci sar\u00e0 anche una capra e il fatto che il presentatore la faccia uscire non sposta i termini del problema. Dunque cambiando scelta il concorrente raddoppia le sue probabilit\u00e0 di ottenere il premio. In altre parole \u00e8 come se all\u2019inizio gli consentissero di scegliere due porte anzich\u00e9 una.<\/p>\n[\/vc_column_text][\/vc_column][\/vc_row]\n<\/div>","protected":false},"excerpt":{"rendered":"[vc_row][vc_column width=\"1\/4\"][vc_single_image image=\"5100\" img_size=\"full\"][\/vc_column][vc_column width=\"3\/4\"][vc_column_text] TV GAMES [\/vc_column_text][vc_column_text] \"LET'S MAKE A DEAL\" The article is only available in Italian &nbsp; [...]","protected":false},"author":7,"featured_media":0,"parent":0,"menu_order":300,"comment_status":"closed","ping_status":"closed","template":"","meta":{"footnotes":""},"class_list":["post-5129","page","type-page","status-publish","hentry"],"yoast_head":"<!-- This site is optimized with the Yoast SEO plugin v27.2 - https:\/\/yoast.com\/product\/yoast-seo-wordpress\/ -->\n<title>TV Games - studiogiochi<\/title>\n<meta name=\"robots\" content=\"index, follow, max-snippet:-1, max-image-preview:large, max-video-preview:-1\" \/>\n<link rel=\"canonical\" href=\"https:\/\/studiogiochi.com\/en\/tv-games\/\" \/>\n<meta property=\"og:locale\" content=\"en_US\" \/>\n<meta property=\"og:type\" content=\"article\" \/>\n<meta property=\"og:title\" content=\"TV Games - studiogiochi\" \/>\n<meta property=\"og:url\" content=\"https:\/\/studiogiochi.com\/en\/tv-games\/\" \/>\n<meta property=\"og:site_name\" content=\"studiogiochi\" \/>\n<meta property=\"article:modified_time\" content=\"2018-05-02T14:07:29+00:00\" \/>\n<meta property=\"og:image\" content=\"https:\/\/studiogiochi.com\/files\/studiogiochi.com\/2018\/02\/Lets-make-a-deal.jpg\" \/>\n<meta name=\"twitter:card\" content=\"summary_large_image\" \/>\n<meta name=\"twitter:label1\" content=\"Est. reading time\" \/>\n\t<meta name=\"twitter:data1\" content=\"2 minutes\" \/>\n<script type=\"application\/ld+json\" class=\"yoast-schema-graph\">{\"@context\":\"https:\/\/schema.org\",\"@graph\":[{\"@type\":\"WebPage\",\"@id\":\"https:\/\/studiogiochi.com\/en\/tv-games\/\",\"url\":\"https:\/\/studiogiochi.com\/en\/tv-games\/\",\"name\":\"TV Games - studiogiochi\",\"isPartOf\":{\"@id\":\"https:\/\/studiogiochi.com\/#website\"},\"primaryImageOfPage\":{\"@id\":\"https:\/\/studiogiochi.com\/en\/tv-games\/#primaryimage\"},\"image\":{\"@id\":\"https:\/\/studiogiochi.com\/en\/tv-games\/#primaryimage\"},\"thumbnailUrl\":\"https:\/\/studiogiochi.com\/files\/studiogiochi.com\/2018\/02\/Lets-make-a-deal.jpg\",\"datePublished\":\"2018-01-29T21:45:59+00:00\",\"dateModified\":\"2018-05-02T14:07:29+00:00\",\"breadcrumb\":{\"@id\":\"https:\/\/studiogiochi.com\/en\/tv-games\/#breadcrumb\"},\"inLanguage\":\"en-US\",\"potentialAction\":[{\"@type\":\"ReadAction\",\"target\":[\"https:\/\/studiogiochi.com\/en\/tv-games\/\"]}]},{\"@type\":\"ImageObject\",\"inLanguage\":\"en-US\",\"@id\":\"https:\/\/studiogiochi.com\/en\/tv-games\/#primaryimage\",\"url\":\"https:\/\/studiogiochi.com\/files\/studiogiochi.com\/2018\/02\/Lets-make-a-deal.jpg\",\"contentUrl\":\"https:\/\/studiogiochi.com\/files\/studiogiochi.com\/2018\/02\/Lets-make-a-deal.jpg\"},{\"@type\":\"BreadcrumbList\",\"@id\":\"https:\/\/studiogiochi.com\/en\/tv-games\/#breadcrumb\",\"itemListElement\":[{\"@type\":\"ListItem\",\"position\":1,\"name\":\"Home\",\"item\":\"https:\/\/studiogiochi.com\/en\/\"},{\"@type\":\"ListItem\",\"position\":2,\"name\":\"TV Games\"}]},{\"@type\":\"WebSite\",\"@id\":\"https:\/\/studiogiochi.com\/#website\",\"url\":\"https:\/\/studiogiochi.com\/\",\"name\":\"studiogiochi\",\"description\":\"35 ANNI DI GIOCHI\",\"potentialAction\":[{\"@type\":\"SearchAction\",\"target\":{\"@type\":\"EntryPoint\",\"urlTemplate\":\"https:\/\/studiogiochi.com\/?s={search_term_string}\"},\"query-input\":{\"@type\":\"PropertyValueSpecification\",\"valueRequired\":true,\"valueName\":\"search_term_string\"}}],\"inLanguage\":\"en-US\"}]}<\/script>\n<!-- \/ Yoast SEO plugin. -->","yoast_head_json":{"title":"TV Games - studiogiochi","robots":{"index":"index","follow":"follow","max-snippet":"max-snippet:-1","max-image-preview":"max-image-preview:large","max-video-preview":"max-video-preview:-1"},"canonical":"https:\/\/studiogiochi.com\/en\/tv-games\/","og_locale":"en_US","og_type":"article","og_title":"TV Games - studiogiochi","og_url":"https:\/\/studiogiochi.com\/en\/tv-games\/","og_site_name":"studiogiochi","article_modified_time":"2018-05-02T14:07:29+00:00","og_image":[{"url":"https:\/\/studiogiochi.com\/files\/studiogiochi.com\/2018\/02\/Lets-make-a-deal.jpg","type":"","width":"","height":""}],"twitter_card":"summary_large_image","twitter_misc":{"Est. reading time":"2 minutes"},"schema":{"@context":"https:\/\/schema.org","@graph":[{"@type":"WebPage","@id":"https:\/\/studiogiochi.com\/en\/tv-games\/","url":"https:\/\/studiogiochi.com\/en\/tv-games\/","name":"TV Games - studiogiochi","isPartOf":{"@id":"https:\/\/studiogiochi.com\/#website"},"primaryImageOfPage":{"@id":"https:\/\/studiogiochi.com\/en\/tv-games\/#primaryimage"},"image":{"@id":"https:\/\/studiogiochi.com\/en\/tv-games\/#primaryimage"},"thumbnailUrl":"https:\/\/studiogiochi.com\/files\/studiogiochi.com\/2018\/02\/Lets-make-a-deal.jpg","datePublished":"2018-01-29T21:45:59+00:00","dateModified":"2018-05-02T14:07:29+00:00","breadcrumb":{"@id":"https:\/\/studiogiochi.com\/en\/tv-games\/#breadcrumb"},"inLanguage":"en-US","potentialAction":[{"@type":"ReadAction","target":["https:\/\/studiogiochi.com\/en\/tv-games\/"]}]},{"@type":"ImageObject","inLanguage":"en-US","@id":"https:\/\/studiogiochi.com\/en\/tv-games\/#primaryimage","url":"https:\/\/studiogiochi.com\/files\/studiogiochi.com\/2018\/02\/Lets-make-a-deal.jpg","contentUrl":"https:\/\/studiogiochi.com\/files\/studiogiochi.com\/2018\/02\/Lets-make-a-deal.jpg"},{"@type":"BreadcrumbList","@id":"https:\/\/studiogiochi.com\/en\/tv-games\/#breadcrumb","itemListElement":[{"@type":"ListItem","position":1,"name":"Home","item":"https:\/\/studiogiochi.com\/en\/"},{"@type":"ListItem","position":2,"name":"TV Games"}]},{"@type":"WebSite","@id":"https:\/\/studiogiochi.com\/#website","url":"https:\/\/studiogiochi.com\/","name":"studiogiochi","description":"35 ANNI DI GIOCHI","potentialAction":[{"@type":"SearchAction","target":{"@type":"EntryPoint","urlTemplate":"https:\/\/studiogiochi.com\/?s={search_term_string}"},"query-input":{"@type":"PropertyValueSpecification","valueRequired":true,"valueName":"search_term_string"}}],"inLanguage":"en-US"}]}},"_links":{"self":[{"href":"https:\/\/studiogiochi.com\/en\/wp-json\/wp\/v2\/pages\/5129","targetHints":{"allow":["GET"]}}],"collection":[{"href":"https:\/\/studiogiochi.com\/en\/wp-json\/wp\/v2\/pages"}],"about":[{"href":"https:\/\/studiogiochi.com\/en\/wp-json\/wp\/v2\/types\/page"}],"author":[{"embeddable":true,"href":"https:\/\/studiogiochi.com\/en\/wp-json\/wp\/v2\/users\/7"}],"replies":[{"embeddable":true,"href":"https:\/\/studiogiochi.com\/en\/wp-json\/wp\/v2\/comments?post=5129"}],"version-history":[{"count":0,"href":"https:\/\/studiogiochi.com\/en\/wp-json\/wp\/v2\/pages\/5129\/revisions"}],"wp:attachment":[{"href":"https:\/\/studiogiochi.com\/en\/wp-json\/wp\/v2\/media?parent=5129"}],"curies":[{"name":"wp","href":"https:\/\/api.w.org\/{rel}","templated":true}]}}