{"id":70990,"date":"2021-11-04T11:53:12","date_gmt":"2021-11-04T10:53:12","guid":{"rendered":"https:\/\/www.studiogiochi.com\/enigmistica-su-misura\/servizi-enigmistici\/"},"modified":"2024-04-29T16:36:09","modified_gmt":"2024-04-29T14:36:09","slug":"servizi-enigmistici","status":"publish","type":"page","link":"https:\/\/studiogiochi.com\/en\/enigmistica-su-misura\/servizi-enigmistici\/","title":{"rendered":"Servizi enigmistici"},"content":{"rendered":"<div class=\"wpb-content-wrapper\">[vc_row][vc_column width=&#8221;1\/4&#8243;][vc_single_image image=&#8221;3300&#8243; img_size=&#8221;full&#8221;][\/vc_column][vc_column width=&#8221;3\/4&#8243;][vc_column_text]\n<p style=\"color: #cc0000; text-align: center;\"><strong>This page is only available in Italian<\/strong><\/p>\n[\/vc_column_text][vc_column_text]\n<h2 style=\"text-align: center;\">SERVIZI ENIGMISTICI<\/h2>\n<p>Dalla fornitura di singoli giochi enigmistici, alla rivista \u201cchiavi in mano\u201d, fino ad arrivare ai libri&#8230; ecco tutto quello che possiamo offrirti nell&#8217;ambito dell&#8217;enigmistica.<br \/>\nE se ancora non trovi quello che fa per te, <a href=\"mailto:info@studiogiochi.com\">contattaci<\/a>![\/vc_column_text][vc_row_inner][vc_column_inner width=&#8221;1\/6&#8243;][\/vc_column_inner][vc_column_inner width=&#8221;2\/6&#8243;][vc_column_text]<a href=\"#singoli\">\u2022 Singoli giochi<\/a><br \/>\n<a href=\"#box\">\u2022 Box con pi\u00f9 giochi<\/a><br \/>\n<a href=\"#pagine\">\u2022 Pagine intere<\/a><br \/>\n<a href=\"#inserti\">\u2022 Inserti speciali<\/a>[\/vc_column_text][\/vc_column_inner][vc_column_inner width=&#8221;2\/6&#8243;][vc_column_text]<a href=\"#riviste\">\u2022 Riviste complete<\/a><br \/>\n<a href=\"#libri\">\u2022 Libri di giochi<\/a><br \/>\n<a href=\"#eventi\">\u2022 Giochi per eventi<\/a><br \/>\n<a href=\"#atema\">\u2022 Giochi a tema<\/a>[\/vc_column_text][\/vc_column_inner][vc_column_inner width=&#8221;1\/6&#8243;][\/vc_column_inner][\/vc_row_inner][vc_separator color=&#8221;custom&#8221; border_width=&#8221;4&#8243; accent_color=&#8221;rgba(153,153,153,0.18)&#8221; el_id=&#8221;singoli&#8221;][vc_row_inner][vc_column_inner width=&#8221;1\/2&#8243;][vc_single_image image=&#8221;70552&#8243; img_size=&#8221;full&#8221; onclick=&#8221;img_link_large&#8221;][\/vc_column_inner][vc_column_inner width=&#8221;1\/2&#8243;][vc_column_text]\n<h4>Singoli giochi<\/h4>\n<p style=\"text-align: left;\">Cerchi un gioco enigmistico in particolare, per carta, su web o per una app? Siamo in grado di fornirtelo nel formato e nel livello di difficolt\u00e0 che preferisci.<\/p>\n<p style=\"text-align: left;\">Vuoi offrire ai lettori un sudoku giornaliero, un cruciverba o una piccola sfida logica?<br \/>\nPossiamo creare giochi di diverse difficolt\u00e0, a partire dalla modalit\u00e0 relax, fino ad arrivare alla sfida per i pi\u00f9 coraggiosi!<\/p>\n<p>Qui una lista dei <a href=\"https:\/\/studiogiochi.com\/giochi-enigmistici\/\">giochi enigmistici<\/a> pi\u00f9 comuni.[\/vc_column_text][\/vc_column_inner][\/vc_row_inner][vc_separator color=&#8221;custom&#8221; border_width=&#8221;4&#8243; accent_color=&#8221;rgba(153,153,153,0.18)&#8221; el_id=&#8221;box&#8221;][vc_row_inner][vc_column_inner width=&#8221;1\/2&#8243;][vc_single_image image=&#8221;70554&#8243; img_size=&#8221;full&#8221; onclick=&#8221;img_link_large&#8221;][\/vc_column_inner][vc_column_inner width=&#8221;1\/2&#8243;][vc_empty_space height=&#8221;1px&#8221;][vc_column_text]\n<h4>Box con pi\u00f9 giochi<\/h4>\n<p>Hai uno spazio che vorresti riempire con dei giochi enigmistici? Sapremo consigliarti quelli che meglio si adattano al tuo target, allo stile e allo spazio a disposizione, rendendo divertimento e relax tutt\u2019uno con i tuoi contenuti.<\/p>\n<p>Che sia un box ogni volta con gli stessi giochi enigmistici, o che ne abbia di volta in volta di diversi per sfide pi\u00f9 varie, sar\u00e0 completo di regole chiare e soluzioni.[\/vc_column_text][\/vc_column_inner][\/vc_row_inner][vc_separator color=&#8221;custom&#8221; border_width=&#8221;4&#8243; accent_color=&#8221;rgba(153,153,153,0.18)&#8221; el_id=&#8221;pagine&#8221;][vc_row_inner][vc_column_inner width=&#8221;2\/3&#8243;][vc_gallery interval=&#8221;0&#8243; images=&#8221;70556,70558,70560&#8243; img_size=&#8221;full&#8221; onclick=&#8221;img_link_large&#8221;][\/vc_column_inner][vc_column_inner width=&#8221;1\/3&#8243;][vc_column_text]\n<h4>Pagine intere<\/h4>\n<p style=\"text-align: left;\">Pagine di giochi enigmistici misti realizzate \u201cchiavi in mano\u201d per quotidiani e periodici.<br \/>\nUna pagina settimanale o quotidiana che intrattiene i lettori con giochi in esclusiva, anche legati all\u2019attualit\u00e0.<br \/>\nUna rubrica fissa di giochi e sul gioco che tenga i lettori allenati e informati.<br \/>\nUna serie di giochi enigmistici tematizzati sullo specifico argomento trattato da un periodico.<br \/>\nIn tutti i casi, sapremo creare il layout pi\u00f9 adatto alle vostre esigenze.<\/p>\n[\/vc_column_text][\/vc_column_inner][\/vc_row_inner][vc_separator color=&#8221;custom&#8221; border_width=&#8221;4&#8243; accent_color=&#8221;rgba(153,153,153,0.18)&#8221; el_id=&#8221;inserti&#8221;][vc_row_inner][vc_column_inner width=&#8221;2\/3&#8243;][vc_gallery interval=&#8221;0&#8243; images=&#8221;70563,70565&#8243; img_size=&#8221;full&#8221; onclick=&#8221;img_link_large&#8221;][\/vc_column_inner][vc_column_inner width=&#8221;1\/3&#8243;][vc_column_text]\n<h4>Inserti speciali<\/h4>\n<p>\u00c8 arrivato quel periodo particolare dell\u2019anno dove vuoi offrire qualcosa di pi\u00f9 ai tuoi lettori?<\/p>\n<p>Che sia un inserto estivo da giocare sotto l\u2019ombrellone, oppure natalizio, per festeggiare con i giochi enigmistici questo particolare periodo dell\u2019anno, o ancora per qualsiasi motivo tu voglia inserire delle pagine extra piene di divertimento, saremo in grado di fornirle.[\/vc_column_text][\/vc_column_inner][\/vc_row_inner][vc_separator color=&#8221;custom&#8221; border_width=&#8221;4&#8243; accent_color=&#8221;rgba(153,153,153,0.18)&#8221; el_id=&#8221;riviste&#8221;][vc_row_inner][vc_column_inner width=&#8221;2\/3&#8243;][vc_gallery interval=&#8221;0&#8243; images=&#8221;70568,70570,70572,70574&#8243; img_size=&#8221;full&#8221; onclick=&#8221;img_link_large&#8221;][\/vc_column_inner][vc_column_inner width=&#8221;1\/3&#8243;][vc_column_text]\n<h4>Riviste complete<\/h4>\n<p>Realizziamo riviste di enigmistica complete, con cadenza anche settimanale e comprensive di tutte le soluzioni.<\/p>\n<p>Che siano a colori o in bianco e nero, siamo in grado di fornire giochi, contenuti, curiosit\u00e0, barzellette e quiz, in un mix adatto al vostro target, dai solutori pi\u00f9 smaliziati alle riviste adatte a bambini e ragazzi.[\/vc_column_text][\/vc_column_inner][\/vc_row_inner][vc_separator color=&#8221;custom&#8221; border_width=&#8221;4&#8243; accent_color=&#8221;rgba(153,153,153,0.18)&#8221; el_id=&#8221;libri&#8221;][vc_row_inner][vc_column_inner width=&#8221;2\/3&#8243;][vc_gallery interval=&#8221;0&#8243; images=&#8221;70577,70579,70581,70583,70585,70587&#8243; img_size=&#8221;full&#8221; onclick=&#8221;img_link_large&#8221;][\/vc_column_inner][vc_column_inner width=&#8221;1\/3&#8243;][vc_column_text]\n<h4>Libri<\/h4>\n<p style=\"text-align: left;\">Libri di enigmistica con giochi, enigmi, rompicapo, quiz e curiosit\u00e0 su qualsiasi argomento, dall&#8217;economia alla letteratura, al cinema, alle materie scolastiche&#8230; e chi pi\u00f9 ne ha, pi\u00f9 ne metta! Per divertirsi allenando il cervello.<\/p>\n[\/vc_column_text][\/vc_column_inner][\/vc_row_inner][vc_separator color=&#8221;custom&#8221; border_width=&#8221;4&#8243; accent_color=&#8221;rgba(153,153,153,0.18)&#8221; el_id=&#8221;eventi&#8221;][vc_row_inner][vc_column_inner width=&#8221;2\/3&#8243;][vc_gallery interval=&#8221;0&#8243; images=&#8221;70590,70592,70594&#8243; img_size=&#8221;full&#8221; onclick=&#8221;img_link_large&#8221;][\/vc_column_inner][vc_column_inner width=&#8221;1\/3&#8243;][vc_column_text]\n<h4>Giochi per eventi<\/h4>\n<p>Un festival ricorrente o un evento speciale una tantum.<br \/>\nUna festa popolare che attira migliaia di visitatori.<br \/>\nUna location che si lancia in nuove iniziative.<br \/>\nNiente di meglio che giochi enigmistici creati su misura per promuovere e valorizzare il tuo evento![\/vc_column_text][\/vc_column_inner][\/vc_row_inner][vc_separator color=&#8221;custom&#8221; border_width=&#8221;4&#8243; accent_color=&#8221;rgba(153,153,153,0.18)&#8221; el_id=&#8221;atema&#8221;][vc_row_inner][vc_column_inner width=&#8221;2\/3&#8243;][vc_gallery interval=&#8221;0&#8243; images=&#8221;70597,70599,70601,70603,71098&#8243; img_size=&#8221;full&#8221; onclick=&#8221;img_link_large&#8221;][\/vc_column_inner][vc_column_inner width=&#8221;1\/3&#8243;][vc_column_text]\n<h4>Giochi a tema<\/h4>\n<p style=\"text-align: left;\">Giochi enigmistici personalizzati, creati su misura con taglio sartoriale per ogni tipo di esigenza.<br \/>\nChe si tratti di un tema culturale o imperniato su un particolare prodotto\/argomento, sapremo creare i giochi adatti al tuo target, per la carta stampata o per il web.<\/p>\n[\/vc_column_text][\/vc_column_inner][\/vc_row_inner][\/vc_column][\/vc_row]\n<\/div>","protected":false},"excerpt":{"rendered":"[vc_row][vc_column width=\"1\/4\"][vc_single_image image=\"3300\" img_size=\"full\"][\/vc_column][vc_column width=\"3\/4\"][vc_column_text] This page is only available in Italian [\/vc_column_text][vc_column_text] SERVIZI ENIGMISTICI Dalla fornitura di singoli giochi [...]","protected":false},"author":9,"featured_media":0,"parent":70650,"menu_order":20,"comment_status":"closed","ping_status":"closed","template":"","meta":{"footnotes":""},"class_list":["post-70990","page","type-page","status-publish","hentry"],"yoast_head":"<!-- This site is optimized with the Yoast SEO plugin v27.2 - https:\/\/yoast.com\/product\/yoast-seo-wordpress\/ -->\n<title>Servizi enigmistici - studiogiochi<\/title>\n<meta name=\"robots\" content=\"index, follow, max-snippet:-1, max-image-preview:large, max-video-preview:-1\" \/>\n<link rel=\"canonical\" href=\"https:\/\/studiogiochi.com\/en\/enigmistica-su-misura\/servizi-enigmistici\/\" \/>\n<meta property=\"og:locale\" content=\"en_US\" \/>\n<meta property=\"og:type\" content=\"article\" \/>\n<meta property=\"og:title\" content=\"Servizi enigmistici - studiogiochi\" \/>\n<meta property=\"og:url\" content=\"https:\/\/studiogiochi.com\/en\/enigmistica-su-misura\/servizi-enigmistici\/\" \/>\n<meta property=\"og:site_name\" content=\"studiogiochi\" \/>\n<meta property=\"article:modified_time\" content=\"2024-04-29T14:36:09+00:00\" \/>\n<meta name=\"twitter:card\" content=\"summary_large_image\" \/>\n<meta name=\"twitter:label1\" content=\"Est. reading time\" \/>\n\t<meta name=\"twitter:data1\" content=\"4 minutes\" \/>\n<script type=\"application\/ld+json\" class=\"yoast-schema-graph\">{\"@context\":\"https:\/\/schema.org\",\"@graph\":[{\"@type\":\"WebPage\",\"@id\":\"https:\/\/studiogiochi.com\/en\/enigmistica-su-misura\/servizi-enigmistici\/\",\"url\":\"https:\/\/studiogiochi.com\/en\/enigmistica-su-misura\/servizi-enigmistici\/\",\"name\":\"Servizi enigmistici - studiogiochi\",\"isPartOf\":{\"@id\":\"https:\/\/studiogiochi.com\/#website\"},\"datePublished\":\"2021-11-04T10:53:12+00:00\",\"dateModified\":\"2024-04-29T14:36:09+00:00\",\"breadcrumb\":{\"@id\":\"https:\/\/studiogiochi.com\/en\/enigmistica-su-misura\/servizi-enigmistici\/#breadcrumb\"},\"inLanguage\":\"en-US\",\"potentialAction\":[{\"@type\":\"ReadAction\",\"target\":[\"https:\/\/studiogiochi.com\/en\/enigmistica-su-misura\/servizi-enigmistici\/\"]}]},{\"@type\":\"BreadcrumbList\",\"@id\":\"https:\/\/studiogiochi.com\/en\/enigmistica-su-misura\/servizi-enigmistici\/#breadcrumb\",\"itemListElement\":[{\"@type\":\"ListItem\",\"position\":1,\"name\":\"Home\",\"item\":\"https:\/\/studiogiochi.com\/en\/\"},{\"@type\":\"ListItem\",\"position\":2,\"name\":\"Custom-made puzzles\",\"item\":\"https:\/\/studiogiochi.com\/en\/enigmistica-su-misura\/\"},{\"@type\":\"ListItem\",\"position\":3,\"name\":\"Servizi enigmistici\"}]},{\"@type\":\"WebSite\",\"@id\":\"https:\/\/studiogiochi.com\/#website\",\"url\":\"https:\/\/studiogiochi.com\/\",\"name\":\"studiogiochi\",\"description\":\"35 ANNI DI GIOCHI\",\"potentialAction\":[{\"@type\":\"SearchAction\",\"target\":{\"@type\":\"EntryPoint\",\"urlTemplate\":\"https:\/\/studiogiochi.com\/?s={search_term_string}\"},\"query-input\":{\"@type\":\"PropertyValueSpecification\",\"valueRequired\":true,\"valueName\":\"search_term_string\"}}],\"inLanguage\":\"en-US\"}]}<\/script>\n<!-- \/ Yoast SEO plugin. -->","yoast_head_json":{"title":"Servizi enigmistici - studiogiochi","robots":{"index":"index","follow":"follow","max-snippet":"max-snippet:-1","max-image-preview":"max-image-preview:large","max-video-preview":"max-video-preview:-1"},"canonical":"https:\/\/studiogiochi.com\/en\/enigmistica-su-misura\/servizi-enigmistici\/","og_locale":"en_US","og_type":"article","og_title":"Servizi enigmistici - studiogiochi","og_url":"https:\/\/studiogiochi.com\/en\/enigmistica-su-misura\/servizi-enigmistici\/","og_site_name":"studiogiochi","article_modified_time":"2024-04-29T14:36:09+00:00","twitter_card":"summary_large_image","twitter_misc":{"Est. reading time":"4 minutes"},"schema":{"@context":"https:\/\/schema.org","@graph":[{"@type":"WebPage","@id":"https:\/\/studiogiochi.com\/en\/enigmistica-su-misura\/servizi-enigmistici\/","url":"https:\/\/studiogiochi.com\/en\/enigmistica-su-misura\/servizi-enigmistici\/","name":"Servizi enigmistici - studiogiochi","isPartOf":{"@id":"https:\/\/studiogiochi.com\/#website"},"datePublished":"2021-11-04T10:53:12+00:00","dateModified":"2024-04-29T14:36:09+00:00","breadcrumb":{"@id":"https:\/\/studiogiochi.com\/en\/enigmistica-su-misura\/servizi-enigmistici\/#breadcrumb"},"inLanguage":"en-US","potentialAction":[{"@type":"ReadAction","target":["https:\/\/studiogiochi.com\/en\/enigmistica-su-misura\/servizi-enigmistici\/"]}]},{"@type":"BreadcrumbList","@id":"https:\/\/studiogiochi.com\/en\/enigmistica-su-misura\/servizi-enigmistici\/#breadcrumb","itemListElement":[{"@type":"ListItem","position":1,"name":"Home","item":"https:\/\/studiogiochi.com\/en\/"},{"@type":"ListItem","position":2,"name":"Custom-made puzzles","item":"https:\/\/studiogiochi.com\/en\/enigmistica-su-misura\/"},{"@type":"ListItem","position":3,"name":"Servizi enigmistici"}]},{"@type":"WebSite","@id":"https:\/\/studiogiochi.com\/#website","url":"https:\/\/studiogiochi.com\/","name":"studiogiochi","description":"35 ANNI DI GIOCHI","potentialAction":[{"@type":"SearchAction","target":{"@type":"EntryPoint","urlTemplate":"https:\/\/studiogiochi.com\/?s={search_term_string}"},"query-input":{"@type":"PropertyValueSpecification","valueRequired":true,"valueName":"search_term_string"}}],"inLanguage":"en-US"}]}},"_links":{"self":[{"href":"https:\/\/studiogiochi.com\/en\/wp-json\/wp\/v2\/pages\/70990","targetHints":{"allow":["GET"]}}],"collection":[{"href":"https:\/\/studiogiochi.com\/en\/wp-json\/wp\/v2\/pages"}],"about":[{"href":"https:\/\/studiogiochi.com\/en\/wp-json\/wp\/v2\/types\/page"}],"author":[{"embeddable":true,"href":"https:\/\/studiogiochi.com\/en\/wp-json\/wp\/v2\/users\/9"}],"replies":[{"embeddable":true,"href":"https:\/\/studiogiochi.com\/en\/wp-json\/wp\/v2\/comments?post=70990"}],"version-history":[{"count":4,"href":"https:\/\/studiogiochi.com\/en\/wp-json\/wp\/v2\/pages\/70990\/revisions"}],"predecessor-version":[{"id":71115,"href":"https:\/\/studiogiochi.com\/en\/wp-json\/wp\/v2\/pages\/70990\/revisions\/71115"}],"up":[{"embeddable":true,"href":"https:\/\/studiogiochi.com\/en\/wp-json\/wp\/v2\/pages\/70650"}],"wp:attachment":[{"href":"https:\/\/studiogiochi.com\/en\/wp-json\/wp\/v2\/media?parent=70990"}],"curies":[{"name":"wp","href":"https:\/\/api.w.org\/{rel}","templated":true}]}}