{"id":70996,"date":"2021-11-11T12:06:45","date_gmt":"2021-11-11T11:06:45","guid":{"rendered":"https:\/\/www.studiogiochi.com\/enigmistica-su-misura\/giochi-enigmistici-personalizzati\/"},"modified":"2024-04-29T12:45:35","modified_gmt":"2024-04-29T10:45:35","slug":"giochi-enigmistici-personalizzati","status":"publish","type":"page","link":"https:\/\/studiogiochi.com\/en\/enigmistica-su-misura\/giochi-enigmistici-personalizzati\/","title":{"rendered":"Giochi enigmistici personalizzati"},"content":{"rendered":"<div class=\"wpb-content-wrapper\">[vc_row][vc_column width=&#8221;1\/4&#8243;][vc_single_image image=&#8221;3300&#8243; img_size=&#8221;full&#8221;][\/vc_column][vc_column width=&#8221;3\/4&#8243;][vc_column_text]\n<p style=\"color: #cc0000; text-align: center;\"><strong>This page is only available in Italian<\/strong><\/p>\n[\/vc_column_text][vc_column_text]\n<h2 style=\"text-align: center;\">GIOCHI ENIGMISTICI PERSONALIZZATI<\/h2>\n<p>Hai bisogno di un gioco enigmistico particolare, che promuova il tuo prodotto, usando specifiche parole o immagini? Stai organizzando un evento e hai bisogno di giochi per pubblicizzare un marchio? Sono tantissime le personalizzazioni che possiamo creare, praticamente infinite! <strong>Qui solo alcuni esempi<\/strong>.[\/vc_column_text][vc_row_inner][vc_column_inner width=&#8221;2\/3&#8243;][vc_single_image image=&#8221;69600&#8243; img_size=&#8221;full&#8221; style=&#8221;vc_box_shadow&#8221; onclick=&#8221;img_link_large&#8221;][\/vc_column_inner][vc_column_inner width=&#8221;1\/3&#8243;][vc_column_text]\n<h4>Cruciverba a tema<\/h4>\n<p style=\"text-align: left;\">Il pi\u00f9 classico dei giochi enigmistici \u00e8 anche il pi\u00f9 personalizzabile.<br \/>\nSi possono creare definizioni su uno specifico argomento, arricchirlo con immagini, inserire una &#8220;chiave&#8221; da trovare, ovvero una parola o frase che si compone utilizzando lettere inserite nello schema.<\/p>\n<p style=\"text-align: left;\">In questo esempio, realizzato per il supplemento enigmistico del Sole 24 Ore, nelle caselle azzurre vanno inseriti termini che riguardano il famoso museo parigino.<\/p>\n[\/vc_column_text][\/vc_column_inner][\/vc_row_inner][vc_separator color=&#8221;custom&#8221; border_width=&#8221;4&#8243; accent_color=&#8221;rgba(153,153,153,0.18)&#8221;][vc_row_inner][vc_column_inner width=&#8221;2\/3&#8243;][vc_single_image image=&#8221;69602&#8243; img_size=&#8221;full&#8221; onclick=&#8221;img_link_large&#8221;][\/vc_column_inner][vc_column_inner width=&#8221;1\/3&#8243;][vc_column_text]\n<h4>Quiz a tema<\/h4>\n<p style=\"text-align: left;\">Estremamente personalizzabili, i quiz a tema sono lo strumento ideale per approfondire la conoscenza di un argomento, che sia per una rivista, per un evento culturale o aziendale.<\/p>\n<p>Possono essere testuali o utilizzare immagini, come in questi esempi realizzati per Airone e dedicati all&#8217;Italia.[\/vc_column_text][\/vc_column_inner][\/vc_row_inner][vc_separator color=&#8221;custom&#8221; border_width=&#8221;4&#8243; accent_color=&#8221;rgba(153,153,153,0.18)&#8221;][vc_row_inner][vc_column_inner width=&#8221;2\/3&#8243;][vc_single_image image=&#8221;69616&#8243; img_size=&#8221;full&#8221; onclick=&#8221;link_image&#8221;][\/vc_column_inner][vc_column_inner width=&#8221;1\/3&#8243;][vc_column_text]\n<h4>Sudoquiz<\/h4>\n<p style=\"text-align: left;\">Per gli amanti del Sudoku, ecco la versione tematizzabile!<br \/>\nRispondendo correttamente alle domande, si ottengono alcuni numeri da inserire nello schema per risolverlo pi\u00f9 facilmente.<\/p>\n<p>In questo esempio, realizzato per La Venaria Reale nell&#8217;anno dedicato al gioco, le domande riguardano i Giardini della Reggia di Venaria.[\/vc_column_text][\/vc_column_inner][\/vc_row_inner][vc_separator color=&#8221;custom&#8221; border_width=&#8221;4&#8243; accent_color=&#8221;rgba(153,153,153,0.18)&#8221;][vc_row_inner][vc_column_inner width=&#8221;2\/3&#8243;][vc_single_image image=&#8221;71102&#8243; img_size=&#8221;full&#8221; onclick=&#8221;img_link_large&#8221;][\/vc_column_inner][vc_column_inner width=&#8221;1\/3&#8243;][vc_column_text]\n<h4>Giochi dedicati ad una serie TV<\/h4>\n<p style=\"text-align: left;\">Quando un programma televisivo \u00e8 particolarmente amato dal pubblico, dedicargli una rivista di giochi creati ad hoc pu\u00f2 essere un\u2019ottimo mezzo di intrattenimento per suoi i fan![\/vc_column_text][\/vc_column_inner][\/vc_row_inner][vc_separator color=&#8221;custom&#8221; border_width=&#8221;4&#8243; accent_color=&#8221;rgba(153,153,153,0.18)&#8221;][vc_row_inner][vc_column_inner width=&#8221;2\/3&#8243;][vc_single_image image=&#8221;69608&#8243; img_size=&#8221;full&#8221; onclick=&#8221;img_link_large&#8221;][\/vc_column_inner][vc_column_inner width=&#8221;1\/3&#8243;][vc_column_text]\n<h4>Maxi cruciverba per eventi<\/h4>\n<p style=\"text-align: left;\">Quando si tratta di un evento, il maxi cruciverba \u00e8 sempre di grande impatto.<\/p>\n<p>In questo esempio, realizzato per Focus Junior per un evento didattico, un cruciverbone lungo una decina di metri.[\/vc_column_text][\/vc_column_inner][\/vc_row_inner][vc_separator color=&#8221;custom&#8221; border_width=&#8221;4&#8243; accent_color=&#8221;rgba(153,153,153,0.18)&#8221;][vc_row_inner][vc_column_inner width=&#8221;2\/3&#8243;][vc_single_image image=&#8221;69612&#8243; img_size=&#8221;full&#8221; onclick=&#8221;img_link_large&#8221;][\/vc_column_inner][vc_column_inner width=&#8221;1\/3&#8243;][vc_column_text]\n<h4>Differenze<\/h4>\n<p style=\"text-align: left;\">Anche i giochi illustrati si possono personalizzare.<\/p>\n<p>Come in questo gioco classico, adatto anche ai pi\u00f9 piccoli, realizzato per La Venaria Reale in occasione dell&#8217;anno dedicato al gioco.[\/vc_column_text][\/vc_column_inner][\/vc_row_inner][vc_separator color=&#8221;custom&#8221; border_width=&#8221;4&#8243; accent_color=&#8221;rgba(153,153,153,0.18)&#8221;][vc_row_inner][vc_column_inner width=&#8221;2\/3&#8243;][vc_single_image image=&#8221;69604&#8243; img_size=&#8221;full&#8221; onclick=&#8221;img_link_large&#8221;][\/vc_column_inner][vc_column_inner width=&#8221;1\/3&#8243;][vc_column_text]\n<h4>Quiz illustrato<\/h4>\n<p style=\"text-align: left;\">Ecco un altro esempio di quiz personalizzato, questa volta pi\u00f9 scientifico, a tema animali.<\/p>\n<p>Anche il livello di difficolt\u00e0 \u00e8 personalizzabile, viene sempre tarato sul target e concordato col cliente.[\/vc_column_text][\/vc_column_inner][\/vc_row_inner][vc_separator color=&#8221;custom&#8221; border_width=&#8221;4&#8243; accent_color=&#8221;rgba(153,153,153,0.18)&#8221;][vc_row_inner][vc_column_inner width=&#8221;2\/3&#8243;][vc_single_image image=&#8221;69614&#8243; img_size=&#8221;full&#8221; onclick=&#8221;img_link_large&#8221;][\/vc_column_inner][vc_column_inner width=&#8221;1\/3&#8243;][vc_column_text]\n<h4>Figure ripetute<\/h4>\n<p style=\"text-align: left;\">Scovare le figure che si ripetono in mezzo alla galleria di una reggia&#8230; immagina quante altre declinazioni pu\u00f2 avere questo gioco illustrato!<\/p>\n<p>Questo a lato \u00e8 un altro dei tanti giochi enigmistici realizzati da studiogiochi per La Venaria Reale, in occasione dell&#8217;anno dedicato al gioco.[\/vc_column_text][\/vc_column_inner][\/vc_row_inner][vc_separator color=&#8221;custom&#8221; border_width=&#8221;4&#8243; accent_color=&#8221;rgba(153,153,153,0.18)&#8221;][vc_row_inner][vc_column_inner width=&#8221;2\/3&#8243;][vc_single_image image=&#8221;70545&#8243; img_size=&#8221;full&#8221; style=&#8221;vc_box_shadow&#8221; onclick=&#8221;img_link_large&#8221;][\/vc_column_inner][vc_column_inner width=&#8221;1\/3&#8243;][vc_column_text]\n<h4>Variet\u00e0 di giochi<\/h4>\n<p style=\"text-align: left;\">Le personalizzazioni possibili sono praticamente infinite.<br \/>\nQui alcuni esempi di giochi enigmistici a tema sportivo realizzati per Topolino.<\/p>\n[\/vc_column_text][\/vc_column_inner][\/vc_row_inner][\/vc_column][\/vc_row]\n<\/div>","protected":false},"excerpt":{"rendered":"[vc_row][vc_column width=\"1\/4\"][vc_single_image image=\"3300\" img_size=\"full\"][\/vc_column][vc_column width=\"3\/4\"][vc_column_text] This page is only available in Italian [\/vc_column_text][vc_column_text] GIOCHI ENIGMISTICI PERSONALIZZATI Hai bisogno di un [...]","protected":false},"author":9,"featured_media":0,"parent":70650,"menu_order":50,"comment_status":"closed","ping_status":"closed","template":"","meta":{"footnotes":""},"class_list":["post-70996","page","type-page","status-publish","hentry"],"yoast_head":"<!-- This site is optimized with the Yoast SEO plugin v27.2 - https:\/\/yoast.com\/product\/yoast-seo-wordpress\/ -->\n<title>Giochi enigmistici personalizzati - studiogiochi<\/title>\n<meta name=\"robots\" content=\"index, follow, max-snippet:-1, max-image-preview:large, max-video-preview:-1\" \/>\n<link rel=\"canonical\" href=\"https:\/\/studiogiochi.com\/en\/enigmistica-su-misura\/giochi-enigmistici-personalizzati\/\" \/>\n<meta property=\"og:locale\" content=\"en_US\" \/>\n<meta property=\"og:type\" content=\"article\" \/>\n<meta property=\"og:title\" content=\"Giochi enigmistici personalizzati - studiogiochi\" \/>\n<meta property=\"og:url\" content=\"https:\/\/studiogiochi.com\/en\/enigmistica-su-misura\/giochi-enigmistici-personalizzati\/\" \/>\n<meta property=\"og:site_name\" content=\"studiogiochi\" \/>\n<meta property=\"article:modified_time\" content=\"2024-04-29T10:45:35+00:00\" \/>\n<meta name=\"twitter:card\" content=\"summary_large_image\" \/>\n<meta name=\"twitter:label1\" content=\"Est. reading time\" \/>\n\t<meta name=\"twitter:data1\" content=\"5 minutes\" \/>\n<script type=\"application\/ld+json\" class=\"yoast-schema-graph\">{\"@context\":\"https:\/\/schema.org\",\"@graph\":[{\"@type\":\"WebPage\",\"@id\":\"https:\/\/studiogiochi.com\/en\/enigmistica-su-misura\/giochi-enigmistici-personalizzati\/\",\"url\":\"https:\/\/studiogiochi.com\/en\/enigmistica-su-misura\/giochi-enigmistici-personalizzati\/\",\"name\":\"Giochi enigmistici personalizzati - studiogiochi\",\"isPartOf\":{\"@id\":\"https:\/\/studiogiochi.com\/#website\"},\"datePublished\":\"2021-11-11T11:06:45+00:00\",\"dateModified\":\"2024-04-29T10:45:35+00:00\",\"breadcrumb\":{\"@id\":\"https:\/\/studiogiochi.com\/en\/enigmistica-su-misura\/giochi-enigmistici-personalizzati\/#breadcrumb\"},\"inLanguage\":\"en-US\",\"potentialAction\":[{\"@type\":\"ReadAction\",\"target\":[\"https:\/\/studiogiochi.com\/en\/enigmistica-su-misura\/giochi-enigmistici-personalizzati\/\"]}]},{\"@type\":\"BreadcrumbList\",\"@id\":\"https:\/\/studiogiochi.com\/en\/enigmistica-su-misura\/giochi-enigmistici-personalizzati\/#breadcrumb\",\"itemListElement\":[{\"@type\":\"ListItem\",\"position\":1,\"name\":\"Home\",\"item\":\"https:\/\/studiogiochi.com\/en\/\"},{\"@type\":\"ListItem\",\"position\":2,\"name\":\"Custom-made puzzles\",\"item\":\"https:\/\/studiogiochi.com\/en\/enigmistica-su-misura\/\"},{\"@type\":\"ListItem\",\"position\":3,\"name\":\"Giochi enigmistici personalizzati\"}]},{\"@type\":\"WebSite\",\"@id\":\"https:\/\/studiogiochi.com\/#website\",\"url\":\"https:\/\/studiogiochi.com\/\",\"name\":\"studiogiochi\",\"description\":\"35 ANNI DI GIOCHI\",\"potentialAction\":[{\"@type\":\"SearchAction\",\"target\":{\"@type\":\"EntryPoint\",\"urlTemplate\":\"https:\/\/studiogiochi.com\/?s={search_term_string}\"},\"query-input\":{\"@type\":\"PropertyValueSpecification\",\"valueRequired\":true,\"valueName\":\"search_term_string\"}}],\"inLanguage\":\"en-US\"}]}<\/script>\n<!-- \/ Yoast SEO plugin. -->","yoast_head_json":{"title":"Giochi enigmistici personalizzati - studiogiochi","robots":{"index":"index","follow":"follow","max-snippet":"max-snippet:-1","max-image-preview":"max-image-preview:large","max-video-preview":"max-video-preview:-1"},"canonical":"https:\/\/studiogiochi.com\/en\/enigmistica-su-misura\/giochi-enigmistici-personalizzati\/","og_locale":"en_US","og_type":"article","og_title":"Giochi enigmistici personalizzati - studiogiochi","og_url":"https:\/\/studiogiochi.com\/en\/enigmistica-su-misura\/giochi-enigmistici-personalizzati\/","og_site_name":"studiogiochi","article_modified_time":"2024-04-29T10:45:35+00:00","twitter_card":"summary_large_image","twitter_misc":{"Est. reading time":"5 minutes"},"schema":{"@context":"https:\/\/schema.org","@graph":[{"@type":"WebPage","@id":"https:\/\/studiogiochi.com\/en\/enigmistica-su-misura\/giochi-enigmistici-personalizzati\/","url":"https:\/\/studiogiochi.com\/en\/enigmistica-su-misura\/giochi-enigmistici-personalizzati\/","name":"Giochi enigmistici personalizzati - studiogiochi","isPartOf":{"@id":"https:\/\/studiogiochi.com\/#website"},"datePublished":"2021-11-11T11:06:45+00:00","dateModified":"2024-04-29T10:45:35+00:00","breadcrumb":{"@id":"https:\/\/studiogiochi.com\/en\/enigmistica-su-misura\/giochi-enigmistici-personalizzati\/#breadcrumb"},"inLanguage":"en-US","potentialAction":[{"@type":"ReadAction","target":["https:\/\/studiogiochi.com\/en\/enigmistica-su-misura\/giochi-enigmistici-personalizzati\/"]}]},{"@type":"BreadcrumbList","@id":"https:\/\/studiogiochi.com\/en\/enigmistica-su-misura\/giochi-enigmistici-personalizzati\/#breadcrumb","itemListElement":[{"@type":"ListItem","position":1,"name":"Home","item":"https:\/\/studiogiochi.com\/en\/"},{"@type":"ListItem","position":2,"name":"Custom-made puzzles","item":"https:\/\/studiogiochi.com\/en\/enigmistica-su-misura\/"},{"@type":"ListItem","position":3,"name":"Giochi enigmistici personalizzati"}]},{"@type":"WebSite","@id":"https:\/\/studiogiochi.com\/#website","url":"https:\/\/studiogiochi.com\/","name":"studiogiochi","description":"35 ANNI DI GIOCHI","potentialAction":[{"@type":"SearchAction","target":{"@type":"EntryPoint","urlTemplate":"https:\/\/studiogiochi.com\/?s={search_term_string}"},"query-input":{"@type":"PropertyValueSpecification","valueRequired":true,"valueName":"search_term_string"}}],"inLanguage":"en-US"}]}},"_links":{"self":[{"href":"https:\/\/studiogiochi.com\/en\/wp-json\/wp\/v2\/pages\/70996","targetHints":{"allow":["GET"]}}],"collection":[{"href":"https:\/\/studiogiochi.com\/en\/wp-json\/wp\/v2\/pages"}],"about":[{"href":"https:\/\/studiogiochi.com\/en\/wp-json\/wp\/v2\/types\/page"}],"author":[{"embeddable":true,"href":"https:\/\/studiogiochi.com\/en\/wp-json\/wp\/v2\/users\/9"}],"replies":[{"embeddable":true,"href":"https:\/\/studiogiochi.com\/en\/wp-json\/wp\/v2\/comments?post=70996"}],"version-history":[{"count":3,"href":"https:\/\/studiogiochi.com\/en\/wp-json\/wp\/v2\/pages\/70996\/revisions"}],"predecessor-version":[{"id":71104,"href":"https:\/\/studiogiochi.com\/en\/wp-json\/wp\/v2\/pages\/70996\/revisions\/71104"}],"up":[{"embeddable":true,"href":"https:\/\/studiogiochi.com\/en\/wp-json\/wp\/v2\/pages\/70650"}],"wp:attachment":[{"href":"https:\/\/studiogiochi.com\/en\/wp-json\/wp\/v2\/media?parent=70996"}],"curies":[{"name":"wp","href":"https:\/\/api.w.org\/{rel}","templated":true}]}}