{"id":71008,"date":"2021-11-11T12:04:20","date_gmt":"2021-11-11T11:04:20","guid":{"rendered":"https:\/\/www.studiogiochi.com\/enigmistica-su-misura\/giochi-enigmistici\/cruciverba\/"},"modified":"2024-04-23T09:23:05","modified_gmt":"2024-04-23T07:23:05","slug":"cruciverba","status":"publish","type":"page","link":"https:\/\/studiogiochi.com\/en\/enigmistica-su-misura\/giochi-enigmistici\/cruciverba\/","title":{"rendered":"Cruciverba"},"content":{"rendered":"<div class=\"wpb-content-wrapper\">[vc_row][vc_column width=&#8221;1\/4&#8243;][vc_single_image image=&#8221;3300&#8243; img_size=&#8221;full&#8221;][\/vc_column][vc_column width=&#8221;3\/4&#8243;][vc_column_text]\n<p style=\"color: #cc0000; text-align: center;\"><strong>This page is only available in Italian<\/strong><\/p>\n[\/vc_column_text][vc_column_text]\n<h2 style=\"text-align: center;\">CRUCIVERBA<\/h2>\n<p style=\"text-align: justify;\">Il pi\u00f9 diffuso, il pi\u00f9 conosciuto, il pi\u00f9 praticato fra tutti i giochi enigmistici.<br \/>\nUn insostituibile archetipo che non pu\u00f2 mai mancare, cos\u00ec sempre uguale a se stesso e nello stesso tempo cos\u00ec flessibile da poter essere declinato in infiniti diversi modi.<br \/>\nSe ne \u201crestasse uno solo\u201d\u2026 sarebbe certamente il cruciverba!<br \/>\nE naturalmente, fra tutti i giochi, \u00e8 anche il pi\u00f9 \u201ctematizzabile\u201d, quello che pi\u00f9 spesso viene personalizzato.<\/p>\n[\/vc_column_text][vc_row_inner][vc_column_inner width=&#8221;1\/5&#8243;][\/vc_column_inner][vc_column_inner width=&#8221;2\/5&#8243;][vc_column_text]<a href=\"#classico\">\u2022 Classico<\/a><br \/>\n<a href=\"#cruciforma\">\u2022 Cruciforma<\/a><br \/>\n<a href=\"#conchiave\">\u2022 Con chiave<\/a><br \/>\n<a href=\"#tematico\">\u2022 Tematico<\/a><br \/>\n<a href=\"#maxi\">\u2022 Maxi cruciverba<\/a>[\/vc_column_text][\/vc_column_inner][vc_column_inner width=&#8221;2\/5&#8243;][vc_column_text]\n<a href=\"#crittografato\">\u2022 Crittografato<\/a><br \/>\n<a href=\"#crucifreccia\">\u2022 Crucifreccia<\/a><br \/>\n<a href=\"#crucibianco\">\u2022 Cruci bianco<\/a><br \/>\n<a href=\"#achiocciole\">\u2022 A chiocciole<\/a><br \/>\n<a href=\"#varianti\">\u2022 Varianti<\/a>[\/vc_column_text][\/vc_column_inner][\/vc_row_inner][vc_separator color=&#8221;custom&#8221; border_width=&#8221;4&#8243; accent_color=&#8221;rgba(153,153,153,0.18)&#8221; el_id=&#8221;classico&#8221;][vc_row_inner][vc_column_inner width=&#8221;2\/3&#8243;][vc_media_grid style=&#8221;lazy&#8221; element_width=&#8221;6&#8243; grid_id=&#8221;vc_gid:1713856954726-6936e3d7-aa15-3&#8243; include=&#8221;54524,54525,54526,54527&#8243;][\/vc_column_inner][vc_column_inner width=&#8221;1\/3&#8243;][vc_column_text]\n<h4>Classico<\/h4>\n<p>Il cruciverba classico, cui nessuno sa resistere, che pu\u00f2 essere arricchito da foto o disegni.<br \/>\nDi tutte le dimensioni, di qualsiasi livello di difficolt\u00e0, per tutti i gusti e tutti i solutori.[\/vc_column_text][\/vc_column_inner][\/vc_row_inner][vc_separator color=&#8221;custom&#8221; border_width=&#8221;4&#8243; accent_color=&#8221;rgba(153,153,153,0.18)&#8221; el_id=&#8221;cruciforma&#8221;][vc_row_inner][vc_column_inner width=&#8221;2\/3&#8243;][vc_media_grid style=&#8221;lazy&#8221; element_width=&#8221;6&#8243; grid_id=&#8221;vc_gid:1713856954730-5bc61e2d-259a-3&#8243; include=&#8221;54430,54528&#8243;][\/vc_column_inner][vc_column_inner width=&#8221;1\/3&#8243;][vc_column_text]\n<h4>Cruciforma<\/h4>\n<p style=\"text-align: left;\">Un cruciverba dalla forma particolare pu\u00f2 impreziosire una pagina ed \u00e8 perfetto per ricorrenze speciali.<\/p>\n[\/vc_column_text][\/vc_column_inner][\/vc_row_inner][vc_separator color=&#8221;custom&#8221; border_width=&#8221;4&#8243; accent_color=&#8221;rgba(153,153,153,0.18)&#8221; el_id=&#8221;conchiave&#8221;][vc_row_inner][vc_column_inner width=&#8221;2\/3&#8243;][vc_media_grid style=&#8221;lazy&#8221; element_width=&#8221;6&#8243; grid_id=&#8221;vc_gid:1713856954732-2dcd7085-5cbb-4&#8243; include=&#8221;54529,54531,54465,54476&#8243;][\/vc_column_inner][vc_column_inner width=&#8221;1\/3&#8243;][vc_column_text]\n<h4>Con chiave<\/h4>\n<p style=\"text-align: left;\">Un cruciverba classico con una soluzione speciale da scoprire, pi\u00f9 o meno nascosta.<\/p>\n[\/vc_column_text][\/vc_column_inner][\/vc_row_inner][vc_separator color=&#8221;custom&#8221; border_width=&#8221;4&#8243; accent_color=&#8221;rgba(153,153,153,0.18)&#8221; el_id=&#8221;tematico&#8221;][vc_row_inner][vc_column_inner width=&#8221;2\/3&#8243;][vc_media_grid style=&#8221;lazy&#8221; element_width=&#8221;6&#8243; grid_id=&#8221;vc_gid:1713856954735-f000ecc4-d234-4&#8243; include=&#8221;54460,54456,54461,54457&#8243;][\/vc_column_inner][vc_column_inner width=&#8221;1\/3&#8243;][vc_column_text]\n<h4>Tematico<\/h4>\n<p>Un cruciverba con molte parole legate a un particolare argomento, che pu\u00f2 essere un personaggio, un prodotto da pubblicizzare, un evento&#8230;<br \/>\nVoi ci date il tema (e se volete anche le specifiche parole che devono comparire) e noi vi creiamo il gioco su misura.[\/vc_column_text][\/vc_column_inner][\/vc_row_inner][vc_separator color=&#8221;custom&#8221; border_width=&#8221;4&#8243; accent_color=&#8221;rgba(153,153,153,0.18)&#8221; el_id=&#8221;maxi&#8221;][vc_row_inner][vc_column_inner width=&#8221;2\/3&#8243;][vc_media_grid style=&#8221;lazy&#8221; element_width=&#8221;6&#8243; grid_id=&#8221;vc_gid:1713856954738-ded65812-b1f9-6&#8243; include=&#8221;54533,54536&#8243;][\/vc_column_inner][vc_column_inner width=&#8221;1\/3&#8243;][vc_column_text]\n<h4>Maxi cruciverba<\/h4>\n<p>Per chi non ne ha mai abbastanza, ecco la versione veramente estrema di questo splendido gioco.[\/vc_column_text][\/vc_column_inner][\/vc_row_inner][vc_separator color=&#8221;custom&#8221; border_width=&#8221;4&#8243; accent_color=&#8221;rgba(153,153,153,0.18)&#8221; el_id=&#8221;crittografato&#8221;][vc_row_inner][vc_column_inner width=&#8221;2\/3&#8243;][vc_media_grid style=&#8221;lazy&#8221; element_width=&#8221;6&#8243; grid_id=&#8221;vc_gid:1713856954740-6461c01b-bdef-1&#8243; include=&#8221;54496,54537&#8243;][\/vc_column_inner][vc_column_inner width=&#8221;1\/3&#8243;][vc_column_text]\n<h4>Crittografato<\/h4>\n<p>A numero uguale corrisponde lettera uguale! Una sola regola per risolvere questo cruciverba senza definizioni, avendo come unico indizio una parola di partenza, oppure una serie di definizioni con risposta doppia tra cui scegliere.[\/vc_column_text][\/vc_column_inner][\/vc_row_inner][vc_separator color=&#8221;custom&#8221; border_width=&#8221;4&#8243; accent_color=&#8221;rgba(153,153,153,0.18)&#8221; el_id=&#8221;crucifreccia&#8221;][vc_row_inner][vc_column_inner width=&#8221;2\/3&#8243;][vc_media_grid style=&#8221;lazy&#8221; element_width=&#8221;6&#8243; grid_id=&#8221;vc_gid:1713856954741-4d37224e-ae50-5&#8243; include=&#8221;54538,54539&#8243;][\/vc_column_inner][vc_column_inner width=&#8221;1\/3&#8243;][vc_column_text]\n<h4>Crucifreccia<\/h4>\n<p>Qui le definizioni sono comprese all&#8217;interno dello schema stesso, e le soluzioni devono essere scritte nella direzione indicata dalle frecce.[\/vc_column_text][\/vc_column_inner][\/vc_row_inner][vc_separator color=&#8221;custom&#8221; border_width=&#8221;4&#8243; accent_color=&#8221;rgba(153,153,153,0.18)&#8221; el_id=&#8221;crucibianco&#8221;][vc_row_inner][vc_column_inner width=&#8221;2\/3&#8243;][vc_media_grid style=&#8221;lazy&#8221; element_width=&#8221;6&#8243; grid_id=&#8221;vc_gid:1713856954743-d933fc20-f5f2-8&#8243; include=&#8221;54541,54484&#8243;][\/vc_column_inner][vc_column_inner width=&#8221;1\/3&#8243;][vc_column_text]\n<h4>Cruci bianco<\/h4>\n<p>E se non basta inserire le parole, ecco la classica sfida per i risolutori pi\u00f9 abili, in questo schema vanno inserite infatti anche le caselle nere.[\/vc_column_text][\/vc_column_inner][\/vc_row_inner][vc_separator color=&#8221;custom&#8221; border_width=&#8221;4&#8243; accent_color=&#8221;rgba(153,153,153,0.18)&#8221; el_id=&#8221;achiocciole&#8221;][vc_row_inner][vc_column_inner width=&#8221;2\/3&#8243;][vc_media_grid style=&#8221;lazy&#8221; element_width=&#8221;6&#8243; grid_id=&#8221;vc_gid:1713856954745-024073bc-d364-7&#8243; include=&#8221;54542,54544&#8243;][\/vc_column_inner][vc_column_inner width=&#8221;1\/3&#8243;][vc_column_text]\n<h4>A chiocciole<\/h4>\n<p>Doppia sfida in questa variante: le definizioni seguono le righe orizzontali, ma anche la spirale delle chiocciole, partendo dalla casella al centro di ciascuna.[\/vc_column_text][\/vc_column_inner][\/vc_row_inner][vc_separator color=&#8221;custom&#8221; border_width=&#8221;4&#8243; accent_color=&#8221;rgba(153,153,153,0.18)&#8221; el_id=&#8221;varianti&#8221;][vc_row_inner][vc_column_inner width=&#8221;2\/3&#8243;][vc_media_grid style=&#8221;lazy&#8221; element_width=&#8221;6&#8243; grid_id=&#8221;vc_gid:1713856954746-5564f2ee-62fe-3&#8243; include=&#8221;54504,54505,54500,54499,54503,54502&#8243;][\/vc_column_inner][vc_column_inner width=&#8221;1\/3&#8243;][vc_column_text]\n<h4>Varianti<\/h4>\n<p>Ancora tante sono le possibili varianti sul tema del cruciverba. Qui a fianco ve ne proponiamo alcune a titolo di esempio&#8230; ma le possibilit\u00e0 sono davvero innumerevoli e ci si pu\u00f2 davvero sbizzarrire.[\/vc_column_text][\/vc_column_inner][\/vc_row_inner][\/vc_column][\/vc_row]\n<\/div>","protected":false},"excerpt":{"rendered":"[vc_row][vc_column width=\"1\/4\"][vc_single_image image=\"3300\" img_size=\"full\"][\/vc_column][vc_column width=\"3\/4\"][vc_column_text] This page is only available in Italian [\/vc_column_text][vc_column_text] CRUCIVERBA Il pi\u00f9 diffuso, il pi\u00f9 conosciuto, [...]","protected":false},"author":9,"featured_media":0,"parent":70993,"menu_order":10,"comment_status":"closed","ping_status":"closed","template":"","meta":{"footnotes":""},"class_list":["post-71008","page","type-page","status-publish","hentry"],"yoast_head":"<!-- This site is optimized with the Yoast SEO plugin v27.2 - https:\/\/yoast.com\/product\/yoast-seo-wordpress\/ -->\n<title>Cruciverba - studiogiochi<\/title>\n<meta name=\"robots\" content=\"index, follow, max-snippet:-1, max-image-preview:large, max-video-preview:-1\" \/>\n<link rel=\"canonical\" href=\"https:\/\/studiogiochi.com\/en\/enigmistica-su-misura\/giochi-enigmistici\/cruciverba\/\" \/>\n<meta property=\"og:locale\" content=\"en_US\" \/>\n<meta property=\"og:type\" content=\"article\" \/>\n<meta property=\"og:title\" content=\"Cruciverba - studiogiochi\" \/>\n<meta property=\"og:url\" content=\"https:\/\/studiogiochi.com\/en\/enigmistica-su-misura\/giochi-enigmistici\/cruciverba\/\" \/>\n<meta property=\"og:site_name\" content=\"studiogiochi\" \/>\n<meta property=\"article:modified_time\" content=\"2024-04-23T07:23:05+00:00\" \/>\n<meta name=\"twitter:card\" content=\"summary_large_image\" \/>\n<meta name=\"twitter:label1\" content=\"Est. reading time\" \/>\n\t<meta name=\"twitter:data1\" content=\"9 minutes\" \/>\n<script type=\"application\/ld+json\" class=\"yoast-schema-graph\">{\"@context\":\"https:\/\/schema.org\",\"@graph\":[{\"@type\":\"WebPage\",\"@id\":\"https:\/\/studiogiochi.com\/en\/enigmistica-su-misura\/giochi-enigmistici\/cruciverba\/\",\"url\":\"https:\/\/studiogiochi.com\/en\/enigmistica-su-misura\/giochi-enigmistici\/cruciverba\/\",\"name\":\"Cruciverba - studiogiochi\",\"isPartOf\":{\"@id\":\"https:\/\/studiogiochi.com\/#website\"},\"datePublished\":\"2021-11-11T11:04:20+00:00\",\"dateModified\":\"2024-04-23T07:23:05+00:00\",\"breadcrumb\":{\"@id\":\"https:\/\/studiogiochi.com\/en\/enigmistica-su-misura\/giochi-enigmistici\/cruciverba\/#breadcrumb\"},\"inLanguage\":\"en-US\",\"potentialAction\":[{\"@type\":\"ReadAction\",\"target\":[\"https:\/\/studiogiochi.com\/en\/enigmistica-su-misura\/giochi-enigmistici\/cruciverba\/\"]}]},{\"@type\":\"BreadcrumbList\",\"@id\":\"https:\/\/studiogiochi.com\/en\/enigmistica-su-misura\/giochi-enigmistici\/cruciverba\/#breadcrumb\",\"itemListElement\":[{\"@type\":\"ListItem\",\"position\":1,\"name\":\"Home\",\"item\":\"https:\/\/studiogiochi.com\/en\/\"},{\"@type\":\"ListItem\",\"position\":2,\"name\":\"Custom-made puzzles\",\"item\":\"https:\/\/studiogiochi.com\/en\/enigmistica-su-misura\/\"},{\"@type\":\"ListItem\",\"position\":3,\"name\":\"Giochi enigmistici\",\"item\":\"https:\/\/studiogiochi.com\/en\/enigmistica-su-misura\/giochi-enigmistici\/\"},{\"@type\":\"ListItem\",\"position\":4,\"name\":\"Cruciverba\"}]},{\"@type\":\"WebSite\",\"@id\":\"https:\/\/studiogiochi.com\/#website\",\"url\":\"https:\/\/studiogiochi.com\/\",\"name\":\"studiogiochi\",\"description\":\"35 ANNI DI GIOCHI\",\"potentialAction\":[{\"@type\":\"SearchAction\",\"target\":{\"@type\":\"EntryPoint\",\"urlTemplate\":\"https:\/\/studiogiochi.com\/?s={search_term_string}\"},\"query-input\":{\"@type\":\"PropertyValueSpecification\",\"valueRequired\":true,\"valueName\":\"search_term_string\"}}],\"inLanguage\":\"en-US\"}]}<\/script>\n<!-- \/ Yoast SEO plugin. -->","yoast_head_json":{"title":"Cruciverba - studiogiochi","robots":{"index":"index","follow":"follow","max-snippet":"max-snippet:-1","max-image-preview":"max-image-preview:large","max-video-preview":"max-video-preview:-1"},"canonical":"https:\/\/studiogiochi.com\/en\/enigmistica-su-misura\/giochi-enigmistici\/cruciverba\/","og_locale":"en_US","og_type":"article","og_title":"Cruciverba - studiogiochi","og_url":"https:\/\/studiogiochi.com\/en\/enigmistica-su-misura\/giochi-enigmistici\/cruciverba\/","og_site_name":"studiogiochi","article_modified_time":"2024-04-23T07:23:05+00:00","twitter_card":"summary_large_image","twitter_misc":{"Est. reading time":"9 minutes"},"schema":{"@context":"https:\/\/schema.org","@graph":[{"@type":"WebPage","@id":"https:\/\/studiogiochi.com\/en\/enigmistica-su-misura\/giochi-enigmistici\/cruciverba\/","url":"https:\/\/studiogiochi.com\/en\/enigmistica-su-misura\/giochi-enigmistici\/cruciverba\/","name":"Cruciverba - studiogiochi","isPartOf":{"@id":"https:\/\/studiogiochi.com\/#website"},"datePublished":"2021-11-11T11:04:20+00:00","dateModified":"2024-04-23T07:23:05+00:00","breadcrumb":{"@id":"https:\/\/studiogiochi.com\/en\/enigmistica-su-misura\/giochi-enigmistici\/cruciverba\/#breadcrumb"},"inLanguage":"en-US","potentialAction":[{"@type":"ReadAction","target":["https:\/\/studiogiochi.com\/en\/enigmistica-su-misura\/giochi-enigmistici\/cruciverba\/"]}]},{"@type":"BreadcrumbList","@id":"https:\/\/studiogiochi.com\/en\/enigmistica-su-misura\/giochi-enigmistici\/cruciverba\/#breadcrumb","itemListElement":[{"@type":"ListItem","position":1,"name":"Home","item":"https:\/\/studiogiochi.com\/en\/"},{"@type":"ListItem","position":2,"name":"Custom-made puzzles","item":"https:\/\/studiogiochi.com\/en\/enigmistica-su-misura\/"},{"@type":"ListItem","position":3,"name":"Giochi enigmistici","item":"https:\/\/studiogiochi.com\/en\/enigmistica-su-misura\/giochi-enigmistici\/"},{"@type":"ListItem","position":4,"name":"Cruciverba"}]},{"@type":"WebSite","@id":"https:\/\/studiogiochi.com\/#website","url":"https:\/\/studiogiochi.com\/","name":"studiogiochi","description":"35 ANNI DI GIOCHI","potentialAction":[{"@type":"SearchAction","target":{"@type":"EntryPoint","urlTemplate":"https:\/\/studiogiochi.com\/?s={search_term_string}"},"query-input":{"@type":"PropertyValueSpecification","valueRequired":true,"valueName":"search_term_string"}}],"inLanguage":"en-US"}]}},"_links":{"self":[{"href":"https:\/\/studiogiochi.com\/en\/wp-json\/wp\/v2\/pages\/71008","targetHints":{"allow":["GET"]}}],"collection":[{"href":"https:\/\/studiogiochi.com\/en\/wp-json\/wp\/v2\/pages"}],"about":[{"href":"https:\/\/studiogiochi.com\/en\/wp-json\/wp\/v2\/types\/page"}],"author":[{"embeddable":true,"href":"https:\/\/studiogiochi.com\/en\/wp-json\/wp\/v2\/users\/9"}],"replies":[{"embeddable":true,"href":"https:\/\/studiogiochi.com\/en\/wp-json\/wp\/v2\/comments?post=71008"}],"version-history":[{"count":1,"href":"https:\/\/studiogiochi.com\/en\/wp-json\/wp\/v2\/pages\/71008\/revisions"}],"predecessor-version":[{"id":71009,"href":"https:\/\/studiogiochi.com\/en\/wp-json\/wp\/v2\/pages\/71008\/revisions\/71009"}],"up":[{"embeddable":true,"href":"https:\/\/studiogiochi.com\/en\/wp-json\/wp\/v2\/pages\/70993"}],"wp:attachment":[{"href":"https:\/\/studiogiochi.com\/en\/wp-json\/wp\/v2\/media?parent=71008"}],"curies":[{"name":"wp","href":"https:\/\/api.w.org\/{rel}","templated":true}]}}