{"id":71017,"date":"2022-07-27T11:16:34","date_gmt":"2022-07-27T09:16:34","guid":{"rendered":"https:\/\/www.studiogiochi.com\/enigmistica-su-misura\/giochi-enigmistici\/quiz-e-test\/"},"modified":"2024-04-23T09:33:23","modified_gmt":"2024-04-23T07:33:23","slug":"quiz-e-test","status":"publish","type":"page","link":"https:\/\/studiogiochi.com\/en\/enigmistica-su-misura\/giochi-enigmistici\/quiz-e-test\/","title":{"rendered":"Quiz e test"},"content":{"rendered":"<div class=\"wpb-content-wrapper\">[vc_row][vc_column width=&#8221;1\/4&#8243;][vc_single_image image=&#8221;3300&#8243; img_size=&#8221;full&#8221;][\/vc_column][vc_column width=&#8221;3\/4&#8243;][vc_column_text]\n<p style=\"color: #cc0000; text-align: center;\"><strong>This page is only available in Italian<\/strong><\/p>\n[\/vc_column_text][vc_column_text]\n<h2 style=\"text-align: center;\">QUIZ E TEST<\/h2>\n<p style=\"text-align: justify;\">Test di intelligenza, di cultura, di logica, di osservazione, di memoria: tutto cio\u0300 che aguzza l\u2019ingegno riscuote l\u2019entusiasmo del pubblico e incassa il consenso di medici e psicologi.<\/p>\n[\/vc_column_text][vc_empty_space height=&#8221;20&#8243;][vc_separator color=&#8221;custom&#8221; border_width=&#8221;4&#8243; accent_color=&#8221;rgba(153,153,153,0.18)&#8221; el_id=&#8221;crucipuzzle&#8221;][vc_row_inner][vc_column_inner width=&#8221;2\/3&#8243;][vc_media_grid element_width=&#8221;6&#8243; grid_id=&#8221;vc_gid:1713857561629-e96c1115-af35-7&#8243; include=&#8221;57731,67364&#8243;][\/vc_column_inner][vc_column_inner width=&#8221;1\/3&#8243;][vc_column_text]\n<h4>Test culturali<\/h4>\n<p style=\"text-align: left;\">Perfetti sia per eventi speciali che per riviste che abbiano la necessit\u00e0 approfondire un argomento ben preciso, offrendo ai propri lettori l&#8217;opportunit\u00e0 di imparare qualcosa divertendosi.<\/p>\n<p>&nbsp;<\/p>\n<p align=\"left\"><a href=\"https:\/\/studiogiochi.com\/files\/studiogiochi.com\/2023\/06\/Soluzioni-Test-culturali.pdf\" target=\"_blank\" rel=\"noopener\"><img decoding=\"async\" class=\"alignnone\" src=\"https:\/\/studiogiochi.com\/files\/studiogiochi.com\/2022\/01\/pdf_icon.jpg\" alt=\"\" width=\"25\" height=\"28\" align=\"left\" \/><\/a><strong>\u00a0 <a href=\"https:\/\/studiogiochi.com\/files\/studiogiochi.com\/2023\/06\/Soluzioni-Test-culturali.pdf\" target=\"_blank\" rel=\"noopener\">Soluzioni<\/a><\/strong><\/p>\n[\/vc_column_text][\/vc_column_inner][\/vc_row_inner][vc_separator color=&#8221;custom&#8221; border_width=&#8221;4&#8243; accent_color=&#8221;rgba(153,153,153,0.18)&#8221;][vc_row_inner][vc_column_inner width=&#8221;2\/3&#8243;][vc_single_image image=&#8221;57742&#8243; img_size=&#8221;full&#8221; onclick=&#8221;img_link_large&#8221;][\/vc_column_inner][vc_column_inner width=&#8221;1\/3&#8243;][vc_column_text]\n<h4>Test IQ<\/h4>\n<p style=\"text-align: left;\">Test di intelligenza di varie tipologie, per mettere alla prova le prestazioni del cervello e misurarle con un\u00a0punteggio.<\/p>\n<p>&nbsp;<\/p>\n<p align=\"left\"><a href=\"https:\/\/studiogiochi.com\/files\/studiogiochi.com\/2023\/06\/Soluzioni_Test_IQ.pdf\" target=\"_blank\" rel=\"noopener noreferrer\"><img decoding=\"async\" class=\"alignnone\" src=\"https:\/\/studiogiochi.com\/files\/studiogiochi.com\/2022\/01\/pdf_icon.jpg\" alt=\"\" width=\"25\" height=\"28\" align=\"left\" \/><\/a><strong>\u00a0 <a href=\"https:\/\/studiogiochi.com\/files\/studiogiochi.com\/2023\/06\/Soluzioni_Test_IQ.pdf\" target=\"_blank\" rel=\"noopener noreferrer\">Soluzioni<\/a><\/strong><\/p>\n[\/vc_column_text][\/vc_column_inner][\/vc_row_inner][vc_separator color=&#8221;custom&#8221; border_width=&#8221;4&#8243; accent_color=&#8221;rgba(153,153,153,0.18)&#8221;][vc_row_inner][vc_column_inner width=&#8221;2\/3&#8243;][vc_single_image image=&#8221;57737&#8243; img_size=&#8221;full&#8221; onclick=&#8221;img_link_large&#8221;][\/vc_column_inner][vc_column_inner width=&#8221;1\/3&#8243;][vc_column_text]\n<h4>Sudoquiz<\/h4>\n<p style=\"text-align: left;\">La logica del sudoku si combina con la cultura di un quiz. Lo schema si presenta vuoto, ma si compila rispondendo correttamente ai quiz proposti nella pagina.<br \/>\nNon \u00e8 necessario rispondere a tutti i quiz, una volta inserita nello schema una sufficiente quantit\u00e0 di numeri, si potr\u00e0 procedere come in un normale sudoku.<\/p>\n<p align=\"left\"><a href=\"https:\/\/studiogiochi.com\/files\/studiogiochi.com\/2023\/06\/Soluzioni-sudoquiz.pdf\" target=\"_blank\" rel=\"noopener\"><img decoding=\"async\" class=\"alignnone\" src=\"https:\/\/studiogiochi.com\/files\/studiogiochi.com\/2022\/01\/pdf_icon.jpg\" alt=\"\" width=\"25\" height=\"28\" align=\"left\" \/><\/a><strong>\u00a0 <a href=\"https:\/\/studiogiochi.com\/files\/studiogiochi.com\/2023\/06\/Soluzioni-sudoquiz.pdf\" target=\"_blank\" rel=\"noopener\">Soluzioni<\/a><\/strong><\/p>\n[\/vc_column_text][\/vc_column_inner][\/vc_row_inner][vc_separator color=&#8221;custom&#8221; border_width=&#8221;4&#8243; accent_color=&#8221;rgba(153,153,153,0.18)&#8221;][\/vc_column][\/vc_row]\n<\/div>","protected":false},"excerpt":{"rendered":"[vc_row][vc_column width=\"1\/4\"][vc_single_image image=\"3300\" img_size=\"full\"][\/vc_column][vc_column width=\"3\/4\"][vc_column_text] This page is only available in Italian [\/vc_column_text][vc_column_text] QUIZ E TEST Test di intelligenza, di [...]","protected":false},"author":9,"featured_media":0,"parent":70993,"menu_order":40,"comment_status":"closed","ping_status":"closed","template":"","meta":{"footnotes":""},"class_list":["post-71017","page","type-page","status-publish","hentry"],"yoast_head":"<!-- This site is optimized with the Yoast SEO plugin v27.2 - https:\/\/yoast.com\/product\/yoast-seo-wordpress\/ -->\n<title>Quiz e test - studiogiochi<\/title>\n<meta name=\"robots\" content=\"index, follow, max-snippet:-1, max-image-preview:large, max-video-preview:-1\" \/>\n<link rel=\"canonical\" href=\"https:\/\/studiogiochi.com\/en\/enigmistica-su-misura\/giochi-enigmistici\/quiz-e-test\/\" \/>\n<meta property=\"og:locale\" content=\"en_US\" \/>\n<meta property=\"og:type\" content=\"article\" \/>\n<meta property=\"og:title\" content=\"Quiz e test - studiogiochi\" \/>\n<meta property=\"og:url\" content=\"https:\/\/studiogiochi.com\/en\/enigmistica-su-misura\/giochi-enigmistici\/quiz-e-test\/\" \/>\n<meta property=\"og:site_name\" content=\"studiogiochi\" \/>\n<meta property=\"article:modified_time\" content=\"2024-04-23T07:33:23+00:00\" \/>\n<meta property=\"og:image\" content=\"https:\/\/studiogiochi.com\/files\/studiogiochi.com\/2022\/01\/pdf_icon.jpg\" \/>\n<meta name=\"twitter:card\" content=\"summary_large_image\" \/>\n<meta name=\"twitter:label1\" content=\"Est. reading time\" \/>\n\t<meta name=\"twitter:data1\" content=\"3 minutes\" \/>\n<script type=\"application\/ld+json\" class=\"yoast-schema-graph\">{\"@context\":\"https:\/\/schema.org\",\"@graph\":[{\"@type\":\"WebPage\",\"@id\":\"https:\/\/studiogiochi.com\/en\/enigmistica-su-misura\/giochi-enigmistici\/quiz-e-test\/\",\"url\":\"https:\/\/studiogiochi.com\/en\/enigmistica-su-misura\/giochi-enigmistici\/quiz-e-test\/\",\"name\":\"Quiz e test - studiogiochi\",\"isPartOf\":{\"@id\":\"https:\/\/studiogiochi.com\/#website\"},\"primaryImageOfPage\":{\"@id\":\"https:\/\/studiogiochi.com\/en\/enigmistica-su-misura\/giochi-enigmistici\/quiz-e-test\/#primaryimage\"},\"image\":{\"@id\":\"https:\/\/studiogiochi.com\/en\/enigmistica-su-misura\/giochi-enigmistici\/quiz-e-test\/#primaryimage\"},\"thumbnailUrl\":\"https:\/\/studiogiochi.com\/files\/studiogiochi.com\/2022\/01\/pdf_icon.jpg\",\"datePublished\":\"2022-07-27T09:16:34+00:00\",\"dateModified\":\"2024-04-23T07:33:23+00:00\",\"breadcrumb\":{\"@id\":\"https:\/\/studiogiochi.com\/en\/enigmistica-su-misura\/giochi-enigmistici\/quiz-e-test\/#breadcrumb\"},\"inLanguage\":\"en-US\",\"potentialAction\":[{\"@type\":\"ReadAction\",\"target\":[\"https:\/\/studiogiochi.com\/en\/enigmistica-su-misura\/giochi-enigmistici\/quiz-e-test\/\"]}]},{\"@type\":\"ImageObject\",\"inLanguage\":\"en-US\",\"@id\":\"https:\/\/studiogiochi.com\/en\/enigmistica-su-misura\/giochi-enigmistici\/quiz-e-test\/#primaryimage\",\"url\":\"https:\/\/studiogiochi.com\/files\/studiogiochi.com\/2022\/01\/pdf_icon.jpg\",\"contentUrl\":\"https:\/\/studiogiochi.com\/files\/studiogiochi.com\/2022\/01\/pdf_icon.jpg\"},{\"@type\":\"BreadcrumbList\",\"@id\":\"https:\/\/studiogiochi.com\/en\/enigmistica-su-misura\/giochi-enigmistici\/quiz-e-test\/#breadcrumb\",\"itemListElement\":[{\"@type\":\"ListItem\",\"position\":1,\"name\":\"Home\",\"item\":\"https:\/\/studiogiochi.com\/en\/\"},{\"@type\":\"ListItem\",\"position\":2,\"name\":\"Custom-made puzzles\",\"item\":\"https:\/\/studiogiochi.com\/en\/enigmistica-su-misura\/\"},{\"@type\":\"ListItem\",\"position\":3,\"name\":\"Giochi enigmistici\",\"item\":\"https:\/\/studiogiochi.com\/en\/enigmistica-su-misura\/giochi-enigmistici\/\"},{\"@type\":\"ListItem\",\"position\":4,\"name\":\"Quiz e test\"}]},{\"@type\":\"WebSite\",\"@id\":\"https:\/\/studiogiochi.com\/#website\",\"url\":\"https:\/\/studiogiochi.com\/\",\"name\":\"studiogiochi\",\"description\":\"35 ANNI DI GIOCHI\",\"potentialAction\":[{\"@type\":\"SearchAction\",\"target\":{\"@type\":\"EntryPoint\",\"urlTemplate\":\"https:\/\/studiogiochi.com\/?s={search_term_string}\"},\"query-input\":{\"@type\":\"PropertyValueSpecification\",\"valueRequired\":true,\"valueName\":\"search_term_string\"}}],\"inLanguage\":\"en-US\"}]}<\/script>\n<!-- \/ Yoast SEO plugin. -->","yoast_head_json":{"title":"Quiz e test - studiogiochi","robots":{"index":"index","follow":"follow","max-snippet":"max-snippet:-1","max-image-preview":"max-image-preview:large","max-video-preview":"max-video-preview:-1"},"canonical":"https:\/\/studiogiochi.com\/en\/enigmistica-su-misura\/giochi-enigmistici\/quiz-e-test\/","og_locale":"en_US","og_type":"article","og_title":"Quiz e test - studiogiochi","og_url":"https:\/\/studiogiochi.com\/en\/enigmistica-su-misura\/giochi-enigmistici\/quiz-e-test\/","og_site_name":"studiogiochi","article_modified_time":"2024-04-23T07:33:23+00:00","og_image":[{"url":"https:\/\/studiogiochi.com\/files\/studiogiochi.com\/2022\/01\/pdf_icon.jpg","type":"","width":"","height":""}],"twitter_card":"summary_large_image","twitter_misc":{"Est. reading time":"3 minutes"},"schema":{"@context":"https:\/\/schema.org","@graph":[{"@type":"WebPage","@id":"https:\/\/studiogiochi.com\/en\/enigmistica-su-misura\/giochi-enigmistici\/quiz-e-test\/","url":"https:\/\/studiogiochi.com\/en\/enigmistica-su-misura\/giochi-enigmistici\/quiz-e-test\/","name":"Quiz e test - studiogiochi","isPartOf":{"@id":"https:\/\/studiogiochi.com\/#website"},"primaryImageOfPage":{"@id":"https:\/\/studiogiochi.com\/en\/enigmistica-su-misura\/giochi-enigmistici\/quiz-e-test\/#primaryimage"},"image":{"@id":"https:\/\/studiogiochi.com\/en\/enigmistica-su-misura\/giochi-enigmistici\/quiz-e-test\/#primaryimage"},"thumbnailUrl":"https:\/\/studiogiochi.com\/files\/studiogiochi.com\/2022\/01\/pdf_icon.jpg","datePublished":"2022-07-27T09:16:34+00:00","dateModified":"2024-04-23T07:33:23+00:00","breadcrumb":{"@id":"https:\/\/studiogiochi.com\/en\/enigmistica-su-misura\/giochi-enigmistici\/quiz-e-test\/#breadcrumb"},"inLanguage":"en-US","potentialAction":[{"@type":"ReadAction","target":["https:\/\/studiogiochi.com\/en\/enigmistica-su-misura\/giochi-enigmistici\/quiz-e-test\/"]}]},{"@type":"ImageObject","inLanguage":"en-US","@id":"https:\/\/studiogiochi.com\/en\/enigmistica-su-misura\/giochi-enigmistici\/quiz-e-test\/#primaryimage","url":"https:\/\/studiogiochi.com\/files\/studiogiochi.com\/2022\/01\/pdf_icon.jpg","contentUrl":"https:\/\/studiogiochi.com\/files\/studiogiochi.com\/2022\/01\/pdf_icon.jpg"},{"@type":"BreadcrumbList","@id":"https:\/\/studiogiochi.com\/en\/enigmistica-su-misura\/giochi-enigmistici\/quiz-e-test\/#breadcrumb","itemListElement":[{"@type":"ListItem","position":1,"name":"Home","item":"https:\/\/studiogiochi.com\/en\/"},{"@type":"ListItem","position":2,"name":"Custom-made puzzles","item":"https:\/\/studiogiochi.com\/en\/enigmistica-su-misura\/"},{"@type":"ListItem","position":3,"name":"Giochi enigmistici","item":"https:\/\/studiogiochi.com\/en\/enigmistica-su-misura\/giochi-enigmistici\/"},{"@type":"ListItem","position":4,"name":"Quiz e test"}]},{"@type":"WebSite","@id":"https:\/\/studiogiochi.com\/#website","url":"https:\/\/studiogiochi.com\/","name":"studiogiochi","description":"35 ANNI DI GIOCHI","potentialAction":[{"@type":"SearchAction","target":{"@type":"EntryPoint","urlTemplate":"https:\/\/studiogiochi.com\/?s={search_term_string}"},"query-input":{"@type":"PropertyValueSpecification","valueRequired":true,"valueName":"search_term_string"}}],"inLanguage":"en-US"}]}},"_links":{"self":[{"href":"https:\/\/studiogiochi.com\/en\/wp-json\/wp\/v2\/pages\/71017","targetHints":{"allow":["GET"]}}],"collection":[{"href":"https:\/\/studiogiochi.com\/en\/wp-json\/wp\/v2\/pages"}],"about":[{"href":"https:\/\/studiogiochi.com\/en\/wp-json\/wp\/v2\/types\/page"}],"author":[{"embeddable":true,"href":"https:\/\/studiogiochi.com\/en\/wp-json\/wp\/v2\/users\/9"}],"replies":[{"embeddable":true,"href":"https:\/\/studiogiochi.com\/en\/wp-json\/wp\/v2\/comments?post=71017"}],"version-history":[{"count":1,"href":"https:\/\/studiogiochi.com\/en\/wp-json\/wp\/v2\/pages\/71017\/revisions"}],"predecessor-version":[{"id":71018,"href":"https:\/\/studiogiochi.com\/en\/wp-json\/wp\/v2\/pages\/71017\/revisions\/71018"}],"up":[{"embeddable":true,"href":"https:\/\/studiogiochi.com\/en\/wp-json\/wp\/v2\/pages\/70993"}],"wp:attachment":[{"href":"https:\/\/studiogiochi.com\/en\/wp-json\/wp\/v2\/media?parent=71017"}],"curies":[{"name":"wp","href":"https:\/\/api.w.org\/{rel}","templated":true}]}}