{"id":71020,"date":"2023-06-26T09:49:26","date_gmt":"2023-06-26T07:49:26","guid":{"rendered":"https:\/\/www.studiogiochi.com\/enigmistica-su-misura\/giochi-enigmistici\/giochi-illustrati\/"},"modified":"2024-04-23T09:34:52","modified_gmt":"2024-04-23T07:34:52","slug":"giochi-illustrati","status":"publish","type":"page","link":"https:\/\/studiogiochi.com\/en\/enigmistica-su-misura\/giochi-enigmistici\/giochi-illustrati\/","title":{"rendered":"Giochi illustrati"},"content":{"rendered":"<div class=\"wpb-content-wrapper\">[vc_row][vc_column width=&#8221;1\/4&#8243;][vc_single_image image=&#8221;3300&#8243; img_size=&#8221;full&#8221;][\/vc_column][vc_column width=&#8221;3\/4&#8243;][vc_column_text]\n<p style=\"color: #cc0000; text-align: center;\"><strong>This page is only available in Italian<\/strong><\/p>\n[\/vc_column_text][vc_column_text]\n<h2 style=\"text-align: center;\">GIOCHI ILLUSTRATI<\/h2>\n<p style=\"text-align: justify;\">I giochi enigmistici stimolano la mente&#8230; ma anche l&#8217;occhio vuole la sua parte! Se gi\u00e0 il mettersi alla prova con un gioco \u00e8 un&#8217;attivit\u00e0 piacevole, lo diventa ancor di pi\u00f9 quando il gioco \u00e8 illustrato.<\/p>\n<p style=\"text-align: justify;\">Ecco allora un elenco (non esaustivo) delle tante varianti di giochi illustrati che possiamo realizzare. Quasi tutti si prestano a interpretazioni a tema.<\/p>\n[\/vc_column_text][vc_row_inner][vc_column_inner width=&#8221;1\/4&#8243;][\/vc_column_inner][vc_column_inner width=&#8221;1\/4&#8243;][vc_column_text]<a href=\"#abbinamenti\">\u2022 Abbinamenti<\/a><br \/>\n<a href=\"#allospecchio\">\u2022 Allo specchio<\/a><br \/>\n<a href=\"#colpodocchio\">\u2022 Colpo d&#8217;occhio<\/a><br \/>\n<a href=\"#cubodiruvip\">\u2022 Cubo di Ruvip<\/a><br \/>\n<a href=\"#dado\">\u2022 Dado<\/a><br \/>\n<a href=\"#differenze\">\u2022 Differenze<\/a><br \/>\n<a href=\"#fiammiferi\">\u2022 Fiammiferi<\/a>[\/vc_column_text][\/vc_column_inner][vc_column_inner width=&#8221;1\/4&#8243;][vc_column_text]<a href=\"#jukebox\">\u2022 Jukebox<\/a><br \/>\n<a href=\"#labirinto\">\u2022 Labirinto<\/a><br \/>\n<a href=\"#parolamisteriosa\">\u2022 Parola misteriosa<\/a><br \/>\n<a href=\"#pictomino\">\u2022 Pictomino<\/a><br \/>\n<a href=\"#puntini\">\u2022 Puntini<\/a><br \/>\n<a href=\"#tangram\">\u2022 Tangram<\/a>[\/vc_column_text][\/vc_column_inner][vc_column_inner width=&#8221;1\/4&#8243;][\/vc_column_inner][\/vc_row_inner][vc_separator color=&#8221;custom&#8221; border_width=&#8221;4&#8243; accent_color=&#8221;rgba(153,153,153,0.18)&#8221; el_id=&#8221;abbinamenti&#8221;][vc_row_inner][vc_column_inner width=&#8221;2\/3&#8243;][vc_media_grid style=&#8221;lazy&#8221; element_width=&#8221;6&#8243; grid_id=&#8221;vc_gid:1713857658184-f6839abf-3824-1&#8243; include=&#8221;67206,67208,67210,67212&#8243;][\/vc_column_inner][vc_column_inner width=&#8221;1\/3&#8243;][vc_column_text]\n<h4>Abbinamenti<\/h4>\n<p>Realizzabile con disegni o con immagini fotografiche, a met\u00e0 tra un gioco illustrato e un quiz, il gioco degli abbinamenti ben si presta a versioni tematizzate, in cui \u00e8 possibile fornire anche&#8230; qualche pillola culturale.[\/vc_column_text][\/vc_column_inner][\/vc_row_inner][vc_separator color=&#8221;custom&#8221; border_width=&#8221;4&#8243; accent_color=&#8221;rgba(153,153,153,0.18)&#8221; el_id=&#8221;allospecchio&#8221;][vc_row_inner][vc_column_inner width=&#8221;2\/3&#8243;][vc_media_grid style=&#8221;lazy&#8221; element_width=&#8221;6&#8243; grid_id=&#8221;vc_gid:1713857658187-f2dc66d6-0df7-10&#8243; include=&#8221;67217,67215&#8243;][\/vc_column_inner][vc_column_inner width=&#8221;1\/3&#8243;][vc_column_text]\n<h4>Allo specchio<\/h4>\n<p>Gioco adatto anche ai pi\u00f9 piccoli, che prevede il riconoscimento di un&#8217;immagine specchiata, sia essa una silhouette o un disegno pi\u00f9 complesso.<br \/>\nUna versione semplificata prevede l&#8217;ombra dell&#8217;immagine non specchiata.[\/vc_column_text][\/vc_column_inner][\/vc_row_inner][vc_separator color=&#8221;custom&#8221; border_width=&#8221;4&#8243; accent_color=&#8221;rgba(153,153,153,0.18)&#8221; el_id=&#8221;colpodocchio&#8221;][vc_row_inner][vc_column_inner width=&#8221;2\/3&#8243;][vc_media_grid style=&#8221;lazy&#8221; element_width=&#8221;6&#8243; grid_id=&#8221;vc_gid:1713857658189-22fa2ac9-7292-10&#8243; include=&#8221;67221,67219,67227,67223,67225,67229&#8243;][\/vc_column_inner][vc_column_inner width=&#8221;1\/3&#8243;][vc_column_text]\n<h4>Colpo d&#8217;occhio<\/h4>\n<p>Moltissime possono essere le varianti nei giochi di colpo d&#8217;occhio. Dalla ricerca di due figure gemelle o di alcuni particolari presenti in una figura, fino a quelle di tipo numerico, in cui bisogna individuare il numero di ripetizioni di un soggetto, come in <em>Non c&#8217;\u00e8 due senza tre<\/em>.[\/vc_column_text][\/vc_column_inner][\/vc_row_inner][vc_separator color=&#8221;custom&#8221; border_width=&#8221;4&#8243; accent_color=&#8221;rgba(153,153,153,0.18)&#8221; el_id=&#8221;cubodiruvip&#8221;][vc_row_inner][vc_column_inner width=&#8221;2\/3&#8243;][vc_media_grid style=&#8221;lazy&#8221; element_width=&#8221;6&#8243; grid_id=&#8221;vc_gid:1713857658193-3ee03f7a-5e68-3&#8243; include=&#8221;67231,67233&#8243;][\/vc_column_inner][vc_column_inner width=&#8221;1\/3&#8243;][vc_column_text]\n<h4>Cubo di Ruvip<\/h4>\n<p>Moltissimi sono i personaggi dello spettacolo noti a tutti, ma se dividiamo il loro volto in nove parti e le rimescoliamo&#8230; siamo ancora in grado di riconoscerli?[\/vc_column_text][\/vc_column_inner][\/vc_row_inner][vc_separator color=&#8221;custom&#8221; border_width=&#8221;4&#8243; accent_color=&#8221;rgba(153,153,153,0.18)&#8221; el_id=&#8221;dado&#8221;][vc_row_inner][vc_column_inner width=&#8221;2\/3&#8243;][vc_media_grid style=&#8221;lazy&#8221; element_width=&#8221;6&#8243; grid_id=&#8221;vc_gid:1713857658194-6eba0715-f223-7&#8243; include=&#8221;67235,67237&#8243;][\/vc_column_inner][vc_column_inner width=&#8221;1\/3&#8243;][vc_column_text]\n<h4>Dado<\/h4>\n<p>Simpatico gioco in cui la difficolt\u00e0 \u00e8 data dal dover confrontare le figure passando mentalmente dalle due dimensioni alle tre dimensioni&#8230; o viceversa.[\/vc_column_text][\/vc_column_inner][\/vc_row_inner][vc_separator color=&#8221;custom&#8221; border_width=&#8221;4&#8243; accent_color=&#8221;rgba(153,153,153,0.18)&#8221; el_id=&#8221;differenze&#8221;][vc_row_inner][vc_column_inner width=&#8221;2\/3&#8243;][vc_media_grid style=&#8221;lazy&#8221; element_width=&#8221;6&#8243; grid_id=&#8221;vc_gid:1713857658196-7648f183-29f0-2&#8243; include=&#8221;67194,67192&#8243;][\/vc_column_inner][vc_column_inner width=&#8221;1\/3&#8243;][vc_column_text]\n<h4>Differenze<\/h4>\n<p>Il classico gioco di osservazione, dove bisogna aguzzare la vista per scovare le differenze tra due immagini quasi uguali. Pu\u00f2 essere realizzato con disegni o fotografie, a colori o in bianco e nero.[\/vc_column_text][\/vc_column_inner][\/vc_row_inner][vc_separator color=&#8221;custom&#8221; border_width=&#8221;4&#8243; accent_color=&#8221;rgba(153,153,153,0.18)&#8221; el_id=&#8221;fiammiferi&#8221;][vc_row_inner][vc_column_inner width=&#8221;2\/3&#8243;][vc_media_grid style=&#8221;lazy&#8221; element_width=&#8221;6&#8243; grid_id=&#8221;vc_gid:1713857658197-068d33ce-7357-0&#8243; include=&#8221;67272,67274&#8243;][\/vc_column_inner][vc_column_inner width=&#8221;1\/3&#8243;][vc_column_text]\n<h4>Fiammiferi<\/h4>\n<p>Un rompicapo per tutte le et\u00e0, che incuriosisce sempre e allena il pensiero laterale, portando il solutore a sperimentare punti di vista alternativi per trovare la soluzione.[\/vc_column_text][\/vc_column_inner][\/vc_row_inner][vc_separator color=&#8221;custom&#8221; border_width=&#8221;4&#8243; accent_color=&#8221;rgba(153,153,153,0.18)&#8221; el_id=&#8221;jukebox&#8221;][vc_row_inner][vc_column_inner width=&#8221;2\/3&#8243;][vc_media_grid style=&#8221;lazy&#8221; element_width=&#8221;6&#8243; grid_id=&#8221;vc_gid:1713857658199-91482274-f96e-0&#8243; include=&#8221;67239,67241&#8243;][\/vc_column_inner][vc_column_inner width=&#8221;1\/3&#8243;][vc_column_text]\n<h4>Jukebox<\/h4>\n<p>Quasi un rebus, questo gioco amato dagli appassionati di musica, che dovranno ripercorrere mentalmente i testi delle canzoni pi\u00f9 conosciute per trovare la soluzione.[\/vc_column_text][\/vc_column_inner][\/vc_row_inner][vc_separator color=&#8221;custom&#8221; border_width=&#8221;4&#8243; accent_color=&#8221;rgba(153,153,153,0.18)&#8221; el_id=&#8221;labirinto&#8221;][vc_row_inner][vc_column_inner width=&#8221;2\/3&#8243;][vc_media_grid style=&#8221;lazy&#8221; element_width=&#8221;6&#8243; grid_id=&#8221;vc_gid:1713857658200-0e8482f7-77a6-2&#8243; include=&#8221;67244,67246,67304,67306&#8243;][\/vc_column_inner][vc_column_inner width=&#8221;1\/3&#8243;][vc_column_text]\n<h4>Labirinto<\/h4>\n<p>Il classico gioco del labirinto pu\u00f2 essere interpretato con varianti a tema e nascondere delle sorprese, ad esempio il percorso verso l&#8217;uscita pu\u00f2 svelare un&#8217;immagine, un nome, un codice.[\/vc_column_text][\/vc_column_inner][\/vc_row_inner][vc_separator color=&#8221;custom&#8221; border_width=&#8221;4&#8243; accent_color=&#8221;rgba(153,153,153,0.18)&#8221; el_id=&#8221;parolamisteriosa&#8221;][vc_row_inner][vc_column_inner width=&#8221;2\/3&#8243;][vc_media_grid style=&#8221;lazy&#8221; element_width=&#8221;6&#8243; grid_id=&#8221;vc_gid:1713857658203-26af29fd-32d4-10&#8243; include=&#8221;67252,67254&#8243;][\/vc_column_inner][vc_column_inner width=&#8221;1\/3&#8243;][vc_column_text]\n<h4>Parola misteriosa<\/h4>\n<p>Il sottile piacere di scoprire una parola misteriosa, lettera dopo lettera, in questo gioco \u00e8 reso ancora pi\u00f9 piacevole dalle illustrazioni nelle quali cercare i termini da inserire.[\/vc_column_text][\/vc_column_inner][\/vc_row_inner][vc_separator color=&#8221;custom&#8221; border_width=&#8221;4&#8243; accent_color=&#8221;rgba(153,153,153,0.18)&#8221; el_id=&#8221;pictomino&#8221;][vc_row_inner][vc_column_inner width=&#8221;2\/3&#8243;][vc_media_grid style=&#8221;lazy&#8221; element_width=&#8221;6&#8243; grid_id=&#8221;vc_gid:1713857658205-215e2478-bce1-1&#8243; include=&#8221;67256,67258&#8243;][\/vc_column_inner][vc_column_inner width=&#8221;1\/3&#8243;][vc_column_text]\n<h4>Pictomino<\/h4>\n<p>Un gioco di pura osservazione, composto da tante piccole immagini, che consiste nell&#8217;individuare l\u2019immagine in comune di ogni coppia di tessere attigue, secondo l\u2019ordine dato dalle frecce.[\/vc_column_text][\/vc_column_inner][\/vc_row_inner][vc_separator color=&#8221;custom&#8221; border_width=&#8221;4&#8243; accent_color=&#8221;rgba(153,153,153,0.18)&#8221; el_id=&#8221;puntini&#8221;][vc_row_inner][vc_column_inner width=&#8221;2\/3&#8243;][vc_media_grid style=&#8221;lazy&#8221; element_width=&#8221;6&#8243; grid_id=&#8221;vc_gid:1713857658206-72c2c078-298d-10&#8243; include=&#8221;67260,67262&#8243;][\/vc_column_inner][vc_column_inner width=&#8221;1\/3&#8243;][vc_column_text]\n<h4>Puntini<\/h4>\n<p>Svelare un&#8217;immagine unendo i puntini secondo la sequenza numerica, o annerendo gli spazi contrassegnati. Chi non si \u00e8 mai divertito a cercare di indovinare cosa celava uno di questi giochi?[\/vc_column_text][\/vc_column_inner][\/vc_row_inner][vc_separator color=&#8221;custom&#8221; border_width=&#8221;4&#8243; accent_color=&#8221;rgba(153,153,153,0.18)&#8221; el_id=&#8221;tangram&#8221;][vc_row_inner][vc_column_inner width=&#8221;2\/3&#8243;][vc_media_grid style=&#8221;lazy&#8221; element_width=&#8221;6&#8243; grid_id=&#8221;vc_gid:1713857658208-12d922ef-1bf7-5&#8243; include=&#8221;67267,67269&#8243;][\/vc_column_inner][vc_column_inner width=&#8221;1\/3&#8243;][vc_column_text]\n<h4>Tangram<\/h4>\n<p>Solo in apparenza semplice, questo gioco di origine cinese sviluppa intelligenza visiva, creativit\u00e0 e immaginazione. Si compone di 7 pezzi di forma geometrica, con i quali si possono formare moltissime figure. Data una figura, il giocatore deve ricostruirla utilizzando tutti e sette i pezzi a disposizione.[\/vc_column_text][\/vc_column_inner][\/vc_row_inner][\/vc_column][\/vc_row]\n<\/div>","protected":false},"excerpt":{"rendered":"[vc_row][vc_column width=\"1\/4\"][vc_single_image image=\"3300\" img_size=\"full\"][\/vc_column][vc_column width=\"3\/4\"][vc_column_text] This page is only available in Italian [\/vc_column_text][vc_column_text] GIOCHI ILLUSTRATI I giochi enigmistici stimolano la [...]","protected":false},"author":9,"featured_media":0,"parent":70993,"menu_order":50,"comment_status":"closed","ping_status":"closed","template":"","meta":{"footnotes":""},"class_list":["post-71020","page","type-page","status-publish","hentry"],"yoast_head":"<!-- This site is optimized with the Yoast SEO plugin v27.2 - https:\/\/yoast.com\/product\/yoast-seo-wordpress\/ -->\n<title>Giochi illustrati - studiogiochi<\/title>\n<meta name=\"robots\" content=\"index, follow, max-snippet:-1, max-image-preview:large, max-video-preview:-1\" \/>\n<link rel=\"canonical\" href=\"https:\/\/studiogiochi.com\/en\/enigmistica-su-misura\/giochi-enigmistici\/giochi-illustrati\/\" \/>\n<meta property=\"og:locale\" content=\"en_US\" \/>\n<meta property=\"og:type\" content=\"article\" \/>\n<meta property=\"og:title\" content=\"Giochi illustrati - studiogiochi\" \/>\n<meta property=\"og:url\" content=\"https:\/\/studiogiochi.com\/en\/enigmistica-su-misura\/giochi-enigmistici\/giochi-illustrati\/\" \/>\n<meta property=\"og:site_name\" content=\"studiogiochi\" \/>\n<meta property=\"article:modified_time\" content=\"2024-04-23T07:34:52+00:00\" \/>\n<meta name=\"twitter:card\" content=\"summary_large_image\" \/>\n<meta name=\"twitter:label1\" content=\"Est. reading time\" \/>\n\t<meta name=\"twitter:data1\" content=\"11 minutes\" \/>\n<script type=\"application\/ld+json\" class=\"yoast-schema-graph\">{\"@context\":\"https:\/\/schema.org\",\"@graph\":[{\"@type\":\"WebPage\",\"@id\":\"https:\/\/studiogiochi.com\/en\/enigmistica-su-misura\/giochi-enigmistici\/giochi-illustrati\/\",\"url\":\"https:\/\/studiogiochi.com\/en\/enigmistica-su-misura\/giochi-enigmistici\/giochi-illustrati\/\",\"name\":\"Giochi illustrati - studiogiochi\",\"isPartOf\":{\"@id\":\"https:\/\/studiogiochi.com\/#website\"},\"datePublished\":\"2023-06-26T07:49:26+00:00\",\"dateModified\":\"2024-04-23T07:34:52+00:00\",\"breadcrumb\":{\"@id\":\"https:\/\/studiogiochi.com\/en\/enigmistica-su-misura\/giochi-enigmistici\/giochi-illustrati\/#breadcrumb\"},\"inLanguage\":\"en-US\",\"potentialAction\":[{\"@type\":\"ReadAction\",\"target\":[\"https:\/\/studiogiochi.com\/en\/enigmistica-su-misura\/giochi-enigmistici\/giochi-illustrati\/\"]}]},{\"@type\":\"BreadcrumbList\",\"@id\":\"https:\/\/studiogiochi.com\/en\/enigmistica-su-misura\/giochi-enigmistici\/giochi-illustrati\/#breadcrumb\",\"itemListElement\":[{\"@type\":\"ListItem\",\"position\":1,\"name\":\"Home\",\"item\":\"https:\/\/studiogiochi.com\/en\/\"},{\"@type\":\"ListItem\",\"position\":2,\"name\":\"Custom-made puzzles\",\"item\":\"https:\/\/studiogiochi.com\/en\/enigmistica-su-misura\/\"},{\"@type\":\"ListItem\",\"position\":3,\"name\":\"Giochi enigmistici\",\"item\":\"https:\/\/studiogiochi.com\/en\/enigmistica-su-misura\/giochi-enigmistici\/\"},{\"@type\":\"ListItem\",\"position\":4,\"name\":\"Giochi illustrati\"}]},{\"@type\":\"WebSite\",\"@id\":\"https:\/\/studiogiochi.com\/#website\",\"url\":\"https:\/\/studiogiochi.com\/\",\"name\":\"studiogiochi\",\"description\":\"35 ANNI DI GIOCHI\",\"potentialAction\":[{\"@type\":\"SearchAction\",\"target\":{\"@type\":\"EntryPoint\",\"urlTemplate\":\"https:\/\/studiogiochi.com\/?s={search_term_string}\"},\"query-input\":{\"@type\":\"PropertyValueSpecification\",\"valueRequired\":true,\"valueName\":\"search_term_string\"}}],\"inLanguage\":\"en-US\"}]}<\/script>\n<!-- \/ Yoast SEO plugin. -->","yoast_head_json":{"title":"Giochi illustrati - studiogiochi","robots":{"index":"index","follow":"follow","max-snippet":"max-snippet:-1","max-image-preview":"max-image-preview:large","max-video-preview":"max-video-preview:-1"},"canonical":"https:\/\/studiogiochi.com\/en\/enigmistica-su-misura\/giochi-enigmistici\/giochi-illustrati\/","og_locale":"en_US","og_type":"article","og_title":"Giochi illustrati - studiogiochi","og_url":"https:\/\/studiogiochi.com\/en\/enigmistica-su-misura\/giochi-enigmistici\/giochi-illustrati\/","og_site_name":"studiogiochi","article_modified_time":"2024-04-23T07:34:52+00:00","twitter_card":"summary_large_image","twitter_misc":{"Est. reading time":"11 minutes"},"schema":{"@context":"https:\/\/schema.org","@graph":[{"@type":"WebPage","@id":"https:\/\/studiogiochi.com\/en\/enigmistica-su-misura\/giochi-enigmistici\/giochi-illustrati\/","url":"https:\/\/studiogiochi.com\/en\/enigmistica-su-misura\/giochi-enigmistici\/giochi-illustrati\/","name":"Giochi illustrati - studiogiochi","isPartOf":{"@id":"https:\/\/studiogiochi.com\/#website"},"datePublished":"2023-06-26T07:49:26+00:00","dateModified":"2024-04-23T07:34:52+00:00","breadcrumb":{"@id":"https:\/\/studiogiochi.com\/en\/enigmistica-su-misura\/giochi-enigmistici\/giochi-illustrati\/#breadcrumb"},"inLanguage":"en-US","potentialAction":[{"@type":"ReadAction","target":["https:\/\/studiogiochi.com\/en\/enigmistica-su-misura\/giochi-enigmistici\/giochi-illustrati\/"]}]},{"@type":"BreadcrumbList","@id":"https:\/\/studiogiochi.com\/en\/enigmistica-su-misura\/giochi-enigmistici\/giochi-illustrati\/#breadcrumb","itemListElement":[{"@type":"ListItem","position":1,"name":"Home","item":"https:\/\/studiogiochi.com\/en\/"},{"@type":"ListItem","position":2,"name":"Custom-made puzzles","item":"https:\/\/studiogiochi.com\/en\/enigmistica-su-misura\/"},{"@type":"ListItem","position":3,"name":"Giochi enigmistici","item":"https:\/\/studiogiochi.com\/en\/enigmistica-su-misura\/giochi-enigmistici\/"},{"@type":"ListItem","position":4,"name":"Giochi illustrati"}]},{"@type":"WebSite","@id":"https:\/\/studiogiochi.com\/#website","url":"https:\/\/studiogiochi.com\/","name":"studiogiochi","description":"35 ANNI DI GIOCHI","potentialAction":[{"@type":"SearchAction","target":{"@type":"EntryPoint","urlTemplate":"https:\/\/studiogiochi.com\/?s={search_term_string}"},"query-input":{"@type":"PropertyValueSpecification","valueRequired":true,"valueName":"search_term_string"}}],"inLanguage":"en-US"}]}},"_links":{"self":[{"href":"https:\/\/studiogiochi.com\/en\/wp-json\/wp\/v2\/pages\/71020","targetHints":{"allow":["GET"]}}],"collection":[{"href":"https:\/\/studiogiochi.com\/en\/wp-json\/wp\/v2\/pages"}],"about":[{"href":"https:\/\/studiogiochi.com\/en\/wp-json\/wp\/v2\/types\/page"}],"author":[{"embeddable":true,"href":"https:\/\/studiogiochi.com\/en\/wp-json\/wp\/v2\/users\/9"}],"replies":[{"embeddable":true,"href":"https:\/\/studiogiochi.com\/en\/wp-json\/wp\/v2\/comments?post=71020"}],"version-history":[{"count":1,"href":"https:\/\/studiogiochi.com\/en\/wp-json\/wp\/v2\/pages\/71020\/revisions"}],"predecessor-version":[{"id":71021,"href":"https:\/\/studiogiochi.com\/en\/wp-json\/wp\/v2\/pages\/71020\/revisions\/71021"}],"up":[{"embeddable":true,"href":"https:\/\/studiogiochi.com\/en\/wp-json\/wp\/v2\/pages\/70993"}],"wp:attachment":[{"href":"https:\/\/studiogiochi.com\/en\/wp-json\/wp\/v2\/media?parent=71020"}],"curies":[{"name":"wp","href":"https:\/\/api.w.org\/{rel}","templated":true}]}}