{"id":71023,"date":"2022-09-26T15:55:10","date_gmt":"2022-09-26T13:55:10","guid":{"rendered":"https:\/\/www.studiogiochi.com\/enigmistica-su-misura\/giochi-enigmistici\/giochi-classici\/"},"modified":"2024-04-23T09:36:23","modified_gmt":"2024-04-23T07:36:23","slug":"giochi-classici","status":"publish","type":"page","link":"https:\/\/studiogiochi.com\/en\/enigmistica-su-misura\/giochi-enigmistici\/giochi-classici\/","title":{"rendered":"Giochi classici"},"content":{"rendered":"<div class=\"wpb-content-wrapper\">[vc_row][vc_column width=&#8221;1\/4&#8243;][vc_single_image image=&#8221;3300&#8243; img_size=&#8221;full&#8221;][\/vc_column][vc_column width=&#8221;3\/4&#8243;][vc_column_text]\n<p style=\"color: #cc0000; text-align: center;\"><strong>This page is only available in Italian<\/strong><\/p>\n[\/vc_column_text][vc_column_text]\n<h2 style=\"text-align: center;\">GIOCHI CLASSICI<\/h2>\n<p style=\"text-align: justify;\">Se sono intramontabili, ci sar\u00e0 un perch\u00e9. La raffinatezza di questi giochi tradizionali travalica il tempo offrendo sfide per la mente sempre nuove e tante curiosit\u00e0 da scoprire.<\/p>\n[\/vc_column_text][vc_empty_space height=&#8221;20&#8243;][vc_separator color=&#8221;custom&#8221; border_width=&#8221;4&#8243; accent_color=&#8221;rgba(153,153,153,0.18)&#8221; el_id=&#8221;crucipuzzle&#8221;][vc_row_inner][vc_column_inner width=&#8221;2\/3&#8243;][vc_media_grid element_width=&#8221;6&#8243; grid_id=&#8221;vc_gid:1713857751940-e475babc-b4c2-9&#8243; include=&#8221;58471,58473&#8243;][\/vc_column_inner][vc_column_inner width=&#8221;1\/3&#8243;][vc_column_text]\n<h4>Backgammon<\/h4>\n<p style=\"text-align: left;\">Un gioco antichissimo, tutt&#8217;ora moderno e diffuso, con un bellissimo equilibrio tra abilit\u00e0 e fortuna, e del quale si possono scoprire tante curiosit\u00e0 e varianti.<\/p>\n<p>&nbsp;<\/p>\n<p align=\"left\"><a href=\"https:\/\/studiogiochi.com\/files\/studiogiochi.com\/2023\/10\/Soluzioni_backgammon.pdf\" target=\"_blank\" rel=\"noopener\"><img decoding=\"async\" class=\"alignnone\" src=\"https:\/\/studiogiochi.com\/files\/studiogiochi.com\/2022\/01\/pdf_icon.jpg\" alt=\"\" width=\"25\" height=\"28\" align=\"left\" \/><\/a><strong>\u00a0 <a href=\"https:\/\/studiogiochi.com\/files\/studiogiochi.com\/2023\/10\/Soluzioni_backgammon.pdf\" target=\"_blank\" rel=\"noopener\">Soluzioni<\/a><\/strong><\/p>\n[\/vc_column_text][\/vc_column_inner][\/vc_row_inner][vc_separator color=&#8221;custom&#8221; border_width=&#8221;4&#8243; accent_color=&#8221;rgba(153,153,153,0.18)&#8221;][vc_row_inner][vc_column_inner width=&#8221;2\/3&#8243;][vc_media_grid element_width=&#8221;6&#8243; grid_id=&#8221;vc_gid:1713857751942-0df0df17-df0d-4&#8243; include=&#8221;58477,58475&#8243;][\/vc_column_inner][vc_column_inner width=&#8221;1\/3&#8243;][vc_column_text]\n<h4>Bridge<\/h4>\n<p style=\"text-align: left;\">Interessanti problemi di Bridge per appassionati di questo gioco di carte di coppia tra i pi\u00f9 diffusi al mondo.<\/p>\n<p>&nbsp;<\/p>\n<p align=\"left\"><a href=\"https:\/\/studiogiochi.com\/files\/studiogiochi.com\/2023\/10\/Soluzioni_Bridge.pdf\" target=\"_blank\" rel=\"noopener\"><img decoding=\"async\" class=\"alignnone\" src=\"https:\/\/studiogiochi.com\/files\/studiogiochi.com\/2022\/01\/pdf_icon.jpg\" alt=\"\" width=\"25\" height=\"28\" align=\"left\" \/><\/a><strong>\u00a0 <a href=\"https:\/\/studiogiochi.com\/files\/studiogiochi.com\/2023\/10\/Soluzioni_Bridge.pdf\" target=\"_blank\" rel=\"noopener\">Soluzioni<\/a><\/strong><\/p>\n[\/vc_column_text][\/vc_column_inner][\/vc_row_inner][vc_separator color=&#8221;custom&#8221; border_width=&#8221;4&#8243; accent_color=&#8221;rgba(153,153,153,0.18)&#8221;][vc_row_inner][vc_column_inner width=&#8221;2\/3&#8243;][vc_media_grid element_width=&#8221;6&#8243; grid_id=&#8221;vc_gid:1713857751943-410347ea-a473-1&#8243; include=&#8221;58479,58481&#8243;][\/vc_column_inner][vc_column_inner width=&#8221;1\/3&#8243;][vc_column_text]\n<h4>Dama<\/h4>\n<p style=\"text-align: left;\">Curiosit\u00e0 e sfide di un grande classico del gioco da tavolo di strategia per due persone.<\/p>\n<p>&nbsp;<\/p>\n<p align=\"left\"><a href=\"https:\/\/studiogiochi.com\/files\/studiogiochi.com\/2023\/10\/Soluzioni_Dama.pdf\" target=\"_blank\" rel=\"noopener\"><img decoding=\"async\" class=\"alignnone\" src=\"https:\/\/studiogiochi.com\/files\/studiogiochi.com\/2022\/01\/pdf_icon.jpg\" alt=\"\" width=\"25\" height=\"28\" align=\"left\" \/><\/a><strong>\u00a0 <a href=\"https:\/\/studiogiochi.com\/files\/studiogiochi.com\/2023\/10\/Soluzioni_Dama.pdf\" target=\"_blank\" rel=\"noopener\">Soluzioni<\/a><\/strong><\/p>\n[\/vc_column_text][\/vc_column_inner][\/vc_row_inner][vc_separator color=&#8221;custom&#8221; border_width=&#8221;4&#8243; accent_color=&#8221;rgba(153,153,153,0.18)&#8221;][vc_row_inner][vc_column_inner width=&#8221;2\/3&#8243;][vc_media_grid element_width=&#8221;6&#8243; grid_id=&#8221;vc_gid:1713857751945-44dd4e5e-fc72-8&#8243; include=&#8221;58483,58485&#8243;][\/vc_column_inner][vc_column_inner width=&#8221;1\/3&#8243;][vc_column_text]\n<h4>Mastermind<\/h4>\n<p style=\"text-align: left;\">Intrigante gioco di deduzione che affascina e stimola la mente da generazioni, in tutte le sue varianti.<\/p>\n<p>&nbsp;<\/p>\n<p align=\"left\"><a href=\"https:\/\/studiogiochi.com\/files\/studiogiochi.com\/2023\/10\/Soluzioni_Mastermind.pdf\" target=\"_blank\" rel=\"noopener\"><img decoding=\"async\" class=\"alignnone\" src=\"https:\/\/studiogiochi.com\/files\/studiogiochi.com\/2022\/01\/pdf_icon.jpg\" alt=\"\" width=\"25\" height=\"28\" align=\"left\" \/><\/a><strong>\u00a0 <a href=\"https:\/\/studiogiochi.com\/files\/studiogiochi.com\/2023\/10\/Soluzioni_Mastermind.pdf\" target=\"_blank\" rel=\"noopener\">Soluzioni<\/a><\/strong><\/p>\n[\/vc_column_text][\/vc_column_inner][\/vc_row_inner][vc_separator color=&#8221;custom&#8221; border_width=&#8221;4&#8243; accent_color=&#8221;rgba(153,153,153,0.18)&#8221;][vc_row_inner][vc_column_inner width=&#8221;2\/3&#8243;][vc_media_grid element_width=&#8221;6&#8243; grid_id=&#8221;vc_gid:1713857751946-b1ef5ff8-987e-2&#8243; include=&#8221;58487,58489&#8243;][\/vc_column_inner][vc_column_inner width=&#8221;1\/3&#8243;][vc_column_text]\n<h4>Poker<\/h4>\n<p style=\"text-align: left;\">Le tante versioni e sfaccettature di questo diffusissimo gioco offrono lo spunto per raccontare infinite storie, curiosit\u00e0, sfide&#8230;<\/p>\n[\/vc_column_text][\/vc_column_inner][\/vc_row_inner][vc_separator color=&#8221;custom&#8221; border_width=&#8221;4&#8243; accent_color=&#8221;rgba(153,153,153,0.18)&#8221;][vc_row_inner][vc_column_inner width=&#8221;2\/3&#8243;][vc_media_grid element_width=&#8221;6&#8243; grid_id=&#8221;vc_gid:1713857751948-48b395b3-1a04-10&#8243; include=&#8221;58497,58495,58493,58491&#8243;][\/vc_column_inner][vc_column_inner width=&#8221;1\/3&#8243;][vc_column_text]\n<h4>Scacchi<\/h4>\n<p style=\"text-align: left;\">Uno tra i giochi di strategia pi\u00f9 popolari al mondo, nonostante la sua complessit\u00e0. Offre diverse modalit\u00e0 di gioco e tanto da scoprire e riscoprire.<\/p>\n<p>&nbsp;<\/p>\n<p align=\"left\"><a href=\"https:\/\/studiogiochi.com\/files\/studiogiochi.com\/2023\/10\/Soluzioni_Scacchi.pdf\" target=\"_blank\" rel=\"noopener\"><img decoding=\"async\" class=\"alignnone\" src=\"https:\/\/studiogiochi.com\/files\/studiogiochi.com\/2022\/01\/pdf_icon.jpg\" alt=\"\" width=\"25\" height=\"28\" align=\"left\" \/><\/a><strong>\u00a0 <a href=\"https:\/\/studiogiochi.com\/files\/studiogiochi.com\/2023\/10\/Soluzioni_Scacchi.pdf\" target=\"_blank\" rel=\"noopener\">Soluzioni<\/a><\/strong><\/p>\n[\/vc_column_text][\/vc_column_inner][\/vc_row_inner][vc_separator color=&#8221;custom&#8221; border_width=&#8221;4&#8243; accent_color=&#8221;rgba(153,153,153,0.18)&#8221;][\/vc_column][\/vc_row]\n<\/div>","protected":false},"excerpt":{"rendered":"[vc_row][vc_column width=\"1\/4\"][vc_single_image image=\"3300\" img_size=\"full\"][\/vc_column][vc_column width=\"3\/4\"][vc_column_text] This page is only available in Italian [\/vc_column_text][vc_column_text] GIOCHI CLASSICI Se sono intramontabili, ci sar\u00e0 [...]","protected":false},"author":9,"featured_media":0,"parent":70993,"menu_order":60,"comment_status":"closed","ping_status":"closed","template":"","meta":{"footnotes":""},"class_list":["post-71023","page","type-page","status-publish","hentry"],"yoast_head":"<!-- This site is optimized with the Yoast SEO plugin v27.2 - https:\/\/yoast.com\/product\/yoast-seo-wordpress\/ -->\n<title>Giochi classici - studiogiochi<\/title>\n<meta name=\"robots\" content=\"index, follow, max-snippet:-1, max-image-preview:large, max-video-preview:-1\" \/>\n<link rel=\"canonical\" href=\"https:\/\/studiogiochi.com\/en\/enigmistica-su-misura\/giochi-enigmistici\/giochi-classici\/\" \/>\n<meta property=\"og:locale\" content=\"en_US\" \/>\n<meta property=\"og:type\" content=\"article\" \/>\n<meta property=\"og:title\" content=\"Giochi classici - studiogiochi\" \/>\n<meta property=\"og:url\" content=\"https:\/\/studiogiochi.com\/en\/enigmistica-su-misura\/giochi-enigmistici\/giochi-classici\/\" \/>\n<meta property=\"og:site_name\" content=\"studiogiochi\" \/>\n<meta property=\"article:modified_time\" content=\"2024-04-23T07:36:23+00:00\" \/>\n<meta property=\"og:image\" content=\"https:\/\/studiogiochi.com\/files\/studiogiochi.com\/2022\/01\/pdf_icon.jpg\" \/>\n<meta name=\"twitter:card\" content=\"summary_large_image\" \/>\n<meta name=\"twitter:label1\" content=\"Est. reading time\" \/>\n\t<meta name=\"twitter:data1\" content=\"6 minutes\" \/>\n<script type=\"application\/ld+json\" class=\"yoast-schema-graph\">{\"@context\":\"https:\/\/schema.org\",\"@graph\":[{\"@type\":\"WebPage\",\"@id\":\"https:\/\/studiogiochi.com\/en\/enigmistica-su-misura\/giochi-enigmistici\/giochi-classici\/\",\"url\":\"https:\/\/studiogiochi.com\/en\/enigmistica-su-misura\/giochi-enigmistici\/giochi-classici\/\",\"name\":\"Giochi classici - studiogiochi\",\"isPartOf\":{\"@id\":\"https:\/\/studiogiochi.com\/#website\"},\"primaryImageOfPage\":{\"@id\":\"https:\/\/studiogiochi.com\/en\/enigmistica-su-misura\/giochi-enigmistici\/giochi-classici\/#primaryimage\"},\"image\":{\"@id\":\"https:\/\/studiogiochi.com\/en\/enigmistica-su-misura\/giochi-enigmistici\/giochi-classici\/#primaryimage\"},\"thumbnailUrl\":\"https:\/\/studiogiochi.com\/files\/studiogiochi.com\/2022\/01\/pdf_icon.jpg\",\"datePublished\":\"2022-09-26T13:55:10+00:00\",\"dateModified\":\"2024-04-23T07:36:23+00:00\",\"breadcrumb\":{\"@id\":\"https:\/\/studiogiochi.com\/en\/enigmistica-su-misura\/giochi-enigmistici\/giochi-classici\/#breadcrumb\"},\"inLanguage\":\"en-US\",\"potentialAction\":[{\"@type\":\"ReadAction\",\"target\":[\"https:\/\/studiogiochi.com\/en\/enigmistica-su-misura\/giochi-enigmistici\/giochi-classici\/\"]}]},{\"@type\":\"ImageObject\",\"inLanguage\":\"en-US\",\"@id\":\"https:\/\/studiogiochi.com\/en\/enigmistica-su-misura\/giochi-enigmistici\/giochi-classici\/#primaryimage\",\"url\":\"https:\/\/studiogiochi.com\/files\/studiogiochi.com\/2022\/01\/pdf_icon.jpg\",\"contentUrl\":\"https:\/\/studiogiochi.com\/files\/studiogiochi.com\/2022\/01\/pdf_icon.jpg\"},{\"@type\":\"BreadcrumbList\",\"@id\":\"https:\/\/studiogiochi.com\/en\/enigmistica-su-misura\/giochi-enigmistici\/giochi-classici\/#breadcrumb\",\"itemListElement\":[{\"@type\":\"ListItem\",\"position\":1,\"name\":\"Home\",\"item\":\"https:\/\/studiogiochi.com\/en\/\"},{\"@type\":\"ListItem\",\"position\":2,\"name\":\"Custom-made puzzles\",\"item\":\"https:\/\/studiogiochi.com\/en\/enigmistica-su-misura\/\"},{\"@type\":\"ListItem\",\"position\":3,\"name\":\"Giochi enigmistici\",\"item\":\"https:\/\/studiogiochi.com\/en\/enigmistica-su-misura\/giochi-enigmistici\/\"},{\"@type\":\"ListItem\",\"position\":4,\"name\":\"Giochi classici\"}]},{\"@type\":\"WebSite\",\"@id\":\"https:\/\/studiogiochi.com\/#website\",\"url\":\"https:\/\/studiogiochi.com\/\",\"name\":\"studiogiochi\",\"description\":\"35 ANNI DI GIOCHI\",\"potentialAction\":[{\"@type\":\"SearchAction\",\"target\":{\"@type\":\"EntryPoint\",\"urlTemplate\":\"https:\/\/studiogiochi.com\/?s={search_term_string}\"},\"query-input\":{\"@type\":\"PropertyValueSpecification\",\"valueRequired\":true,\"valueName\":\"search_term_string\"}}],\"inLanguage\":\"en-US\"}]}<\/script>\n<!-- \/ Yoast SEO plugin. -->","yoast_head_json":{"title":"Giochi classici - studiogiochi","robots":{"index":"index","follow":"follow","max-snippet":"max-snippet:-1","max-image-preview":"max-image-preview:large","max-video-preview":"max-video-preview:-1"},"canonical":"https:\/\/studiogiochi.com\/en\/enigmistica-su-misura\/giochi-enigmistici\/giochi-classici\/","og_locale":"en_US","og_type":"article","og_title":"Giochi classici - studiogiochi","og_url":"https:\/\/studiogiochi.com\/en\/enigmistica-su-misura\/giochi-enigmistici\/giochi-classici\/","og_site_name":"studiogiochi","article_modified_time":"2024-04-23T07:36:23+00:00","og_image":[{"url":"https:\/\/studiogiochi.com\/files\/studiogiochi.com\/2022\/01\/pdf_icon.jpg","type":"","width":"","height":""}],"twitter_card":"summary_large_image","twitter_misc":{"Est. reading time":"6 minutes"},"schema":{"@context":"https:\/\/schema.org","@graph":[{"@type":"WebPage","@id":"https:\/\/studiogiochi.com\/en\/enigmistica-su-misura\/giochi-enigmistici\/giochi-classici\/","url":"https:\/\/studiogiochi.com\/en\/enigmistica-su-misura\/giochi-enigmistici\/giochi-classici\/","name":"Giochi classici - studiogiochi","isPartOf":{"@id":"https:\/\/studiogiochi.com\/#website"},"primaryImageOfPage":{"@id":"https:\/\/studiogiochi.com\/en\/enigmistica-su-misura\/giochi-enigmistici\/giochi-classici\/#primaryimage"},"image":{"@id":"https:\/\/studiogiochi.com\/en\/enigmistica-su-misura\/giochi-enigmistici\/giochi-classici\/#primaryimage"},"thumbnailUrl":"https:\/\/studiogiochi.com\/files\/studiogiochi.com\/2022\/01\/pdf_icon.jpg","datePublished":"2022-09-26T13:55:10+00:00","dateModified":"2024-04-23T07:36:23+00:00","breadcrumb":{"@id":"https:\/\/studiogiochi.com\/en\/enigmistica-su-misura\/giochi-enigmistici\/giochi-classici\/#breadcrumb"},"inLanguage":"en-US","potentialAction":[{"@type":"ReadAction","target":["https:\/\/studiogiochi.com\/en\/enigmistica-su-misura\/giochi-enigmistici\/giochi-classici\/"]}]},{"@type":"ImageObject","inLanguage":"en-US","@id":"https:\/\/studiogiochi.com\/en\/enigmistica-su-misura\/giochi-enigmistici\/giochi-classici\/#primaryimage","url":"https:\/\/studiogiochi.com\/files\/studiogiochi.com\/2022\/01\/pdf_icon.jpg","contentUrl":"https:\/\/studiogiochi.com\/files\/studiogiochi.com\/2022\/01\/pdf_icon.jpg"},{"@type":"BreadcrumbList","@id":"https:\/\/studiogiochi.com\/en\/enigmistica-su-misura\/giochi-enigmistici\/giochi-classici\/#breadcrumb","itemListElement":[{"@type":"ListItem","position":1,"name":"Home","item":"https:\/\/studiogiochi.com\/en\/"},{"@type":"ListItem","position":2,"name":"Custom-made puzzles","item":"https:\/\/studiogiochi.com\/en\/enigmistica-su-misura\/"},{"@type":"ListItem","position":3,"name":"Giochi enigmistici","item":"https:\/\/studiogiochi.com\/en\/enigmistica-su-misura\/giochi-enigmistici\/"},{"@type":"ListItem","position":4,"name":"Giochi classici"}]},{"@type":"WebSite","@id":"https:\/\/studiogiochi.com\/#website","url":"https:\/\/studiogiochi.com\/","name":"studiogiochi","description":"35 ANNI DI GIOCHI","potentialAction":[{"@type":"SearchAction","target":{"@type":"EntryPoint","urlTemplate":"https:\/\/studiogiochi.com\/?s={search_term_string}"},"query-input":{"@type":"PropertyValueSpecification","valueRequired":true,"valueName":"search_term_string"}}],"inLanguage":"en-US"}]}},"_links":{"self":[{"href":"https:\/\/studiogiochi.com\/en\/wp-json\/wp\/v2\/pages\/71023","targetHints":{"allow":["GET"]}}],"collection":[{"href":"https:\/\/studiogiochi.com\/en\/wp-json\/wp\/v2\/pages"}],"about":[{"href":"https:\/\/studiogiochi.com\/en\/wp-json\/wp\/v2\/types\/page"}],"author":[{"embeddable":true,"href":"https:\/\/studiogiochi.com\/en\/wp-json\/wp\/v2\/users\/9"}],"replies":[{"embeddable":true,"href":"https:\/\/studiogiochi.com\/en\/wp-json\/wp\/v2\/comments?post=71023"}],"version-history":[{"count":1,"href":"https:\/\/studiogiochi.com\/en\/wp-json\/wp\/v2\/pages\/71023\/revisions"}],"predecessor-version":[{"id":71024,"href":"https:\/\/studiogiochi.com\/en\/wp-json\/wp\/v2\/pages\/71023\/revisions\/71024"}],"up":[{"embeddable":true,"href":"https:\/\/studiogiochi.com\/en\/wp-json\/wp\/v2\/pages\/70993"}],"wp:attachment":[{"href":"https:\/\/studiogiochi.com\/en\/wp-json\/wp\/v2\/media?parent=71023"}],"curies":[{"name":"wp","href":"https:\/\/api.w.org\/{rel}","templated":true}]}}