{"id":72602,"date":"2024-11-19T09:40:13","date_gmt":"2024-11-19T08:40:13","guid":{"rendered":"https:\/\/www.studiogiochi.com\/?page_id=72602"},"modified":"2024-11-19T09:41:43","modified_gmt":"2024-11-19T08:41:43","slug":"team-building","status":"publish","type":"page","link":"https:\/\/studiogiochi.com\/en\/attivita\/team-building\/","title":{"rendered":"Team building"},"content":{"rendered":"<div class=\"wpb-content-wrapper\">[vc_row][vc_column width=&#8221;1\/4&#8243; el_class=&#8221;download&#8221;][vc_single_image image=&#8221;3341&#8243; img_size=&#8221;full&#8221;][\/vc_column][vc_column width=&#8221;3\/4&#8243;][vc_single_image image=&#8221;72612&#8243; img_size=&#8221;full&#8221;][vc_column_text]\n<h2 style=\"text-align: center;\">STUDIOGIOCHI TEAM BUILDING<\/h2>\n<h3 style=\"text-align: center;\">Quando il gioco entra in azienda<\/h3>\n[\/vc_column_text][vc_column_text]Sentirsi parte di una squadra passa anche per momenti di divertimento.<\/p>\n<p>Immergersi in una sfida ludica di gruppo favorisce l\u2019affiatamento, la comunicazione e il senso di appartenenza di un team, consente di mettere in campo le abilit\u00e0 di ciascuno in un\u2019atmosfera di svago e leggerezza.<\/p>\n<p>Nei giochi a squadre, ognuno pu\u00f2 collaborare e mettere a disposizione del gruppo i propri punti di forza, imparando allo stesso tempo ad apprezzare quelli dei compagni.<\/p>\n<p>Studiogiochi, con la sua esperienza pi\u00f9 che trentennale nel settore dei giochi, pu\u00f2 offrire attivit\u00e0 di team building coinvolgenti e divertenti, basate su attivit\u00e0 ludiche che richiedono di volta in volta competenze diverse: dall\u2019intuito alla conoscenza, dalla logica alla creativit\u00e0, alla fisicit\u00e0 e cos\u00ec via.<\/p>\n<p>Alcuni giochi possono essere personalizzati, legati cio\u00e8 ad argomenti di interesse aziendale (es. prodotti). Inoltre la modularit\u00e0 delle proposte \u00e8 estremamente flessibile e viene sempre concordata col cliente.<br \/>\n<a href=\"mailto:info@studiogiochi.com\">Contattaci<\/a> per maggiori informazioni.[\/vc_column_text][vc_empty_space height=&#8221;15px&#8221;][vc_media_grid grid_id=&#8221;vc_gid:1732005133019-bca86a7c-512f-9&#8243; include=&#8221;69831,69833,69835&#8243;][vc_column_text]\n<p style=\"text-align: center;\">Team building natalizio organizzato per \u00a0<img decoding=\"async\" class=\"alignnone wp-image-72620\" src=\"https:\/\/studiogiochi.com\/files\/studiogiochi.com\/2024\/11\/Barilla.png\" alt=\"\" width=\"83\" height=\"32\" \/><\/p>\n[\/vc_column_text][\/vc_column][\/vc_row]\n<\/div>","protected":false},"excerpt":{"rendered":"[vc_row][vc_column width=\"1\/4\" el_class=\"download\"][vc_single_image image=\"3341\" img_size=\"full\"][\/vc_column][vc_column width=\"3\/4\"][vc_single_image image=\"72612\" img_size=\"full\"][vc_column_text] STUDIOGIOCHI TEAM BUILDING Quando il gioco entra in azienda [\/vc_column_text][vc_column_text]Sentirsi parte di [...]","protected":false},"author":9,"featured_media":0,"parent":42612,"menu_order":15,"comment_status":"closed","ping_status":"closed","template":"","meta":{"footnotes":""},"class_list":["post-72602","page","type-page","status-publish","hentry"],"yoast_head":"<!-- This site is optimized with the Yoast SEO plugin v27.2 - https:\/\/yoast.com\/product\/yoast-seo-wordpress\/ -->\n<title>Team building - studiogiochi<\/title>\n<meta name=\"robots\" content=\"index, follow, max-snippet:-1, max-image-preview:large, max-video-preview:-1\" \/>\n<link rel=\"canonical\" href=\"https:\/\/studiogiochi.com\/attivita\/team-building\/\" \/>\n<meta property=\"og:locale\" content=\"en_US\" \/>\n<meta property=\"og:type\" content=\"article\" \/>\n<meta property=\"og:title\" content=\"Team building studiogiochi\" \/>\n<meta property=\"og:description\" content=\"Team building studiogiochi\" \/>\n<meta property=\"og:url\" content=\"https:\/\/studiogiochi.com\/attivita\/team-building\/\" \/>\n<meta property=\"og:site_name\" content=\"studiogiochi\" \/>\n<meta property=\"article:modified_time\" content=\"2024-11-19T08:41:43+00:00\" \/>\n<meta property=\"og:image\" content=\"https:\/\/studiogiochi.com\/files\/studiogiochi.com\/2024\/11\/team.jpg\" \/>\n\t<meta property=\"og:image:width\" content=\"1024\" \/>\n\t<meta property=\"og:image:height\" content=\"647\" \/>\n\t<meta property=\"og:image:type\" content=\"image\/jpeg\" \/>\n<meta name=\"twitter:card\" content=\"summary_large_image\" \/>\n<meta name=\"twitter:label1\" content=\"Est. reading time\" \/>\n\t<meta name=\"twitter:data1\" content=\"2 minutes\" \/>\n<script type=\"application\/ld+json\" class=\"yoast-schema-graph\">{\"@context\":\"https:\/\/schema.org\",\"@graph\":[{\"@type\":\"WebPage\",\"@id\":\"https:\/\/studiogiochi.com\/attivita\/team-building\/\",\"url\":\"https:\/\/studiogiochi.com\/attivita\/team-building\/\",\"name\":\"Team building - studiogiochi\",\"isPartOf\":{\"@id\":\"https:\/\/studiogiochi.com\/#website\"},\"primaryImageOfPage\":{\"@id\":\"https:\/\/studiogiochi.com\/attivita\/team-building\/#primaryimage\"},\"image\":{\"@id\":\"https:\/\/studiogiochi.com\/attivita\/team-building\/#primaryimage\"},\"thumbnailUrl\":\"https:\/\/studiogiochi.com\/files\/studiogiochi.com\/2024\/11\/Barilla.png\",\"datePublished\":\"2024-11-19T08:40:13+00:00\",\"dateModified\":\"2024-11-19T08:41:43+00:00\",\"breadcrumb\":{\"@id\":\"https:\/\/studiogiochi.com\/attivita\/team-building\/#breadcrumb\"},\"inLanguage\":\"en-US\",\"potentialAction\":[{\"@type\":\"ReadAction\",\"target\":[\"https:\/\/studiogiochi.com\/attivita\/team-building\/\"]}]},{\"@type\":\"ImageObject\",\"inLanguage\":\"en-US\",\"@id\":\"https:\/\/studiogiochi.com\/attivita\/team-building\/#primaryimage\",\"url\":\"https:\/\/studiogiochi.com\/files\/studiogiochi.com\/2024\/11\/Barilla.png\",\"contentUrl\":\"https:\/\/studiogiochi.com\/files\/studiogiochi.com\/2024\/11\/Barilla.png\"},{\"@type\":\"BreadcrumbList\",\"@id\":\"https:\/\/studiogiochi.com\/attivita\/team-building\/#breadcrumb\",\"itemListElement\":[{\"@type\":\"ListItem\",\"position\":1,\"name\":\"Home\",\"item\":\"https:\/\/studiogiochi.com\/en\/\"},{\"@type\":\"ListItem\",\"position\":2,\"name\":\"Attivit\u00e0\",\"item\":\"https:\/\/studiogiochi.com\/en\/activities\/\"},{\"@type\":\"ListItem\",\"position\":3,\"name\":\"Team building\"}]},{\"@type\":\"WebSite\",\"@id\":\"https:\/\/studiogiochi.com\/#website\",\"url\":\"https:\/\/studiogiochi.com\/\",\"name\":\"studiogiochi\",\"description\":\"35 ANNI DI GIOCHI\",\"potentialAction\":[{\"@type\":\"SearchAction\",\"target\":{\"@type\":\"EntryPoint\",\"urlTemplate\":\"https:\/\/studiogiochi.com\/?s={search_term_string}\"},\"query-input\":{\"@type\":\"PropertyValueSpecification\",\"valueRequired\":true,\"valueName\":\"search_term_string\"}}],\"inLanguage\":\"en-US\"}]}<\/script>\n<!-- \/ Yoast SEO plugin. -->","yoast_head_json":{"title":"Team building - studiogiochi","robots":{"index":"index","follow":"follow","max-snippet":"max-snippet:-1","max-image-preview":"max-image-preview:large","max-video-preview":"max-video-preview:-1"},"canonical":"https:\/\/studiogiochi.com\/attivita\/team-building\/","og_locale":"en_US","og_type":"article","og_title":"Team building studiogiochi","og_description":"Team building studiogiochi","og_url":"https:\/\/studiogiochi.com\/attivita\/team-building\/","og_site_name":"studiogiochi","article_modified_time":"2024-11-19T08:41:43+00:00","og_image":[{"width":1024,"height":647,"url":"https:\/\/studiogiochi.com\/files\/studiogiochi.com\/2024\/11\/team.jpg","type":"image\/jpeg"}],"twitter_card":"summary_large_image","twitter_misc":{"Est. reading time":"2 minutes"},"schema":{"@context":"https:\/\/schema.org","@graph":[{"@type":"WebPage","@id":"https:\/\/studiogiochi.com\/attivita\/team-building\/","url":"https:\/\/studiogiochi.com\/attivita\/team-building\/","name":"Team building - studiogiochi","isPartOf":{"@id":"https:\/\/studiogiochi.com\/#website"},"primaryImageOfPage":{"@id":"https:\/\/studiogiochi.com\/attivita\/team-building\/#primaryimage"},"image":{"@id":"https:\/\/studiogiochi.com\/attivita\/team-building\/#primaryimage"},"thumbnailUrl":"https:\/\/studiogiochi.com\/files\/studiogiochi.com\/2024\/11\/Barilla.png","datePublished":"2024-11-19T08:40:13+00:00","dateModified":"2024-11-19T08:41:43+00:00","breadcrumb":{"@id":"https:\/\/studiogiochi.com\/attivita\/team-building\/#breadcrumb"},"inLanguage":"en-US","potentialAction":[{"@type":"ReadAction","target":["https:\/\/studiogiochi.com\/attivita\/team-building\/"]}]},{"@type":"ImageObject","inLanguage":"en-US","@id":"https:\/\/studiogiochi.com\/attivita\/team-building\/#primaryimage","url":"https:\/\/studiogiochi.com\/files\/studiogiochi.com\/2024\/11\/Barilla.png","contentUrl":"https:\/\/studiogiochi.com\/files\/studiogiochi.com\/2024\/11\/Barilla.png"},{"@type":"BreadcrumbList","@id":"https:\/\/studiogiochi.com\/attivita\/team-building\/#breadcrumb","itemListElement":[{"@type":"ListItem","position":1,"name":"Home","item":"https:\/\/studiogiochi.com\/en\/"},{"@type":"ListItem","position":2,"name":"Attivit\u00e0","item":"https:\/\/studiogiochi.com\/en\/activities\/"},{"@type":"ListItem","position":3,"name":"Team building"}]},{"@type":"WebSite","@id":"https:\/\/studiogiochi.com\/#website","url":"https:\/\/studiogiochi.com\/","name":"studiogiochi","description":"35 ANNI DI GIOCHI","potentialAction":[{"@type":"SearchAction","target":{"@type":"EntryPoint","urlTemplate":"https:\/\/studiogiochi.com\/?s={search_term_string}"},"query-input":{"@type":"PropertyValueSpecification","valueRequired":true,"valueName":"search_term_string"}}],"inLanguage":"en-US"}]}},"_links":{"self":[{"href":"https:\/\/studiogiochi.com\/en\/wp-json\/wp\/v2\/pages\/72602","targetHints":{"allow":["GET"]}}],"collection":[{"href":"https:\/\/studiogiochi.com\/en\/wp-json\/wp\/v2\/pages"}],"about":[{"href":"https:\/\/studiogiochi.com\/en\/wp-json\/wp\/v2\/types\/page"}],"author":[{"embeddable":true,"href":"https:\/\/studiogiochi.com\/en\/wp-json\/wp\/v2\/users\/9"}],"replies":[{"embeddable":true,"href":"https:\/\/studiogiochi.com\/en\/wp-json\/wp\/v2\/comments?post=72602"}],"version-history":[{"count":4,"href":"https:\/\/studiogiochi.com\/en\/wp-json\/wp\/v2\/pages\/72602\/revisions"}],"predecessor-version":[{"id":72624,"href":"https:\/\/studiogiochi.com\/en\/wp-json\/wp\/v2\/pages\/72602\/revisions\/72624"}],"up":[{"embeddable":true,"href":"https:\/\/studiogiochi.com\/en\/wp-json\/wp\/v2\/pages\/42612"}],"wp:attachment":[{"href":"https:\/\/studiogiochi.com\/en\/wp-json\/wp\/v2\/media?parent=72602"}],"curies":[{"name":"wp","href":"https:\/\/api.w.org\/{rel}","templated":true}]}}